{"id":5401,"date":"2018-10-20T19:49:55","date_gmt":"2018-10-20T16:49:55","guid":{"rendered":"https:\/\/www.barefoot-baltics.ee\/product\/aizmugurejas-seglu-somas\/"},"modified":"2021-08-30T16:56:29","modified_gmt":"2021-08-30T13:56:29","slug":"aizmugurejas-seglu-somas","status":"publish","type":"product","link":"https:\/\/www.barefoot-baltics.ee\/lv\/produkts\/aizmugurejas-seglu-somas\/","title":{"rendered":"Aizmugur\u0113j\u0101s seglu somas"},"content":{"rendered":"<p>\u0160\u012bs ir praktiskas aizmugur\u0113j\u0101s seglu somas ar no\u0146emamu vidu. M\u0113s esam p\u0101rliecin\u0101ti, ka esam padom\u0101ju\u0161i par visu &#8211; somas ir apr\u012bkotas ar diviem iztur\u012bgiem pudeles tur\u0113t\u0101jiem, atsevi\u0161\u0137u somi\u0146u ar velcro stiprin\u0101jumu telefonam vai GPS navig\u0101cijai, un gar\u0101m siksn\u0101m, ar kuru pal\u012bdz\u012bbu somas iesp\u0113jams piestiprin\u0101t vairumam seglu mode\u013cu. Divi viegli pieejami, pla\u0161i s\u0101nu nodal\u012bjumi pied\u0101v\u0101 daudz vietas priek\u0161metu un invent\u0101ra uzglab\u0101\u0161anai.<\/p>\n<p>Vid\u0113j\u0101 soma stiprin\u0101s ar velcro, un to var no\u0146emt gad\u012bjumos, kad ir nepiecie\u0161ama maz\u0101ka bag\u0101\u017ea. Zem vidus somas  ir divas papildus siksnas ar spr\u0101dz\u0113m, lai pievienotu segas vai jakas l\u012bdz\u0146em\u0161anai.<\/p>\n<p>Somas ir \u013coti vieglas (1,7 kg). Izgatavotas no 600D neilona un t\u0101m ir poliuret\u0101na p\u0101rkl\u0101jums, kas lieliski piem\u0113rots izmanto\u0161anai \u0101rpus telp\u0101m, pateicoties \u016bdens un net\u012brumu atgr\u016bdo\u0161aj\u0101m \u012bpa\u0161\u012bb\u0101m. Visas somas ir polster\u0113tas, \u0113rti lietojamas, triecieniztur\u012bgas un zirgiem draudz\u012bgas.<\/p>\n<p>S\u0101nu somu izm\u0113ri ir 28 cm x 27,5 cm x 9 cm. Centr\u0101l\u0101s somas izm\u0113rs ir 41 cm x 29 cm x 8 cm.<\/p>\n","protected":false},"excerpt":{"rendered":"<ul>\n<li>\u013boti vieglas (1,7 kg)<\/li>\n<li>No\u0146emama vidusda\u013cas kabata<\/li>\n<li>Materi\u0101ls \u016bdens un net\u012brumus atgr\u016bdo\u0161s<\/li>\n<\/ul>\n","protected":false},"featured_media":954,"template":"","meta":[],"product_brand":[],"product_cat":[874],"product_tag":[837,853,852],"class_list":{"0":"post-5401","1":"product","2":"type-product","3":"status-publish","4":"has-post-thumbnail","6":"product_cat-seglu-piederumi","7":"product_tag-ipasi-erti","8":"product_tag-neilons","9":"product_tag-viegli","10":"product_shipping_class-paku-stacija","11":"pa_colour-bruns","12":"pa_colour-melns","14":"first","15":"onbackorder","16":"shipping-taxable","17":"purchasable","18":"product-type-variable"},"_links":{"self":[{"href":"https:\/\/www.barefoot-baltics.ee\/lv\/wp-json\/wp\/v2\/product\/5401","targetHints":{"allow":["GET"]}}],"collection":[{"href":"https:\/\/www.barefoot-baltics.ee\/lv\/wp-json\/wp\/v2\/product"}],"about":[{"href":"https:\/\/www.barefoot-baltics.ee\/lv\/wp-json\/wp\/v2\/types\/product"}],"wp:featuredmedia":[{"embeddable":true,"href":"https:\/\/www.barefoot-baltics.ee\/lv\/wp-json\/wp\/v2\/media\/954"}],"wp:attachment":[{"href":"https:\/\/www.barefoot-baltics.ee\/lv\/wp-json\/wp\/v2\/media?parent=5401"}],"wp:term":[{"taxonomy":"product_brand","embeddable":true,"href":"https:\/\/www.barefoot-baltics.ee\/lv\/wp-json\/wp\/v2\/product_brand?post=5401"},{"taxonomy":"product_cat","embeddable":true,"href":"https:\/\/www.barefoot-baltics.ee\/lv\/wp-json\/wp\/v2\/product_cat?post=5401"},{"taxonomy":"product_tag","embeddable":true,"href":"https:\/\/www.barefoot-baltics.ee\/lv\/wp-json\/wp\/v2\/product_tag?post=5401"}],"curies":[{"name":"wp","href":"https:\/\/api.w.org\/{rel}","templated":true}]}}