{"id":5381,"date":"2018-10-18T17:29:30","date_gmt":"2018-10-18T14:29:30","guid":{"rendered":"https:\/\/www.barefoot-baltics.ee\/product\/seglu-loks\/"},"modified":"2021-05-03T14:26:00","modified_gmt":"2021-05-03T11:26:00","slug":"seglu-loks","status":"publish","type":"product","link":"https:\/\/www.barefoot-baltics.ee\/lv\/produkts\/seglu-loks\/","title":{"rendered":"Seglu loks"},"content":{"rendered":"<p>Visi Barefoot segli var tikt piel\u0101goti, lai tie atbilstu zirgiem ar da\u017e\u0101du plecu un skausta uzb\u016bvi. Viegli nomain\u0101mi: atver r\u0101v\u0113jsl\u0113dz\u0113ju, nomaini loku, aizver r\u0101v\u0113jsl\u0113dz\u0113ju &#8211; gatavs! Loks ir izgatavots no \u012bpa\u0161a PU sint\u0113tisk\u0101 materi\u0101la. Iek\u0161pus\u0113 iestr\u0101d\u0101tais met\u0101la stienis stabiliz\u0113 loku un nodro\u0161ina pret deform\u0101ciju. Loka elast\u012bgais materi\u0101ls piel\u0101gojas zirga mugurai &#8211; lab\u0101kais komforts, ko zirgs var ieg\u016bt.<\/p>\n<p>M\u016bsu ang\u013cu segli parasti n\u0101k komplekt\u0101 ar vid\u0113j\u0101 izm\u0113ra loku, savuk\u0101rt m\u016bsu vesterna segliem ir platais loks. Ja v\u0113laties uzzin\u0101t, kur\u0161 platums ir piem\u0113rots j\u016bsu zirgam, l\u016bdzu, rakstiet mums uz adresi mailbox@barefoot-baltics.ee. M\u0113s vienm\u0113r esam gatavi pal\u012bdz\u0113t.<\/p>\n<p>Lai viegl\u0101k at\u0161\u0137irtu seglu lokus tiem ir da\u017e\u0101das kr\u0101sas:<\/p>\n<ol>\n<li>\u0160aurs &#8211; b\u0113\u0161s<\/li>\n<li>Vid\u0113js \u2013 pel\u0113ks<\/li>\n<li>Plats &#8211; sarkans<\/li>\n<li>XXL &#8211; zils<\/li>\n<\/ol>\n","protected":false},"excerpt":{"rendered":"<ul>\n<li>Seglu piel\u0101go\u0161anai zirga pleciem<\/li>\n<li>Pal\u012bdz piem\u0113rot seglus da\u017e\u0101diem zirgiem, da\u017e\u0101dos treni\u0146a re\u017e\u012bmos un apst\u0101k\u013cos<\/li>\n<li>DIY, viegli nomain\u012bt<\/li>\n<\/ul>\n","protected":false},"featured_media":883,"template":"","meta":[],"product_brand":[],"product_cat":[874],"product_tag":[818],"class_list":{"0":"post-5381","1":"product","2":"type-product","3":"status-publish","4":"has-post-thumbnail","6":"product_cat-seglu-piederumi","7":"product_tag-regulejams","8":"product_shipping_class-paku-stacija","9":"pa_width-plats","10":"pa_width-saurs","11":"pa_width-videjs","12":"pa_width-xxl-lv","14":"first","15":"instock","16":"shipping-taxable","17":"purchasable","18":"product-type-variable"},"_links":{"self":[{"href":"https:\/\/www.barefoot-baltics.ee\/lv\/wp-json\/wp\/v2\/product\/5381","targetHints":{"allow":["GET"]}}],"collection":[{"href":"https:\/\/www.barefoot-baltics.ee\/lv\/wp-json\/wp\/v2\/product"}],"about":[{"href":"https:\/\/www.barefoot-baltics.ee\/lv\/wp-json\/wp\/v2\/types\/product"}],"wp:featuredmedia":[{"embeddable":true,"href":"https:\/\/www.barefoot-baltics.ee\/lv\/wp-json\/wp\/v2\/media\/883"}],"wp:attachment":[{"href":"https:\/\/www.barefoot-baltics.ee\/lv\/wp-json\/wp\/v2\/media?parent=5381"}],"wp:term":[{"taxonomy":"product_brand","embeddable":true,"href":"https:\/\/www.barefoot-baltics.ee\/lv\/wp-json\/wp\/v2\/product_brand?post=5381"},{"taxonomy":"product_cat","embeddable":true,"href":"https:\/\/www.barefoot-baltics.ee\/lv\/wp-json\/wp\/v2\/product_cat?post=5381"},{"taxonomy":"product_tag","embeddable":true,"href":"https:\/\/www.barefoot-baltics.ee\/lv\/wp-json\/wp\/v2\/product_tag?post=5381"}],"curies":[{"name":"wp","href":"https:\/\/api.w.org\/{rel}","templated":true}]}}