{"id":5378,"date":"2018-10-13T14:07:09","date_gmt":"2018-10-13T11:07:09","guid":{"rendered":"https:\/\/www.barefoot-baltics.ee\/product\/kapslu-siksnu-stiprinajumi-ar-adas-parvalku\/"},"modified":"2019-05-23T07:56:11","modified_gmt":"2019-05-23T04:56:11","slug":"kapslu-siksnu-stiprinajumi-ar-adas-parvalku","status":"publish","type":"product","link":"https:\/\/www.barefoot-baltics.ee\/lv\/produkts\/kapslu-siksnu-stiprinajumi-ar-adas-parvalku\/","title":{"rendered":"K\u0101p\u0161\u013cu siksnu stiprin\u0101jumi (ar \u0101das p\u0101rvalku)"},"content":{"rendered":"<p>Tas ir regul\u0113jams \u0101das k\u0101p\u0161\u013cu siksnu stiprin\u0101jums ar velcro ab\u0101m pus\u0113m un \u0101das p\u0101rvalku. \u012apa\u0161i piem\u0113rots m\u016bsu seglu mode\u013ciem \u201eLaim\u012bg\u0101 ieleja\u201d un \u201eSlinkais kalns\u201d. Stiprin\u0101jums atrodas starp segliem un s\u0113dvietu vai ka\u017eok\u0101du, un to iesp\u0113jams regul\u0113t p\u0113c j\u0101tnieka izv\u0113les.<\/p>\n<p>\u0160is stiprin\u0101jums nav piem\u0113rots vec\u0101kiem Barefoot mode\u013ciem ar fiks\u0113to k\u0101p\u0161\u013cu sist\u0113mu. Pieejams divos platumos:<\/p>\n<ul>\n<li>1 colla ang\u013cu tipa k\u0101p\u0161\u013cu siksn\u0101m<\/li>\n<li>2 collas vesterna tipa k\u0101p\u0161\u013cu siksn\u0101m<\/li>\n<\/ul>\n","protected":false},"excerpt":{"rendered":"<ul>\n<li>Pieejams divos platumos: 1 colla (2,5 cm) un 2 collas (5 cm)<\/li>\n<li>Regul\u0113jams visos virzienos<\/li>\n<li>Ar \u0101das p\u0101rkl\u0101jumu<\/li>\n<\/ul>\n","protected":false},"featured_media":857,"template":"","meta":[],"product_brand":[],"product_cat":[876,874],"product_tag":[851,836,818,869],"class_list":{"0":"post-5378","1":"product","2":"type-product","3":"status-publish","4":"has-post-thumbnail","6":"product_cat-kapsli-un-kapslu-siksnas","7":"product_cat-seglu-piederumi","8":"product_tag-ada","9":"product_tag-anglu","10":"product_tag-regulejams","11":"product_tag-vesterna","12":"product_shipping_class-paku-stacija","13":"pa_version-1-collu","14":"pa_version-2-collu","16":"first","17":"onbackorder","18":"shipping-taxable","19":"purchasable","20":"product-type-variable"},"_links":{"self":[{"href":"https:\/\/www.barefoot-baltics.ee\/lv\/wp-json\/wp\/v2\/product\/5378","targetHints":{"allow":["GET"]}}],"collection":[{"href":"https:\/\/www.barefoot-baltics.ee\/lv\/wp-json\/wp\/v2\/product"}],"about":[{"href":"https:\/\/www.barefoot-baltics.ee\/lv\/wp-json\/wp\/v2\/types\/product"}],"wp:featuredmedia":[{"embeddable":true,"href":"https:\/\/www.barefoot-baltics.ee\/lv\/wp-json\/wp\/v2\/media\/857"}],"wp:attachment":[{"href":"https:\/\/www.barefoot-baltics.ee\/lv\/wp-json\/wp\/v2\/media?parent=5378"}],"wp:term":[{"taxonomy":"product_brand","embeddable":true,"href":"https:\/\/www.barefoot-baltics.ee\/lv\/wp-json\/wp\/v2\/product_brand?post=5378"},{"taxonomy":"product_cat","embeddable":true,"href":"https:\/\/www.barefoot-baltics.ee\/lv\/wp-json\/wp\/v2\/product_cat?post=5378"},{"taxonomy":"product_tag","embeddable":true,"href":"https:\/\/www.barefoot-baltics.ee\/lv\/wp-json\/wp\/v2\/product_tag?post=5378"}],"curies":[{"name":"wp","href":"https:\/\/api.w.org\/{rel}","templated":true}]}}