{"id":5375,"date":"2018-10-20T11:11:21","date_gmt":"2018-10-20T08:11:21","guid":{"rendered":"https:\/\/www.barefoot-baltics.ee\/product\/dekorativais-seglu-rags\/"},"modified":"2019-05-23T07:52:42","modified_gmt":"2019-05-23T04:52:42","slug":"dekorativais-seglu-rags","status":"publish","type":"product","link":"https:\/\/www.barefoot-baltics.ee\/lv\/produkts\/dekorativais-seglu-rags\/","title":{"rendered":"Dekorat\u012bvais seglu rags"},"content":{"rendered":"<p>Tas ir dekorat\u012bvs seglu rags, ko iesp\u0113jams piestiprin\u0101t pie m\u012bkst\u0101 seglu loka. Kalpo k\u0101 ciet\u0101 seglu loka un raga aizvietot\u0101js, pie\u0161\u0137irot segliem v\u0113l liel\u0101ku elast\u012bbu. Tas ir ide\u0101li piem\u0113rots \u013coti j\u016bt\u012bgiem zirgiem vai zirgiem ar \u013coti platu skaustu.<\/p>\n<p>Rags ir piem\u0113rots visiem m\u016bsu vesterna segliem. Dod iesp\u0113ju izmantot m\u012bksto seglu loku nezaud\u0113jot ragu. Nedr\u012bkst aizmirst ka \u0161im ragam ir tikai dekorat\u012bva funkcija. T\u0101p\u0113c ragu nedr\u012bkst p\u0101rm\u0113ru noslogot, piem\u0113ram, sienot pie t\u0101 zirgu. \ud83d\ude42<\/p>\n<p>M\u012bkstais seglu loks tiek p\u0101rdots atsevi\u0161\u0137i.<\/p>\n","protected":false},"excerpt":{"rendered":"<ul>\n<li>Dekorat\u012bvs seglu rags<\/li>\n<li>Stiprin\u0101s ar velcro<\/li>\n<li>Piem\u0113rots m\u012bkstajam seglu lokam<\/li>\n<\/ul>\n","protected":false},"featured_media":914,"template":"","meta":[],"product_brand":[],"product_cat":[874],"product_tag":[851,869],"class_list":{"0":"post-5375","1":"product","2":"type-product","3":"status-publish","4":"has-post-thumbnail","6":"product_cat-seglu-piederumi","7":"product_tag-ada","8":"product_tag-vesterna","9":"product_shipping_class-paku-stacija","10":"pa_colour-bruns","11":"pa_colour-melns","13":"first","14":"onbackorder","15":"shipping-taxable","16":"purchasable","17":"product-type-variable"},"_links":{"self":[{"href":"https:\/\/www.barefoot-baltics.ee\/lv\/wp-json\/wp\/v2\/product\/5375","targetHints":{"allow":["GET"]}}],"collection":[{"href":"https:\/\/www.barefoot-baltics.ee\/lv\/wp-json\/wp\/v2\/product"}],"about":[{"href":"https:\/\/www.barefoot-baltics.ee\/lv\/wp-json\/wp\/v2\/types\/product"}],"wp:featuredmedia":[{"embeddable":true,"href":"https:\/\/www.barefoot-baltics.ee\/lv\/wp-json\/wp\/v2\/media\/914"}],"wp:attachment":[{"href":"https:\/\/www.barefoot-baltics.ee\/lv\/wp-json\/wp\/v2\/media?parent=5375"}],"wp:term":[{"taxonomy":"product_brand","embeddable":true,"href":"https:\/\/www.barefoot-baltics.ee\/lv\/wp-json\/wp\/v2\/product_brand?post=5375"},{"taxonomy":"product_cat","embeddable":true,"href":"https:\/\/www.barefoot-baltics.ee\/lv\/wp-json\/wp\/v2\/product_cat?post=5375"},{"taxonomy":"product_tag","embeddable":true,"href":"https:\/\/www.barefoot-baltics.ee\/lv\/wp-json\/wp\/v2\/product_tag?post=5375"}],"curies":[{"name":"wp","href":"https:\/\/api.w.org\/{rel}","templated":true}]}}