{"id":5372,"date":"2018-10-20T15:34:11","date_gmt":"2018-10-20T12:34:11","guid":{"rendered":"https:\/\/www.barefoot-baltics.ee\/product\/prieksejas-seglu-somas\/"},"modified":"2021-01-19T13:41:34","modified_gmt":"2021-01-19T11:41:34","slug":"prieksejas-seglu-somas","status":"publish","type":"product","link":"https:\/\/www.barefoot-baltics.ee\/lv\/produkts\/prieksejas-seglu-somas\/","title":{"rendered":"Priek\u0161\u0113j\u0101s seglu somas"},"content":{"rendered":"<p>T\u0101s var izmantot ar visiem m\u016bsu seglu mode\u013ciem , ieskaitot tos, kuriem ir rags. Som\u0101m ir \u010detri nodal\u012bjumi, katrs ar sl\u0113ptu r\u0101v\u0113jsl\u0113dz\u0113ju. Daudz vietas svar\u012bg\u0101kajiem priek\u0161metiem un invent\u0101ram.<\/p>\n<p>\u0160\u012bs seglu somas lieliski der Barefoot segliem. M\u0113s esam izveidoju\u0161i \u012bpa\u0161u stiprin\u0101juma sist\u0113mu, kas nodro\u0161ina, ka soma paliek piln\u012bgi dro\u0161a pat strauj\u0101 kust\u012bb\u0101 uz aug\u0161u un uz leju. Soma vid\u016b stiprin\u0101s ar neilona siksnu un spr\u0101dzi. (T\u0101 nav vajadz\u012bga segliem ar ragu.) Aizmugur\u0113 ir divas papildu neilona siksnas, kas nostiprina somas gan horizont\u0101li, gan vertik\u0101li. Velcro siksnu izmanto, lai to piestiprin\u0101tu pie priek\u0161\u0113j\u0101 D gredzena.<\/p>\n<p>\u0160\u012bs seglu somas iesp\u0113jams izmantot ar\u012b ar citu ra\u017eot\u0101ju segliem. Izgatavotas no 600D neilona un tiem ir poliuret\u0101na p\u0101rkl\u0101jums, kas ir ide\u0101li piem\u0113rots izmanto\u0161anai \u0101rpus telp\u0101m &#8211; tas ir \u016bdeni un net\u012brumus atgr\u016bdo\u0161s. \u0160o somu svars ir tikai 440 grami. Izm\u0113ri: 30 cm x 18 cm x 13,5 cm.<\/p>\n<p>L\u016bdzu, nelieciet telefonu seglu som\u0101. Zirgs ar to var aizb\u0113gt. \ud83d\ude42<\/p>\n","protected":false},"excerpt":{"rendered":"<ul>\n<li>\u016adensnecaurlaid\u012bgs un net\u012brumus atgr\u016bdo\u0161s materi\u0101ls<\/li>\n<li>Atjaut\u012bga stiprin\u0101\u0161anas sist\u0113ma<\/li>\n<li>Maza izm\u0113ra, bet liela ietilp\u012bba<\/li>\n<li>Viegli<\/li>\n<\/ul>\n","protected":false},"featured_media":941,"template":"","meta":[],"product_brand":[],"product_cat":[874],"product_tag":[853,852],"class_list":{"0":"post-5372","1":"product","2":"type-product","3":"status-publish","4":"has-post-thumbnail","6":"product_cat-seglu-piederumi","7":"product_tag-neilons","8":"product_tag-viegli","9":"product_shipping_class-paku-stacija","10":"pa_colour-bruns","11":"pa_colour-melns","13":"first","14":"instock","15":"shipping-taxable","16":"purchasable","17":"product-type-variable"},"_links":{"self":[{"href":"https:\/\/www.barefoot-baltics.ee\/lv\/wp-json\/wp\/v2\/product\/5372","targetHints":{"allow":["GET"]}}],"collection":[{"href":"https:\/\/www.barefoot-baltics.ee\/lv\/wp-json\/wp\/v2\/product"}],"about":[{"href":"https:\/\/www.barefoot-baltics.ee\/lv\/wp-json\/wp\/v2\/types\/product"}],"wp:featuredmedia":[{"embeddable":true,"href":"https:\/\/www.barefoot-baltics.ee\/lv\/wp-json\/wp\/v2\/media\/941"}],"wp:attachment":[{"href":"https:\/\/www.barefoot-baltics.ee\/lv\/wp-json\/wp\/v2\/media?parent=5372"}],"wp:term":[{"taxonomy":"product_brand","embeddable":true,"href":"https:\/\/www.barefoot-baltics.ee\/lv\/wp-json\/wp\/v2\/product_brand?post=5372"},{"taxonomy":"product_cat","embeddable":true,"href":"https:\/\/www.barefoot-baltics.ee\/lv\/wp-json\/wp\/v2\/product_cat?post=5372"},{"taxonomy":"product_tag","embeddable":true,"href":"https:\/\/www.barefoot-baltics.ee\/lv\/wp-json\/wp\/v2\/product_tag?post=5372"}],"curies":[{"name":"wp","href":"https:\/\/api.w.org\/{rel}","templated":true}]}}