{"id":5368,"date":"2018-10-06T15:46:58","date_gmt":"2018-10-06T12:46:58","guid":{"rendered":"https:\/\/www.barefoot-baltics.ee\/product\/kapslu-siksnu-stiprinajums\/"},"modified":"2021-08-30T15:52:57","modified_gmt":"2021-08-30T12:52:57","slug":"kapslu-siksnu-stiprinajums","status":"publish","type":"product","link":"https:\/\/www.barefoot-baltics.ee\/lv\/produkts\/kapslu-siksnu-stiprinajums\/","title":{"rendered":"K\u0101p\u0161\u013cu siksnu stiprin\u0101jums"},"content":{"rendered":"<p>Izgatavots no \u0101das, ko var p\u0101rvietot uz priek\u0161u un uz priek\u0161u, pa kreisi un pa labi. Stiprin\u0101s ar velcro. Atrodas starp segliem un s\u0113dvietu \u013caujot regul\u0113t p\u0113c nepiecie\u0161am\u012bbas.<\/p>\n<p>Pieejami tr\u012bs versij\u0101s.<\/p>\n<p>\u0160is stiprin\u0101jums nav piem\u0113rots vec\u0101kiem Barefoot\u00ae mode\u013ciem ar fiks\u0113tu k\u0101p\u0161\u013cu siksnu stiprin\u0101jumu.<\/p>\n","protected":false},"excerpt":{"rendered":"<ul>\n<li>Pieejami divi izm\u0113ri un tr\u012bs varianti<\/li>\n<li>1 colla  \u0161aurai, ang\u013cu \u0101dai<\/li>\n<li>2 collas platiem, vesterna \u0101das<\/li>\n<\/ul>\n","protected":false},"featured_media":803,"template":"","meta":[],"product_brand":[],"product_cat":[876,874],"product_tag":[836,818,869],"class_list":{"0":"post-5368","1":"product","2":"type-product","3":"status-publish","4":"has-post-thumbnail","6":"product_cat-kapsli-un-kapslu-siksnas","7":"product_cat-seglu-piederumi","8":"product_tag-anglu","9":"product_tag-regulejams","10":"product_tag-vesterna","11":"product_shipping_class-paku-stacija","12":"pa_version-1-collu","13":"pa_version-2-collu","14":"pa_version-atverts","16":"first","17":"onbackorder","18":"shipping-taxable","19":"purchasable","20":"product-type-variable"},"_links":{"self":[{"href":"https:\/\/www.barefoot-baltics.ee\/lv\/wp-json\/wp\/v2\/product\/5368","targetHints":{"allow":["GET"]}}],"collection":[{"href":"https:\/\/www.barefoot-baltics.ee\/lv\/wp-json\/wp\/v2\/product"}],"about":[{"href":"https:\/\/www.barefoot-baltics.ee\/lv\/wp-json\/wp\/v2\/types\/product"}],"wp:featuredmedia":[{"embeddable":true,"href":"https:\/\/www.barefoot-baltics.ee\/lv\/wp-json\/wp\/v2\/media\/803"}],"wp:attachment":[{"href":"https:\/\/www.barefoot-baltics.ee\/lv\/wp-json\/wp\/v2\/media?parent=5368"}],"wp:term":[{"taxonomy":"product_brand","embeddable":true,"href":"https:\/\/www.barefoot-baltics.ee\/lv\/wp-json\/wp\/v2\/product_brand?post=5368"},{"taxonomy":"product_cat","embeddable":true,"href":"https:\/\/www.barefoot-baltics.ee\/lv\/wp-json\/wp\/v2\/product_cat?post=5368"},{"taxonomy":"product_tag","embeddable":true,"href":"https:\/\/www.barefoot-baltics.ee\/lv\/wp-json\/wp\/v2\/product_tag?post=5368"}],"curies":[{"name":"wp","href":"https:\/\/api.w.org\/{rel}","templated":true}]}}