{"id":5367,"date":"2018-10-18T16:52:18","date_gmt":"2018-10-18T13:52:18","guid":{"rendered":"https:\/\/www.barefoot-baltics.ee\/product\/seglu-loka-paraugi\/"},"modified":"2019-05-22T19:51:45","modified_gmt":"2019-05-22T16:51:45","slug":"seglu-loka-paraugi","status":"publish","type":"product","link":"https:\/\/www.barefoot-baltics.ee\/lv\/produkts\/seglu-loka-paraugi\/","title":{"rendered":"Seglu loka paraugi"},"content":{"rendered":"<p>\u0160\u012bs ir seglu loku veidnes, ar kuru pal\u012bdz\u012bbu, piemekl\u0113t nepiecie\u0161amo seglu loku j\u016bsu zirgam. Barefoot ang\u013cu tipa segli parasti n\u0101k komplekt\u0101 ar \u201cvid\u0113j\u0101\u201d izm\u0113ra loku  un vesterna segli  ar \u201cplato\u201d loku. Papildus lokus varat ieg\u0101d\u0101ties m\u016bsu veikala.<\/p>\n<p>Ar \u0161o veid\u0146u pal\u012bdz\u012bbu var viegli noteikt, vai seglu loks, ievietots seglos, der\u0113s j\u016bsu zirgam. Pieejamas \u010detri veidi &#8211; t\u0101pat k\u0101 ir \u010detri loku platumi.<\/p>\n<p>Ja m\u0113rot zirga skaustu konstat\u0113jat ka skausta platums ir pa vidu starp diviem izm\u0113riem, m\u0113s iesak\u0101m izv\u0113l\u0113ties plat\u0101ko. Tas nodro\u0161in\u0101s iesp\u0113ju att\u012bst\u012bties zirga muguras musku\u013ciem.<\/p>\n<p>Paraugi izgatavoti no stingra, nolakota kartona.<br \/>\nJ\u016bs varat ar\u012b izmantot m\u016bsu DIY lejupiel\u0101d\u0113jamos paraugus bez maksas.<\/p>\n","protected":false},"excerpt":{"rendered":"<ul>\n<li>\u010cetri izm\u0113ri<\/li>\n<li>Viegli un \u0113rti izmantot<\/li>\n<li>Kr\u0101sas atbilst loka kr\u0101s\u0101m<\/li>\n<\/ul>\n","protected":false},"featured_media":875,"template":"","meta":[],"product_brand":[],"product_cat":[874],"product_tag":[818],"class_list":{"0":"post-5367","1":"product","2":"type-product","3":"status-publish","4":"has-post-thumbnail","6":"product_cat-seglu-piederumi","7":"product_tag-regulejams","8":"product_shipping_class-paku-stacija","10":"first","11":"onbackorder","12":"shipping-taxable","13":"purchasable","14":"product-type-simple"},"_links":{"self":[{"href":"https:\/\/www.barefoot-baltics.ee\/lv\/wp-json\/wp\/v2\/product\/5367","targetHints":{"allow":["GET"]}}],"collection":[{"href":"https:\/\/www.barefoot-baltics.ee\/lv\/wp-json\/wp\/v2\/product"}],"about":[{"href":"https:\/\/www.barefoot-baltics.ee\/lv\/wp-json\/wp\/v2\/types\/product"}],"wp:featuredmedia":[{"embeddable":true,"href":"https:\/\/www.barefoot-baltics.ee\/lv\/wp-json\/wp\/v2\/media\/875"}],"wp:attachment":[{"href":"https:\/\/www.barefoot-baltics.ee\/lv\/wp-json\/wp\/v2\/media?parent=5367"}],"wp:term":[{"taxonomy":"product_brand","embeddable":true,"href":"https:\/\/www.barefoot-baltics.ee\/lv\/wp-json\/wp\/v2\/product_brand?post=5367"},{"taxonomy":"product_cat","embeddable":true,"href":"https:\/\/www.barefoot-baltics.ee\/lv\/wp-json\/wp\/v2\/product_cat?post=5367"},{"taxonomy":"product_tag","embeddable":true,"href":"https:\/\/www.barefoot-baltics.ee\/lv\/wp-json\/wp\/v2\/product_tag?post=5367"}],"curies":[{"name":"wp","href":"https:\/\/api.w.org\/{rel}","templated":true}]}}