{"id":5364,"date":"2018-09-20T09:09:35","date_gmt":"2018-09-20T06:09:35","guid":{"rendered":"https:\/\/www.barefoot-baltics.ee\/product\/sedvietas-spilvens-gurnu-sargs\/"},"modified":"2019-05-22T19:46:46","modified_gmt":"2019-05-22T16:46:46","slug":"sedvietas-spilvens-gurnu-sargs","status":"publish","type":"product","link":"https:\/\/www.barefoot-baltics.ee\/lv\/produkts\/sedvietas-spilvens-gurnu-sargs\/","title":{"rendered":"S\u0113dvietas spilvens \u201cGurnu sargs\u201d"},"content":{"rendered":"<p>\u0160is \u0113rti polster\u0113tais s\u0113dvietas spilvens, ko saucam par \u201cGurnu sargu\u201d, tika izstr\u0101d\u0101ts, lai rad\u012btu j\u0101tniekam \u0161aur\u0101ku s\u0113dvietu, un tas der visiem m\u016bsu seglu mode\u013ciem. M\u016bsu segli piel\u0101gojas zirga muguras formai l\u012bdz ar to, tas \u013cauj j\u0101tniekam lab\u0101k izjust zirga \u0137erme\u0146a kont\u016bras un kust\u012bbas, bet, no otras puses, platiem segliem b\u016bs plat\u0101ka s\u0113dvieta.<\/p>\n<p>\u201eGurnu sargs\u201d ir rad\u012bts, lai smalk\u0101kas uzb\u016bves j\u0101tniekiem rad\u012btu \u0113rtu un dro\u0161u s\u0113dvietas poz\u012bciju.  To var viegli piestiprin\u0101t pie s\u0113dvietas izmantojot velcro stiprin\u0101jumu starp s\u0113dvietu un k\u0101p\u0161\u013cu  stiprin\u0101jumu.<\/p>\n<p>Pieejams divos izm\u0113ros:<br \/>\n1. izm\u0113rs ir 34 cm gar\u0161 un 24 cm plats.<br \/>\n2. izm\u0113rs ir 39 cm gar\u0161 un 24 cm plats.<\/p>\n","protected":false},"excerpt":{"rendered":"<ul>\n<li>Polster\u0113ts seglu spilvens, kas sa\u0161aurina s\u0113dvietu<\/li>\n<li>M\u0101ksl\u012bg\u0101s \u0101das virsma un velcro stiprin\u0101jums<\/li>\n<li>Pieejamie izm\u0113ri 1 un 2<\/li>\n<\/ul>\n","protected":false},"featured_media":618,"template":"","meta":[],"product_brand":[],"product_cat":[874],"product_tag":[837,821],"class_list":{"0":"post-5364","1":"product","2":"type-product","3":"status-publish","4":"has-post-thumbnail","6":"product_cat-seglu-piederumi","7":"product_tag-ipasi-erti","8":"product_tag-maksliga-ada","9":"product_shipping_class-paku-stacija","10":"pa_size-1-lv","11":"pa_size-2-lv","13":"first","14":"instock","15":"shipping-taxable","16":"purchasable","17":"product-type-variable"},"_links":{"self":[{"href":"https:\/\/www.barefoot-baltics.ee\/lv\/wp-json\/wp\/v2\/product\/5364","targetHints":{"allow":["GET"]}}],"collection":[{"href":"https:\/\/www.barefoot-baltics.ee\/lv\/wp-json\/wp\/v2\/product"}],"about":[{"href":"https:\/\/www.barefoot-baltics.ee\/lv\/wp-json\/wp\/v2\/types\/product"}],"wp:featuredmedia":[{"embeddable":true,"href":"https:\/\/www.barefoot-baltics.ee\/lv\/wp-json\/wp\/v2\/media\/618"}],"wp:attachment":[{"href":"https:\/\/www.barefoot-baltics.ee\/lv\/wp-json\/wp\/v2\/media?parent=5364"}],"wp:term":[{"taxonomy":"product_brand","embeddable":true,"href":"https:\/\/www.barefoot-baltics.ee\/lv\/wp-json\/wp\/v2\/product_brand?post=5364"},{"taxonomy":"product_cat","embeddable":true,"href":"https:\/\/www.barefoot-baltics.ee\/lv\/wp-json\/wp\/v2\/product_cat?post=5364"},{"taxonomy":"product_tag","embeddable":true,"href":"https:\/\/www.barefoot-baltics.ee\/lv\/wp-json\/wp\/v2\/product_tag?post=5364"}],"curies":[{"name":"wp","href":"https:\/\/api.w.org\/{rel}","templated":true}]}}