{"id":5360,"date":"2018-10-20T20:06:43","date_gmt":"2018-10-20T17:06:43","guid":{"rendered":"https:\/\/www.barefoot-baltics.ee\/product\/lietus-parvalks-seglu-somam\/"},"modified":"2019-12-01T00:14:43","modified_gmt":"2019-11-30T22:14:43","slug":"lietus-parvalks-seglu-somam","status":"publish","type":"product","link":"https:\/\/www.barefoot-baltics.ee\/lv\/produkts\/lietus-parvalks-seglu-somam\/","title":{"rendered":"Lietus p\u0101rvalks seglu som\u0101m"},"content":{"rendered":"<p>P\u0101rvalks piem\u0113rots visiem m\u016bsu seglu somu mode\u013ciem. Iestr\u0101d\u0101ti atstarot\u0101ji, lai b\u016btu tums\u0101 lab\u0101k paman\u0101mi.<\/p>\n<p>P\u0101rvalks ir sam\u0113r\u0101 liela izm\u0113ra, lai to var\u0113tu izmantot  liel\u0101kajai da\u013cai standarta seglu somu k\u0101  ar\u012b motociklu un velosip\u0113du som\u0101m. Elast\u012bgas malas, kas nodro\u0161ina \u0113rtu, \u016bdensnecaurlaid\u012bgu stiprin\u0101jumu.<\/p>\n","protected":false},"excerpt":{"rendered":"<ul>\n<li>Rad\u012bts seglu som\u0101m<\/li>\n<li>Atstarot\u0101ji papildus dro\u0161\u012bbai<\/li>\n<li>\u016adensnecaurlaid\u012bgs materi\u0101ls<\/li>\n<\/ul>\n","protected":false},"featured_media":958,"template":"","meta":[],"product_brand":[],"product_cat":[874],"product_tag":[838,828],"class_list":{"0":"post-5360","1":"product","2":"type-product","3":"status-publish","4":"has-post-thumbnail","6":"product_cat-seglu-piederumi","7":"product_tag-ipasi-drosi","8":"product_tag-parklajs","9":"product_shipping_class-paku-stacija","11":"first","12":"onbackorder","13":"shipping-taxable","14":"purchasable","15":"product-type-simple"},"_links":{"self":[{"href":"https:\/\/www.barefoot-baltics.ee\/lv\/wp-json\/wp\/v2\/product\/5360","targetHints":{"allow":["GET"]}}],"collection":[{"href":"https:\/\/www.barefoot-baltics.ee\/lv\/wp-json\/wp\/v2\/product"}],"about":[{"href":"https:\/\/www.barefoot-baltics.ee\/lv\/wp-json\/wp\/v2\/types\/product"}],"wp:featuredmedia":[{"embeddable":true,"href":"https:\/\/www.barefoot-baltics.ee\/lv\/wp-json\/wp\/v2\/media\/958"}],"wp:attachment":[{"href":"https:\/\/www.barefoot-baltics.ee\/lv\/wp-json\/wp\/v2\/media?parent=5360"}],"wp:term":[{"taxonomy":"product_brand","embeddable":true,"href":"https:\/\/www.barefoot-baltics.ee\/lv\/wp-json\/wp\/v2\/product_brand?post=5360"},{"taxonomy":"product_cat","embeddable":true,"href":"https:\/\/www.barefoot-baltics.ee\/lv\/wp-json\/wp\/v2\/product_cat?post=5360"},{"taxonomy":"product_tag","embeddable":true,"href":"https:\/\/www.barefoot-baltics.ee\/lv\/wp-json\/wp\/v2\/product_tag?post=5360"}],"curies":[{"name":"wp","href":"https:\/\/api.w.org\/{rel}","templated":true}]}}