{"id":5357,"date":"2018-10-24T10:02:21","date_gmt":"2018-10-24T07:02:21","guid":{"rendered":"https:\/\/www.barefoot-baltics.ee\/product\/seglu-parvalks\/"},"modified":"2025-01-27T13:37:41","modified_gmt":"2025-01-27T11:37:41","slug":"seglu-parvalks","status":"publish","type":"product","link":"https:\/\/www.barefoot-baltics.ee\/lv\/produkts\/seglu-parvalks\/","title":{"rendered":"Seglu p\u0101rvalks"},"content":{"rendered":"<p>Iztur\u012bgs un elast\u012bgs seglu p\u0101rvalks, kas izgatavots no oran\u017ea un melna neilona.<\/p>\n<p>Ang\u013cu variants b\u016bs piem\u0113rots m\u016bsu seglu mode\u013ciem \u201e\u0160aiena\u201d un citiem mode\u013ciem, kuriem nav raga. Vesterna variants atbilst visiem m\u016bsu vesterna segliem tai skait\u0101 ar\u012b modelim &#8220;Atlanta&#8221; utt.<\/p>\n","protected":false},"excerpt":{"rendered":"<ul>\n<li>Ang\u013cu versija paredz\u0113ta segliem bez raga<\/li>\n<li>Vesterna paredz\u0113ta segliem ar ragu<\/li>\n<li>Izgatavots no neilona<\/li>\n<li>\u016adeni atgr\u016bdo\u0161s materi\u0101ls<\/li>\n<\/ul>\n","protected":false},"featured_media":1009,"template":"","meta":[],"product_brand":[],"product_cat":[874],"product_tag":[836,828,869],"class_list":{"0":"post-5357","1":"product","2":"type-product","3":"status-publish","4":"has-post-thumbnail","6":"product_cat-seglu-piederumi","7":"product_tag-anglu","8":"product_tag-parklajs","9":"product_tag-vesterna","10":"product_shipping_class-paku-stacija","11":"pa_saddle-type-anglu","12":"pa_saddle-type-vesterna","14":"first","15":"onbackorder","16":"shipping-taxable","17":"purchasable","18":"product-type-variable"},"_links":{"self":[{"href":"https:\/\/www.barefoot-baltics.ee\/lv\/wp-json\/wp\/v2\/product\/5357","targetHints":{"allow":["GET"]}}],"collection":[{"href":"https:\/\/www.barefoot-baltics.ee\/lv\/wp-json\/wp\/v2\/product"}],"about":[{"href":"https:\/\/www.barefoot-baltics.ee\/lv\/wp-json\/wp\/v2\/types\/product"}],"wp:featuredmedia":[{"embeddable":true,"href":"https:\/\/www.barefoot-baltics.ee\/lv\/wp-json\/wp\/v2\/media\/1009"}],"wp:attachment":[{"href":"https:\/\/www.barefoot-baltics.ee\/lv\/wp-json\/wp\/v2\/media?parent=5357"}],"wp:term":[{"taxonomy":"product_brand","embeddable":true,"href":"https:\/\/www.barefoot-baltics.ee\/lv\/wp-json\/wp\/v2\/product_brand?post=5357"},{"taxonomy":"product_cat","embeddable":true,"href":"https:\/\/www.barefoot-baltics.ee\/lv\/wp-json\/wp\/v2\/product_cat?post=5357"},{"taxonomy":"product_tag","embeddable":true,"href":"https:\/\/www.barefoot-baltics.ee\/lv\/wp-json\/wp\/v2\/product_tag?post=5357"}],"curies":[{"name":"wp","href":"https:\/\/api.w.org\/{rel}","templated":true}]}}