{"id":5351,"date":"2019-03-07T09:13:28","date_gmt":"2019-03-07T07:13:28","guid":{"rendered":"https:\/\/www.barefoot-baltics.ee\/product\/jasanas-paliktnis-fizio-plus\/"},"modified":"2020-07-28T10:50:45","modified_gmt":"2020-07-28T07:50:45","slug":"jasanas-paliktnis-fizio-plus","status":"publish","type":"product","link":"https:\/\/www.barefoot-baltics.ee\/lv\/produkts\/jasanas-paliktnis-fizio-plus\/","title":{"rendered":"J\u0101\u0161anas paliktnis \u201cFizio plus\u201d"},"content":{"rendered":"<p>\u201cFizio plus\u201d ir m\u016bsu lab\u0101kais j\u0101\u0161anas paliktnis. Tas ir izgatavots no \u012bstas aitas vilnas un mikro\u0161\u0137iedras materi\u0101la. Tam ir lieli ce\u013cu bloki, kas atbalsta j\u0101tnieka k\u0101jas, bet paaugstin\u0101t\u0101 s\u0113dvietas aizmugure nodro\u0161ina papildus balstu mugurai. Palikt\u0146a sp\u0101rni izgatavoti no mikro \u0161\u0137iedras materi\u0101la. Apak\u0161puse no m\u0101ksl\u012bg\u0101 kau\u010duka, kas nov\u0113r\u0161 palikt\u0146a sl\u012bd\u0113\u0161anu uz zirga muguras.<\/p>\n<p>Papildus apak\u0161\u0113j\u0101 da\u013c\u0101 ir polster\u0113jums. \u0160im paliktnim ir divi pild\u012bjumu komplekti (viens p\u0101ris no \u0161\u016bnu gumijas un otrs no m\u012bkst\u0101m poliuret\u0101na put\u0101m). Polster\u0113ta apak\u0161\u0113j\u0101 da\u013ca nodro\u0161ina  papildus aizsardz\u012bbu zirga mugurai. Sare\u017e\u0123\u012btu seglu novietojumu var l\u012bdzsvarot, ievietojot pild\u012bjumus, ja nepiecie\u0161ams.<\/p>\n<p>Liel\u0101kajai da\u013cai tirdzniec\u012bb\u0101 eso\u0161o palikt\u0146u stiprin\u0101jumi iet p\u0101ri zirga mugurai, t\u0101dej\u0101di radot papildus spiedienu. M\u016bsu Barefoot paliktnis ir at\u0161\u0137ir\u012bgs! V\u0113derjostas siksnas ir nosl\u0113ptas un izvietotas t\u0101, lai sadal\u012btu spiedienu vienm\u0113r\u012bgi pa visu muguru. <\/p>\n<p>Barefoot \u201cFizio plus\u201d nodro\u0161ina j\u0101tniekam patiesi dro\u0161u s\u0113dvietu. Tas ir stabils, pateicoties nesl\u012bdo\u0161ajai apak\u0161pusei.<\/p>\n<p>\u0160is produkts ir izgatavots no t\u012bras aitas vilnas un mikro\u0161\u0137iedras, kas to padara dz\u012bvniekiem draudz\u012bgu. Palikt\u0146a pamtne ir melna (iz\u0146emot aitas vilnu, kas ir dabisk\u0101 kr\u0101s\u0101). Pieejami divi izm\u0113ri:<\/p>\n<ul>\n<li>Mazs &#8211; garums 51 cm, sp\u0101rnu garums 49 cm<\/li>\n<li>Liels &#8211; garums 59 cm, sp\u0101rnu garums 58 cm<\/li>\n<\/ul>\n<p>\u201eFizio plus\u201d nav piem\u0113rots maz\u0101kiem ponijiem, jo \u200b\u200btam ir gar\u0101ki seglu sp\u0101rni un v\u0113derjostas siksnas. \u0160etlandes ponijiem, m\u0113s iesak\u0101m izmantot b\u0113rnu j\u0101\u0161anas paliktni.<\/p>\n<p>Pirms t\u012br\u012b\u0161anas paliktni j\u0101atbr\u012bvo no zirga apmatojuma un birsto\u0161ajiem net\u012brumiem. Mazg\u0101t aukst\u0101 \u016bden\u012b ar rok\u0101m. P\u0113c mazg\u0101\u0161anas izpurin\u0101t, lai atgrieztu formu. Ne\u017e\u0101v\u0113t pie radiatoriem. <\/p>\n","protected":false},"excerpt":{"rendered":"<ul>\n<li>Divi da\u017e\u0101di pild\u012bjumu komplekti<\/li>\n<li>Piem\u0113rots vec\u0101kiem zirgiem un smag\u0101kiem j\u0101tniekiem<\/li>\n<li>V-veida v\u0113derjostas sist\u0113ma<\/li>\n<li>Nesl\u012bdo\u0161a apak\u0161puse no m\u0101ksl\u012bg\u0101 kau\u010duka<\/li>\n<\/ul>\n","protected":false},"featured_media":1904,"template":"","meta":[],"product_brand":[],"product_cat":[873],"product_tag":[837,870],"class_list":{"0":"post-5351","1":"product","2":"type-product","3":"status-publish","4":"has-post-thumbnail","6":"product_cat-jasanas-paliktni-un-kordojamas-jostas","7":"product_tag-ipasi-erti","8":"product_tag-vilna","9":"product_shipping_class-paku-stacija","10":"pa_size-lielam","11":"pa_size-mazam","13":"first","14":"onbackorder","15":"shipping-taxable","16":"purchasable","17":"product-type-variable"},"_links":{"self":[{"href":"https:\/\/www.barefoot-baltics.ee\/lv\/wp-json\/wp\/v2\/product\/5351","targetHints":{"allow":["GET"]}}],"collection":[{"href":"https:\/\/www.barefoot-baltics.ee\/lv\/wp-json\/wp\/v2\/product"}],"about":[{"href":"https:\/\/www.barefoot-baltics.ee\/lv\/wp-json\/wp\/v2\/types\/product"}],"wp:featuredmedia":[{"embeddable":true,"href":"https:\/\/www.barefoot-baltics.ee\/lv\/wp-json\/wp\/v2\/media\/1904"}],"wp:attachment":[{"href":"https:\/\/www.barefoot-baltics.ee\/lv\/wp-json\/wp\/v2\/media?parent=5351"}],"wp:term":[{"taxonomy":"product_brand","embeddable":true,"href":"https:\/\/www.barefoot-baltics.ee\/lv\/wp-json\/wp\/v2\/product_brand?post=5351"},{"taxonomy":"product_cat","embeddable":true,"href":"https:\/\/www.barefoot-baltics.ee\/lv\/wp-json\/wp\/v2\/product_cat?post=5351"},{"taxonomy":"product_tag","embeddable":true,"href":"https:\/\/www.barefoot-baltics.ee\/lv\/wp-json\/wp\/v2\/product_tag?post=5351"}],"curies":[{"name":"wp","href":"https:\/\/api.w.org\/{rel}","templated":true}]}}