{"id":5346,"date":"2019-03-07T09:40:38","date_gmt":"2019-03-07T07:40:38","guid":{"rendered":"https:\/\/www.barefoot-baltics.ee\/product\/jasanas-paliktnis-fizio-atbalsts\/"},"modified":"2020-11-23T19:20:26","modified_gmt":"2020-11-23T17:20:26","slug":"jasanas-paliktnis-fizio-atbalsts","status":"publish","type":"product","link":"https:\/\/www.barefoot-baltics.ee\/lv\/produkts\/jasanas-paliktnis-fizio-atbalsts\/","title":{"rendered":"J\u0101\u0161anas paliktnis \u201cFizio atbalsts\u201d"},"content":{"rendered":"<p>Tas ir slavenais Barefoot \u201cFizio\u201d anatomiskais paliktnis ar papildus atbalstu j\u0101tniekam. Tam ir lieli ce\u013cu bloki, kas atbalsta j\u0101tnieka k\u0101jas, bet paaugstin\u0101t\u0101 aizmugure atbalsta j\u0101tnieka muguru. Apak\u0161\u0113j\u0101 da\u013ca ir izgatavota no m\u0101ksl\u012bg\u0101 kau\u010duka, lai nov\u0113rstu sl\u012bd\u0113\u0161anu uz zirga muguras.<\/p>\n<p>Papildus apak\u0161\u0113j\u0101 da\u013c\u0101 ir polster\u0113jums. \u0160im paliktnim ir divi pild\u012bjumu komplekti (viens p\u0101ris no \u0161\u016bnu gumijas un otrs no m\u012bkst\u0101m poliuret\u0101na put\u0101m). Polster\u0113ta apak\u0161\u0113j\u0101 da\u013ca nodro\u0161ina  papildus aizsardz\u012bbu zirga mugurai. Sare\u017e\u0123\u012btu seglu novietojumu var l\u012bdzsvarot, ievietojot pild\u012bjumus, ja nepiecie\u0161ams.<\/p>\n<p>Paliktnim nav iesp\u0113jams pielikt k\u0101p\u0161\u013cus, lai izvair\u012btos no spiediena uz zirga muguras musku\u013ciem.<\/p>\n<p>Liel\u0101kajai da\u013cai tirdzniec\u012bb\u0101 eso\u0161o palikt\u0146u stiprin\u0101jumi iet p\u0101ri zirga mugurai, t\u0101dej\u0101di radot papildus spiedienu. M\u016bsu Barefoot paliktnis ir at\u0161\u0137ir\u012bgs! V\u0113derjostas siksnas ir nosl\u0113ptas un izvietotas t\u0101, lai sadal\u012btu spiedienu vienm\u0113r\u012bgi pa visu muguru. <\/p>\n<p>Barefoot \u201cFizio atbalsts\u201d nodro\u0161ina j\u0101tniekam patiesi dro\u0161u s\u0113dvietu. Tas ir stabils, pateicoties nesl\u012bdo\u0161ajai apak\u0161pusei.<\/p>\n<p>\u201eFizio Atbalsts\u201d nav piem\u0113rots maz\u0101kiem ponijiem, jo \u200b\u200btam ir gar\u0101ki seglu sp\u0101rni un v\u0113derjostas siksnas. \u0160etlandes ponijiem, m\u0113s iesak\u0101m izmantot b\u0113rnu j\u0101\u0161anas paliktni.<\/p>\n","protected":false},"excerpt":{"rendered":"<ul>\n<li>Vec\u0101kiem zirgiem un smag\u0101kiem j\u0101tniekiem<\/li>\n<li>V-veida v\u0113derjostas sist\u0113ma<\/li>\n<li>Nesl\u012bdo\u0161a apak\u0161\u0113j\u0101 da\u013ca ar m\u0101ksl\u012bgo gumiju<\/li>\n<li>Dro\u0161\u012bbas rokturis no iztur\u012bga neilona<\/li>\n<li>Divi pild\u012bjumu komplekti<\/li>\n<\/ul>\n","protected":false},"featured_media":1910,"template":"","meta":[],"product_brand":[],"product_cat":[873],"product_tag":[837],"class_list":{"0":"post-5346","1":"product","2":"type-product","3":"status-publish","4":"has-post-thumbnail","6":"product_cat-jasanas-paliktni-un-kordojamas-jostas","7":"product_tag-ipasi-erti","8":"product_shipping_class-paku-stacija","9":"pa_colour-bruns","10":"pa_colour-melns","11":"pa_size-lielam","12":"pa_size-mazam","14":"first","15":"onbackorder","16":"shipping-taxable","17":"purchasable","18":"product-type-variable"},"_links":{"self":[{"href":"https:\/\/www.barefoot-baltics.ee\/lv\/wp-json\/wp\/v2\/product\/5346","targetHints":{"allow":["GET"]}}],"collection":[{"href":"https:\/\/www.barefoot-baltics.ee\/lv\/wp-json\/wp\/v2\/product"}],"about":[{"href":"https:\/\/www.barefoot-baltics.ee\/lv\/wp-json\/wp\/v2\/types\/product"}],"wp:featuredmedia":[{"embeddable":true,"href":"https:\/\/www.barefoot-baltics.ee\/lv\/wp-json\/wp\/v2\/media\/1910"}],"wp:attachment":[{"href":"https:\/\/www.barefoot-baltics.ee\/lv\/wp-json\/wp\/v2\/media?parent=5346"}],"wp:term":[{"taxonomy":"product_brand","embeddable":true,"href":"https:\/\/www.barefoot-baltics.ee\/lv\/wp-json\/wp\/v2\/product_brand?post=5346"},{"taxonomy":"product_cat","embeddable":true,"href":"https:\/\/www.barefoot-baltics.ee\/lv\/wp-json\/wp\/v2\/product_cat?post=5346"},{"taxonomy":"product_tag","embeddable":true,"href":"https:\/\/www.barefoot-baltics.ee\/lv\/wp-json\/wp\/v2\/product_tag?post=5346"}],"curies":[{"name":"wp","href":"https:\/\/api.w.org\/{rel}","templated":true}]}}