{"id":5340,"date":"2018-07-29T12:39:06","date_gmt":"2018-07-29T09:39:06","guid":{"rendered":"https:\/\/www.barefoot-baltics.ee\/product\/jasanas-paliktnis-fizio\/"},"modified":"2025-01-23T08:35:51","modified_gmt":"2025-01-23T06:35:51","slug":"jasanas-paliktnis-fizio","status":"publish","type":"product","link":"https:\/\/www.barefoot-baltics.ee\/lv\/produkts\/jasanas-paliktnis-fizio\/","title":{"rendered":"J\u0101\u0161anas paliktnis \u201cFizio\u201d"},"content":{"rendered":"<p>Barefoot&#8217;s \u201cFizio\u201d ir \u013coti \u0113rts j\u0101\u0161anas paliktnis gan j\u0101tniekam, gan zirgam. \u0160is paliktnis dod iesp\u0113ju izbaud\u012bt izj\u0101di, kas b\u016bs pat\u012bkama gan jums, gan j\u016bsu zirgam.<\/p>\n<p>\u201cFizio\u201d paliktnim ir \u012bpa\u0161a, polster\u0113jama apak\u0161puse. Komplekt\u0101 n\u0101k 2 da\u017e\u0101di pild\u012bjuma varianti (gumijas un m\u012bkstas poliuret\u0101na putas), ko var ievietot palikt\u0146a apak\u0161pus\u0113.<\/p>\n<p>Pild\u012bjums nodro\u0161ina kan\u0101la br\u012bv\u012bbu un papildus zirga muguras aizsardz\u012bbu.<\/p>\n<p>M\u0113s iesak\u0101m m\u016bsu \u201eFizio\u201d j\u0101\u0161anas paliktni:<\/p>\n<ul>\n<li>Vec\u0101kiem zirgiem<\/li>\n<li>Zirgiem ar slikti musku\u013cotu muguru<\/li>\n<li>Smag\u0101kiem j\u0101tniekiem<\/li>\n<li>\u013boti tieviem j\u0101tniekiem<\/li>\n<\/ul>\n<p>Liel\u0101k\u0101 da\u013ca palikt\u0146u ir nedraudz\u012bgi zirgam, jo stiprin\u0101juma siksnas parasti iet p\u0101ri mugurai radot spiedienu uz muguras skrieme\u013ciem.<\/p>\n<p>M\u016bsu paliktnim ir V-veida v\u0113derjostas stiprin\u0101juma sist\u0113ma, kas sadala spiedienu vienm\u0113r\u012bgi pa visu paliktni. \u0160\u012b iemesla d\u0113\u013c nav iesp\u0113jams piestiprin\u0101t k\u0101p\u0161\u013cus, lai nov\u0113rstu nevajadz\u012bgu spiedienu uz zirga muguru.<\/p>\n<p>Paliktnis ir polster\u0113ts ar augsta bl\u012bvuma put\u0101m, kuras izvietotas da\u017e\u0101da biezuma sl\u0101n\u012b. Tas ir \u013coti stabils uz zirga muguras, pateicoties m\u0101ksl\u012bg\u0101s gumijas apak\u0161ai. Virspuse ir izgatavota no mikro\u0161\u0137iedras, kas nodro\u0161ina stabilu sa\u0137eri ar paliktni. Ab\u0101s pus\u0113s v\u0113derjostai ir aitas vilnas polster\u0113jumi, kas nov\u0113r\u0161 iesp\u0113jamo kairin\u0101jumu zirga \u0101dai. Iesak\u0101m paliktnim izmantot Barefoot ait\u0101das v\u0113derjostu.<\/p>\n","protected":false},"excerpt":{"rendered":"<ul>\n<li>Divi da\u017e\u0101di pild\u012bjumu komplekti<\/li>\n<li>Piem\u0113rots ar\u012b vec\u0101kiem zirgiem un smag\u0101kiem j\u0101tniekiem<\/li>\n<li>V-veida v\u0113derjostas sist\u0113ma<\/li>\n<li>Nesl\u012bdo\u0161a apak\u0161puse ar m\u0101ksl\u012bgo gumiju<\/li>\n<li>3 D-gredzeni, lai pievienotu somas<\/li>\n<\/ul>\n","protected":false},"featured_media":464,"template":"","meta":[],"product_brand":[],"product_cat":[873],"product_tag":[855,837,818],"class_list":{"0":"post-5340","1":"product","2":"type-product","3":"status-publish","4":"has-post-thumbnail","6":"product_cat-jasanas-paliktni-un-kordojamas-jostas","7":"product_tag-fizio","8":"product_tag-ipasi-erti","9":"product_tag-regulejams","10":"product_shipping_class-paku-stacija","11":"pa_colour-bruns","12":"pa_colour-juras-zils","13":"pa_colour-melns","14":"pa_colour-roze","15":"pa_colour-zals-lv","17":"first","18":"onbackorder","19":"shipping-taxable","20":"purchasable","21":"product-type-variable"},"_links":{"self":[{"href":"https:\/\/www.barefoot-baltics.ee\/lv\/wp-json\/wp\/v2\/product\/5340","targetHints":{"allow":["GET"]}}],"collection":[{"href":"https:\/\/www.barefoot-baltics.ee\/lv\/wp-json\/wp\/v2\/product"}],"about":[{"href":"https:\/\/www.barefoot-baltics.ee\/lv\/wp-json\/wp\/v2\/types\/product"}],"wp:featuredmedia":[{"embeddable":true,"href":"https:\/\/www.barefoot-baltics.ee\/lv\/wp-json\/wp\/v2\/media\/464"}],"wp:attachment":[{"href":"https:\/\/www.barefoot-baltics.ee\/lv\/wp-json\/wp\/v2\/media?parent=5340"}],"wp:term":[{"taxonomy":"product_brand","embeddable":true,"href":"https:\/\/www.barefoot-baltics.ee\/lv\/wp-json\/wp\/v2\/product_brand?post=5340"},{"taxonomy":"product_cat","embeddable":true,"href":"https:\/\/www.barefoot-baltics.ee\/lv\/wp-json\/wp\/v2\/product_cat?post=5340"},{"taxonomy":"product_tag","embeddable":true,"href":"https:\/\/www.barefoot-baltics.ee\/lv\/wp-json\/wp\/v2\/product_tag?post=5340"}],"curies":[{"name":"wp","href":"https:\/\/api.w.org\/{rel}","templated":true}]}}