{"id":5335,"date":"2019-02-23T12:16:53","date_gmt":"2019-02-23T10:16:53","guid":{"rendered":"https:\/\/www.barefoot-baltics.ee\/product\/terapijas-kordojama-josta-muguras-sargs\/"},"modified":"2023-01-18T19:43:00","modified_gmt":"2023-01-18T17:43:00","slug":"terapijas-kordojama-josta-muguras-sargs","status":"publish","type":"product","link":"https:\/\/www.barefoot-baltics.ee\/lv\/produkts\/terapijas-kordojama-josta-muguras-sargs\/","title":{"rendered":"Terapijas kordojam\u0101 josta \u201eMuguras Sargs\u201d"},"content":{"rendered":"<p>M\u016bsu terapijas josta \u013cauj jums to izmantot gan kordojot, gan izmantot \u0101rstnieciskaj\u0101 vingro\u0161an\u0101 izvairoties no spiediena uz zirga skaustu. <\/p>\n<p>Liel\u0101k\u0101 da\u013ca kordojamo jostu rada spiedienu uz zirga skaustu &#8211; vai nu uz mugurkaula s\u0101niem, vai virspusi. M\u0113s pied\u0101v\u0101jam, ko pavisam at\u0161\u0137ir\u012bgu!<\/p>\n<p>Izmantojot \u201eMuguras Sargs\u201d kordojamo jostu netiek ierobe\u017eota zirga mugura, nav nevajadz\u012bga spiediena uz skaustu. Jostas abas puses da\u013cas ir polster\u0113tas un veidotas \u012bpa\u0161i platas, lai \u013cautu att\u012bst\u012bties zirga muguras muskulat\u016brai.<\/p>\n<p>Rokturi ir anatomiski veidoti, kas nodro\u0161ina dro\u0161u tur\u0113\u0161anu ar\u012b pa\u0161\u0101m maz\u0101kaj\u0101m roci\u0146\u0101m. \u0160\u012b josta piem\u0113rota ar\u012b jauno j\u0101tnieku apm\u0101c\u012bb\u0101. <\/p>\n<p>Rokturus var viegli no\u0146emt un apmain\u012bt pret Barefoot loku bez rokturiem.<\/p>\n<p>Iesp\u0113jams no\u0146emt zem\u0101k eso\u0161os D gredzenus jostas ab\u0101s pus\u0113s, t\u0101dej\u0101di \u013caujot izmantot \u0161o jostu ar\u012b uz \u0161aur\u0101kiem zirgiem.<\/p>\n<p>Pieejami \u0161\u0101di izm\u0113ri.<\/p>\n<p>Garums no skausta l\u012bdz pirmajam v\u0113derjostas caurumam:<\/p>\n<ul>\n<li>Poniju izm\u0113rs &#8211; 55 cm<\/li>\n<li>Zirgu izm\u0113rs &#8211; 65 cm<\/li>\n<\/ul>\n<p>Garums no skausta l\u012bdz p\u0113d\u0113jam v\u0113derjostas caurumam:<\/p>\n<ul>\n<li>Poniju izm\u0113rs &#8211; 69 cm<\/li>\n<li>Zirgu izm\u0113rs &#8211; 85 cm<\/li>\n<\/ul>\n<p>Poniju izm\u0113rs piem\u0113rots visiem ponijiem, kuru skausta augstums ir 115 cm vai liel\u0101ks. Jostu iesp\u0113jams lietot izmantojot jebkuru standarta iej\u0101des v\u0113derjostu.<\/p>\n","protected":false},"excerpt":{"rendered":"<ul>\n<li>Bez spiediena punktiem uz skaustu<\/li>\n<li>Br\u012bv\u012bba skausta rajon\u0101<\/li>\n<li>Anatomiskas formas rokturi<\/li>\n<li>Ies\u0101c\u0113ju apm\u0101c\u012bbai un terapijai<\/li>\n<li>\u012asta \u0101da, m\u012bksts polster\u0113jums<\/li>\n<\/ul>\n","protected":false},"featured_media":1786,"template":"","meta":[],"product_brand":[],"product_cat":[873],"product_tag":[851,837,818],"class_list":{"0":"post-5335","1":"product","2":"type-product","3":"status-publish","4":"has-post-thumbnail","6":"product_cat-jasanas-paliktni-un-kordojamas-jostas","7":"product_tag-ada","8":"product_tag-ipasi-erti","9":"product_tag-regulejams","10":"product_shipping_class-paku-stacija","11":"pa_pommel-insert-plats","12":"pa_pommel-insert-videjs","13":"pa_pommel-insert-xxl-lv","14":"pa_size-ponijiem","15":"pa_size-zirgiem","17":"first","18":"onbackorder","19":"shipping-taxable","20":"purchasable","21":"product-type-variable"},"_links":{"self":[{"href":"https:\/\/www.barefoot-baltics.ee\/lv\/wp-json\/wp\/v2\/product\/5335","targetHints":{"allow":["GET"]}}],"collection":[{"href":"https:\/\/www.barefoot-baltics.ee\/lv\/wp-json\/wp\/v2\/product"}],"about":[{"href":"https:\/\/www.barefoot-baltics.ee\/lv\/wp-json\/wp\/v2\/types\/product"}],"wp:featuredmedia":[{"embeddable":true,"href":"https:\/\/www.barefoot-baltics.ee\/lv\/wp-json\/wp\/v2\/media\/1786"}],"wp:attachment":[{"href":"https:\/\/www.barefoot-baltics.ee\/lv\/wp-json\/wp\/v2\/media?parent=5335"}],"wp:term":[{"taxonomy":"product_brand","embeddable":true,"href":"https:\/\/www.barefoot-baltics.ee\/lv\/wp-json\/wp\/v2\/product_brand?post=5335"},{"taxonomy":"product_cat","embeddable":true,"href":"https:\/\/www.barefoot-baltics.ee\/lv\/wp-json\/wp\/v2\/product_cat?post=5335"},{"taxonomy":"product_tag","embeddable":true,"href":"https:\/\/www.barefoot-baltics.ee\/lv\/wp-json\/wp\/v2\/product_tag?post=5335"}],"curies":[{"name":"wp","href":"https:\/\/api.w.org\/{rel}","templated":true}]}}