{"id":5328,"date":"2019-02-23T11:29:04","date_gmt":"2019-02-23T09:29:04","guid":{"rendered":"https:\/\/www.barefoot-baltics.ee\/product\/kordojama-josta-muguras-sargs\/"},"modified":"2021-11-07T10:56:56","modified_gmt":"2021-11-07T08:56:56","slug":"kordojama-josta-muguras-sargs","status":"publish","type":"product","link":"https:\/\/www.barefoot-baltics.ee\/lv\/produkts\/kordojama-josta-muguras-sargs\/","title":{"rendered":"Kordojam\u0101 josta \u201eMuguras sargs\u201d"},"content":{"rendered":"<p>Barefoot &#8216;Muguras Sargs&#8217; ir inovat\u012bva un zirgiem draudz\u012bga kordojam\u0101 josta. Liel\u0101k\u0101 da\u013ca kordojamo jostu rada spiedienu uz zirga skaustu &#8211; vai nu uz mugurkaula s\u0101niem, vai virspusi. M\u0113s pied\u0101v\u0101jam, ko pavisam at\u0161\u0137ir\u012bgu!<\/p>\n<p>Izmantojot \u201eMuguras Sargs\u201d kordojamo jostu netiek ierobe\u017eota zirga mugura, nav nevajadz\u012bga spiediena uz skaustu. Jostas abas puses da\u013cas ir polster\u0113tas un veidotas \u012bpa\u0161i platas, lai \u013cautu att\u012bst\u012bties zirga muguras muskulat\u016brai.<\/p>\n<p>Jostas ab\u0101s pus\u0113s ir pieci iztur\u012bgi gredzeni, lai var\u0113tu pievienot papildr\u012bkus (piem\u0113ram, s\u0101nu pavadas). Iesp\u0113jams izmantot ar\u012b gar\u0101s vai dubult\u0101s pavadas da\u017e\u0101d\u0101s poz\u012bcij\u0101s. M\u016bsu kordojam\u0101 josta ir izgatavota no \u012bstas, iztur\u012bgas \u0101das, ar m\u012bkstu, regul\u0113jamu apvalku, kas izgatavots no put\u0101m un p\u0101rkl\u0101ts ar zam\u0161\u0101du. Stikla \u0161\u0137iedras loku (izm\u0113rs \u201cvid\u0113jais\u201d) atbilst liel\u0101kajam skausta izm\u0113ram, bet, ja nepiecie\u0161ams, to iesp\u0113jams apmain\u012bt pret cita platuma loku. Jostu iesp\u0113jams izmantot lietojot jebkuru iej\u0101des v\u0113derjostu.<br \/>\nPieejama divos izm\u0113ros: viens izm\u0113rs zirgiem un viens ponijiem:<\/p>\n<p>Garums no skaust\u0101 l\u012bdz pirmajam v\u0113derjostas caurumam:<\/p>\n<ul>\n<li>Poniju izm\u0113rs &#8211; 55 cm<\/li>\n<li>Zirgu izm\u0113rs &#8211; 65 cm<\/li>\n<\/ul>\n<p>Garums no skaust\u0101 l\u012bdz p\u0113d\u0113jam v\u0113derjostas caurumam:<\/p>\n<ul>\n<li>Poniju izm\u0113rs &#8211; 69 cm<\/li>\n<li>Zirgu izm\u0113rs &#8211; 85 cm<\/li>\n<\/ul>\n<p>Poniju izm\u0113ru var izmantot visiem ponijiem, kuru skausta augstums ir 115 cm vai liel\u0101ks.<\/p>\n","protected":false},"excerpt":{"rendered":"<ul>\n<li>Labi polster\u0113ta un \u0113rta zirgam<\/li>\n<li>Bez spiediena uz pleciem<\/li>\n<li>Piel\u0101gojama da\u017e\u0101diem skaustiem<\/li>\n<li>Var izmantot ar jebkuru iej\u0101des v\u0113derjostu<\/li>\n<\/ul>\n","protected":false},"featured_media":1769,"template":"","meta":[],"product_brand":[],"product_cat":[873],"product_tag":[851,837,818],"class_list":{"0":"post-5328","1":"product","2":"type-product","3":"status-publish","4":"has-post-thumbnail","6":"product_cat-jasanas-paliktni-un-kordojamas-jostas","7":"product_tag-ada","8":"product_tag-ipasi-erti","9":"product_tag-regulejams","10":"product_shipping_class-paku-stacija","11":"pa_size-ponijiem","12":"pa_size-zirgiem","14":"first","15":"onbackorder","16":"shipping-taxable","17":"purchasable","18":"product-type-variable"},"_links":{"self":[{"href":"https:\/\/www.barefoot-baltics.ee\/lv\/wp-json\/wp\/v2\/product\/5328","targetHints":{"allow":["GET"]}}],"collection":[{"href":"https:\/\/www.barefoot-baltics.ee\/lv\/wp-json\/wp\/v2\/product"}],"about":[{"href":"https:\/\/www.barefoot-baltics.ee\/lv\/wp-json\/wp\/v2\/types\/product"}],"wp:featuredmedia":[{"embeddable":true,"href":"https:\/\/www.barefoot-baltics.ee\/lv\/wp-json\/wp\/v2\/media\/1769"}],"wp:attachment":[{"href":"https:\/\/www.barefoot-baltics.ee\/lv\/wp-json\/wp\/v2\/media?parent=5328"}],"wp:term":[{"taxonomy":"product_brand","embeddable":true,"href":"https:\/\/www.barefoot-baltics.ee\/lv\/wp-json\/wp\/v2\/product_brand?post=5328"},{"taxonomy":"product_cat","embeddable":true,"href":"https:\/\/www.barefoot-baltics.ee\/lv\/wp-json\/wp\/v2\/product_cat?post=5328"},{"taxonomy":"product_tag","embeddable":true,"href":"https:\/\/www.barefoot-baltics.ee\/lv\/wp-json\/wp\/v2\/product_tag?post=5328"}],"curies":[{"name":"wp","href":"https:\/\/api.w.org\/{rel}","templated":true}]}}