{"id":5327,"date":"2018-07-31T07:12:03","date_gmt":"2018-07-31T04:12:03","guid":{"rendered":"https:\/\/www.barefoot-baltics.ee\/product\/aitas-vilnas-sedvieta-jasanas-paliktnim\/"},"modified":"2019-09-11T12:42:13","modified_gmt":"2019-09-11T09:42:13","slug":"aitas-vilnas-sedvieta-jasanas-paliktnim","status":"publish","type":"product","link":"https:\/\/www.barefoot-baltics.ee\/lv\/produkts\/aitas-vilnas-sedvieta-jasanas-paliktnim\/","title":{"rendered":"Aitas vilnas s\u0113dvieta j\u0101\u0161anas paliktnim"},"content":{"rendered":"<p>\u0160\u012b aitas vilnas s\u0113dvieta dod papildus komfortu un \u0113rtumu j\u016bsu j\u0101\u0161anas paliktnim. Tai ir biezi priek\u0161\u0113jie ce\u013cu bloki, kas nodro\u0161ina stabilu k\u0101jas poz\u012bciju. Aizmugur\u0113 ir augsts un \u0113rts muguras atbalsts, kas sniedz dro\u0161\u012bbas un komforta saj\u016btu j\u0101tniekam.<\/p>\n<p>Izgatavots no 100% aitas vilnas ar nesl\u012bdo\u0161u m\u0101ksl\u012bg\u0101 kau\u010duka apak\u0161da\u013cu.<\/p>\n<p>S\u0113dvieta stiprin\u0101s ar garu velcro siksnu, kas atrodas zem palikt\u0146a. Nelielas papildus atveres s\u0113dvietas priek\u0161\u0101 un aizmugur\u0113, lai var\u0113tu piestiprin\u0101t j\u0101\u0161anas palikt\u0146a gredzenus.<br \/>\n\u0160is produkts ir izgatavots no t\u012bras aitas vilnas. Aitas vilnai piem\u012bt t\u0101das pa\u0161as \u012bpa\u0161\u012bbas k\u0101 ait\u0101dai, ta\u010du ar vienu b\u016btisku at\u0161\u0137ir\u012bbu: aitas vilnu ieg\u016bst sam\u0113r\u0101 vienk\u0101r\u0161\u0101 un praktiski nes\u0101p\u012bg\u0101 veid\u0101, aitu noskujot, bet lai ieg\u016btu ait\u0101du ir aitu j\u0101nogalina. <\/p>\n<p>P\u0113c nosk\u016b\u0161anas ieg\u016bto vilnu uzkl\u0101j uz tekstilmateri\u0101la nes\u0113ja, kas paredz\u0113ts t\u0101l\u0101kai p\u0101rstr\u0101dei. Tas noz\u012bm\u0113, ka ra\u017eo\u0161ana notiek dabai un dz\u012bvniekiem draudz\u012bg\u0101 veid\u0101.<\/p>\n<p>NB! S\u0113dvieta lieliski atbilst m\u016bsu jaun\u0101k\u0101 mode\u013ca j\u0101\u0161anas palikt\u0146iem. Vec\u0101k\u0101m versij\u0101m nav pievienoti gredzeni. Izmantojot \u0161o s\u0113dvietu uz palikt\u0146iem, kuriem nav priek\u0161\u0113jo stiprin\u0101jumu gredzenu tas rada draudus s\u0113dvietas stabilit\u0101tei. S\u0113dvietu var izmantot visiem j\u0101\u0161anas palikt\u0146iem, ja priek\u0161\u0101 ir gredzeni vai citi stiprin\u0101juma veidi.<\/p>\n<p>S\u0113dvietu iesp\u0113jams mazg\u0101t aukst\u0101 \u016bden\u012b, un p\u0113c mazg\u0101\u0161anas sp\u0113c\u012bgi sakrat\u012bt. Bloki un aizmugur\u0113jais polster\u0113jums ir no\u0146emami mazg\u0101\u0161anai.<\/p>\n","protected":false},"excerpt":{"rendered":"<ul>\n<li>Ar ce\u013cu blokiem<\/li>\n<li>Muguras atbalsts<\/li>\n<li>S\u0113dvieta stiprin\u0101s ar velcro siksnu pal\u012bdz\u012bbu<\/li>\n<\/ul>\n","protected":false},"featured_media":1613,"template":"","meta":[],"product_brand":[],"product_cat":[873],"product_tag":[837,870],"class_list":{"0":"post-5327","1":"product","2":"type-product","3":"status-publish","4":"has-post-thumbnail","6":"product_cat-jasanas-paliktni-un-kordojamas-jostas","7":"product_tag-ipasi-erti","8":"product_tag-vilna","9":"product_shipping_class-paku-stacija","11":"first","12":"onbackorder","13":"shipping-taxable","14":"purchasable","15":"product-type-simple"},"_links":{"self":[{"href":"https:\/\/www.barefoot-baltics.ee\/lv\/wp-json\/wp\/v2\/product\/5327","targetHints":{"allow":["GET"]}}],"collection":[{"href":"https:\/\/www.barefoot-baltics.ee\/lv\/wp-json\/wp\/v2\/product"}],"about":[{"href":"https:\/\/www.barefoot-baltics.ee\/lv\/wp-json\/wp\/v2\/types\/product"}],"wp:featuredmedia":[{"embeddable":true,"href":"https:\/\/www.barefoot-baltics.ee\/lv\/wp-json\/wp\/v2\/media\/1613"}],"wp:attachment":[{"href":"https:\/\/www.barefoot-baltics.ee\/lv\/wp-json\/wp\/v2\/media?parent=5327"}],"wp:term":[{"taxonomy":"product_brand","embeddable":true,"href":"https:\/\/www.barefoot-baltics.ee\/lv\/wp-json\/wp\/v2\/product_brand?post=5327"},{"taxonomy":"product_cat","embeddable":true,"href":"https:\/\/www.barefoot-baltics.ee\/lv\/wp-json\/wp\/v2\/product_cat?post=5327"},{"taxonomy":"product_tag","embeddable":true,"href":"https:\/\/www.barefoot-baltics.ee\/lv\/wp-json\/wp\/v2\/product_tag?post=5327"}],"curies":[{"name":"wp","href":"https:\/\/api.w.org\/{rel}","templated":true}]}}