{"id":5326,"date":"2018-07-29T12:01:18","date_gmt":"2018-07-29T09:01:18","guid":{"rendered":"https:\/\/www.barefoot-baltics.ee\/product\/jasanas-paliktnis-berniem\/"},"modified":"2025-01-23T08:35:32","modified_gmt":"2025-01-23T06:35:32","slug":"jasanas-paliktnis-berniem","status":"publish","type":"product","link":"https:\/\/www.barefoot-baltics.ee\/lv\/produkts\/jasanas-paliktnis-berniem\/","title":{"rendered":"J\u0101\u0161anas paliktnis b\u0113rniem"},"content":{"rendered":"<p>Paliktnis ir komfortabls gan j\u016bsu b\u0113rnam, gan ponijam. Liel\u0101k\u0101 da\u013ca palikt\u0146u ir nedraudz\u012bgi zirgam, jo stiprin\u0101juma siksnas parasti iet p\u0101ri mugurai radot spiedienu uz muguras skrieme\u013ciem.<\/p>\n<p>M\u016bsu paliktnim ir V-veida v\u0113derjostas stiprin\u0101juma sist\u0113ma, kas sadala spiedienu vienm\u0113r\u012bgi pa visu paliktni. \u0160\u012b iemesla d\u0113\u013c nav iesp\u0113jams piestiprin\u0101t k\u0101p\u0161\u013cus, lai nov\u0113rstu nevajadz\u012bgu spiedienu uz zirga muguru.<\/p>\n<p>Paliktnis ir polster\u0113ts ar augsta bl\u012bvuma put\u0101m, kuras izvietotas da\u017e\u0101da biezuma sl\u0101n\u012b. Tas ir \u013coti stabils uz zirga muguras, pateicoties m\u0101ksl\u012bg\u0101s gumijas apak\u0161ai. Virspuse ir izgatavota no mikro\u0161\u0137iedras, kas nodro\u0161ina stabilu sa\u0137eri ar paliktni. Ab\u0101s pus\u0113s v\u0113derjostai ir aitas vilnas polster\u0113jumi, kas nov\u0113r\u0161 iesp\u0113jamo kairin\u0101jumu zirga \u0101dai. Iesak\u0101m paliktnim izmantot Barefoot ait\u0101das v\u0113derjostu.<\/p>\n<p>Paredz\u0113ts b\u0113rniem no 104-140 cm.<\/p>\n","protected":false},"excerpt":{"rendered":"<ul>\n<li>\u012apa\u0161i piem\u0113rots b\u0113rniem<\/li>\n<li>V-veida v\u0113derjostas sist\u0113ma<\/li>\n<li>Nesl\u012bdo\u0161a apak\u0161\u0113j\u0101 da\u013ca no m\u0101ksl\u012bg\u0101s gumijas<\/li>\n<li>3 D-gredzeni, lai pievienotu somas<\/li>\n<li>Dro\u0161\u012bbas rokturis veidots no iztur\u012bga neilona<\/li>\n<\/ul>\n","protected":false},"featured_media":445,"template":"","meta":[],"product_brand":[],"product_cat":[873],"product_tag":[842],"class_list":{"0":"post-5326","1":"product","2":"type-product","3":"status-publish","4":"has-post-thumbnail","6":"product_cat-jasanas-paliktni-un-kordojamas-jostas","7":"product_tag-berniem","8":"product_shipping_class-paku-stacija","10":"first","11":"onbackorder","12":"shipping-taxable","13":"purchasable","14":"product-type-simple"},"_links":{"self":[{"href":"https:\/\/www.barefoot-baltics.ee\/lv\/wp-json\/wp\/v2\/product\/5326","targetHints":{"allow":["GET"]}}],"collection":[{"href":"https:\/\/www.barefoot-baltics.ee\/lv\/wp-json\/wp\/v2\/product"}],"about":[{"href":"https:\/\/www.barefoot-baltics.ee\/lv\/wp-json\/wp\/v2\/types\/product"}],"wp:featuredmedia":[{"embeddable":true,"href":"https:\/\/www.barefoot-baltics.ee\/lv\/wp-json\/wp\/v2\/media\/445"}],"wp:attachment":[{"href":"https:\/\/www.barefoot-baltics.ee\/lv\/wp-json\/wp\/v2\/media?parent=5326"}],"wp:term":[{"taxonomy":"product_brand","embeddable":true,"href":"https:\/\/www.barefoot-baltics.ee\/lv\/wp-json\/wp\/v2\/product_brand?post=5326"},{"taxonomy":"product_cat","embeddable":true,"href":"https:\/\/www.barefoot-baltics.ee\/lv\/wp-json\/wp\/v2\/product_cat?post=5326"},{"taxonomy":"product_tag","embeddable":true,"href":"https:\/\/www.barefoot-baltics.ee\/lv\/wp-json\/wp\/v2\/product_tag?post=5326"}],"curies":[{"name":"wp","href":"https:\/\/api.w.org\/{rel}","templated":true}]}}