{"id":5324,"date":"2019-02-27T16:11:12","date_gmt":"2019-02-27T14:11:12","guid":{"rendered":"https:\/\/www.barefoot-baltics.ee\/product\/kordosanas-paliktnis\/"},"modified":"2023-02-06T10:05:14","modified_gmt":"2023-02-06T08:05:14","slug":"kordosanas-paliktnis","status":"publish","type":"product","link":"https:\/\/www.barefoot-baltics.ee\/lv\/produkts\/kordosanas-paliktnis\/","title":{"rendered":"Kordo\u0161anas paliktnis"},"content":{"rendered":"<p>Paliktnis Barefoot kordo\u0161anas jostai. Sast\u0101v no div\u0101m da\u013c\u0101m un nostiprin\u0101ms ar velcro siksn\u0101m, lai nov\u0113rstu sl\u012bd\u0113\u0161anu.<\/p>\n<p>Dal\u012btie palikt\u0146i nodro\u0161ina br\u012bv\u012bbu skausta rajon\u0101 un netrauc\u0113 muguras kust\u012bb\u0101m. Palikt\u0146u apak\u0161\u0113j\u0101 da\u013ca ir izgatavota no filca. Virspuse  izgatavota no mikro\u0161\u0137iedras. Iek\u0161\u0113jais putu pild\u012bjums  aptuveni 25 mm biezs.<\/p>\n<p>Paliktnis ir meln\u0101 kr\u0101s\u0101 t\u0101pat k\u0101 kordojam\u0101 josta.<\/p>\n","protected":false},"excerpt":{"rendered":"<ul>\n<li>Paliktnis kordojamai jostai<\/li>\n<li>Sast\u0101v no div\u0101m da\u013c\u0101m<\/li>\n<li>Nov\u0113r\u0161 spiedienu uz skaustu<\/li>\n<\/ul>\n","protected":false},"featured_media":1795,"template":"","meta":[],"product_brand":[],"product_cat":[873],"product_tag":[837],"class_list":{"0":"post-5324","1":"product","2":"type-product","3":"status-publish","4":"has-post-thumbnail","6":"product_cat-jasanas-paliktni-un-kordojamas-jostas","7":"product_tag-ipasi-erti","8":"product_shipping_class-paku-stacija","10":"first","11":"onbackorder","12":"shipping-taxable","13":"purchasable","14":"product-type-simple"},"_links":{"self":[{"href":"https:\/\/www.barefoot-baltics.ee\/lv\/wp-json\/wp\/v2\/product\/5324","targetHints":{"allow":["GET"]}}],"collection":[{"href":"https:\/\/www.barefoot-baltics.ee\/lv\/wp-json\/wp\/v2\/product"}],"about":[{"href":"https:\/\/www.barefoot-baltics.ee\/lv\/wp-json\/wp\/v2\/types\/product"}],"wp:featuredmedia":[{"embeddable":true,"href":"https:\/\/www.barefoot-baltics.ee\/lv\/wp-json\/wp\/v2\/media\/1795"}],"wp:attachment":[{"href":"https:\/\/www.barefoot-baltics.ee\/lv\/wp-json\/wp\/v2\/media?parent=5324"}],"wp:term":[{"taxonomy":"product_brand","embeddable":true,"href":"https:\/\/www.barefoot-baltics.ee\/lv\/wp-json\/wp\/v2\/product_brand?post=5324"},{"taxonomy":"product_cat","embeddable":true,"href":"https:\/\/www.barefoot-baltics.ee\/lv\/wp-json\/wp\/v2\/product_cat?post=5324"},{"taxonomy":"product_tag","embeddable":true,"href":"https:\/\/www.barefoot-baltics.ee\/lv\/wp-json\/wp\/v2\/product_tag?post=5324"}],"curies":[{"name":"wp","href":"https:\/\/api.w.org\/{rel}","templated":true}]}}