{"id":5315,"date":"2018-10-29T10:36:48","date_gmt":"2018-10-29T08:36:48","guid":{"rendered":"https:\/\/www.barefoot-baltics.ee\/product\/pargajiena-seglu-paliktnis-fizio\/"},"modified":"2019-05-21T19:50:11","modified_gmt":"2019-05-21T16:50:11","slug":"pargajiena-seglu-paliktnis-fizio","status":"publish","type":"product","link":"https:\/\/www.barefoot-baltics.ee\/lv\/produkts\/pargajiena-seglu-paliktnis-fizio\/","title":{"rendered":"P\u0101rg\u0101jiena seglu paliktnis \u201cFizio\u201d"},"content":{"rendered":"<p>\u0160is paliktnis ir 2-1. J\u016bs varat to izmantot k\u0101 standarta \u201eFizio\u201d seglu paliktni, ja no\u0146emat aizmugur\u0113jo som\u0101m paredz\u0113to m\u012bkstin\u0101juma da\u013cu. Un dodoties p\u0101rg\u0101jien\u0101, iesp\u0113jams izmantot pilno palikt\u0146a garumu, lai padar\u012btu bag\u0101\u017eas ne\u0161anu \u0113rt\u0101ku j\u016bsu zirgam. Paliktnis ietver divus p\u0101rus pild\u012bjuma &#8211; no poliuret\u0101na put\u0101m un gumijas -, lai j\u016bs var\u0113tu to prec\u012bzi piel\u0101got zirga muguras formai. Neko v\u0113l \u0113rt\u0101ku nav iesp\u0113jams izdom\u0101t!<\/p>\n<p>Palikt\u0146a iek\u0161pus\u0113 atrodas papildus pild\u012bjums, izkl\u0101ts ar \u012bstu aitas vilnu, kas aizsarg\u0101 zirga muguru no berzes. Pateicoties velcro stiprin\u0101jumiem, to var viegli un \u0101tri no\u0146emt, ja nev\u0113laties to izmantot ikdien\u0101. \u0160\u0101d\u0101 veid\u0101 j\u016bs ieg\u016bstat divus seglu palikt\u0146us par viena cenu. \u0160o paliktni var izmantot kop\u0101 ar visiem Barefoot segliem, k\u0101 ar\u012b iesp\u0113jams lietot ar citu ra\u017eot\u0101ju segliem. Veidots, lai tas atbilstu zirga mugurai un nodro\u0161in\u0101tu spiediena sadal\u012bjumu un absorbciju.<\/p>\n<p>\u0160\u012b sist\u0113ma nodro\u0161ina brivo telpu virs muguras skrieme\u013ciem un sast\u0101v no div\u0101m da\u013c\u0101m, kas absorb\u0113 spiedienu un ir dro\u0161i savienotas ar velcro sist\u0113mu.<\/p>\n<p>\u2022 Apak\u0161\u0113j\u0101 da\u013ca ir anatomiskas formas, sast\u0101v no vat\u0113tas kokvilnas, kas aug\u0161stilba rajon\u0101 veidota plan\u0101ka, lai ieg\u016btu lab\u0101ku kontaktu ar zirgu. Spiediena absorb\u0113jo\u0161os putu ielikt\u0146us iesp\u0113jams iz\u0146emt, izmantojot  velcro. 2\/3 no palikt\u0146a apak\u0161\u0113j\u0101s da\u013cas p\u0101rkl\u0101tas ar m\u0101ksl\u012bgo gumiju un stabiliz\u0113s seglus pat \u013coti apa\u013ciem zirgiem &#8211; aizmugur\u0113j\u0101 1\/3 ir izkl\u0101ta ar dab\u012bgo aitas vilnu, lai aizsarg\u0101tu \u0161o jut\u012bgo zonu. Aitas vilna piegu\u013c zirga mugurai un t\u0101dej\u0101di nov\u0113r\u0161 iesp\u0113jamo berzi. Papildus polster\u0113jums priek\u0161\u0113j\u0101 da\u013c\u0101 nodro\u0161ina komfortu zirga pleciem.<br \/>\n\u2022 Palikt\u0146a virspuse ir izgatavota no vat\u0113tas kokvilnas vai mikro\u0161\u0137iedras auduma ar fl\u012bsa apak\u0161\u0113jo da\u013cu, un virspuse p\u0101rkl\u0101ta ar m\u0101ksl\u012bg\u0101s gumijas sl\u0101ni (notur seglus viet\u0101, nodro\u0161ina spiediena absorbciju un gaisa cirkul\u0101ciju). Velcro siksnas, lai piestiprin\u0101tu paliktni.<\/p>\n<p>\u201cFizio\u201d paliktnis ir pieejams divos da\u017e\u0101dos variantos: viens segliem ar \u012bsajiem sp\u0101\u0157niem (liel\u0101k\u0101 da\u013ca vesterna seglu) un viens &#8211; segliem ar gar\u0101kiem sp\u0101rniem (vair\u0101kums ang\u013cu seglu). Ang\u013cu versija ir piem\u0113rota t\u0101diem seglu mode\u013ciem, k\u0101 piem\u0113ram, &#8220;Berideila&#8221;, &#8220;Londona&#8221;, &#8220;Leksingtona&#8221;, &#8220;\u010caijene&#8221;, &#8220;\u010ciroki&#8221;, &#8220;Notingama&#8221;, &#8220;Nevada&#8221;, &#8220;Madride&#8221;. Paliktnis ir melns, un virspus\u0113 ir vat\u0113ta kokvilna. Vesterna versija ir paredz\u0113ta t\u0101diem segliem  k\u0101 &#8220;Atlanta&#8221;, &#8220;Arizona&#8221;, &#8220;Laim\u012bg\u0101 ieleja&#8221;, &#8220;Slinkais Kalns&#8221;, &#8220;Misoulas Rieksts&#8221;, &#8220;Vird\u017e\u012bnijas Roze&#8221;. Paliktnis ir br\u016bns ar br\u016bnu mikro\u0161\u0137iedras apdari.<\/p>\n","protected":false},"excerpt":{"rendered":"<ul>\n<li>\u0112rts gan zirgam, gan j\u0101tniekam ilgsto\u0161os p\u0101rg\u0101jienos<\/li>\n<li>Polster\u0113jums ar\u012b seglu somu vietai (no\u0146emams)<\/li>\n<li>Anatomiski veidots un piel\u0101gojams katram zirgam<\/li>\n<li>Nesl\u012bdo\u0161a apak\u0161\u0113j\u0101 da\u013ca<\/li>\n<li>Ietver divus p\u0101rus pild\u012bjuma<\/li>\n<\/ul>\n","protected":false},"featured_media":1159,"template":"","meta":[],"product_brand":[],"product_cat":[872],"product_tag":[836,855,837,818,869],"class_list":{"0":"post-5315","1":"product","2":"type-product","3":"status-publish","4":"has-post-thumbnail","6":"product_cat-seglu-paliktni","7":"product_tag-anglu","8":"product_tag-fizio","9":"product_tag-ipasi-erti","10":"product_tag-regulejams","11":"product_tag-vesterna","12":"product_shipping_class-paku-stacija","13":"pa_version-anglu","14":"pa_version-vesterna","16":"first","17":"onbackorder","18":"shipping-taxable","19":"purchasable","20":"product-type-variable"},"_links":{"self":[{"href":"https:\/\/www.barefoot-baltics.ee\/lv\/wp-json\/wp\/v2\/product\/5315","targetHints":{"allow":["GET"]}}],"collection":[{"href":"https:\/\/www.barefoot-baltics.ee\/lv\/wp-json\/wp\/v2\/product"}],"about":[{"href":"https:\/\/www.barefoot-baltics.ee\/lv\/wp-json\/wp\/v2\/types\/product"}],"wp:featuredmedia":[{"embeddable":true,"href":"https:\/\/www.barefoot-baltics.ee\/lv\/wp-json\/wp\/v2\/media\/1159"}],"wp:attachment":[{"href":"https:\/\/www.barefoot-baltics.ee\/lv\/wp-json\/wp\/v2\/media?parent=5315"}],"wp:term":[{"taxonomy":"product_brand","embeddable":true,"href":"https:\/\/www.barefoot-baltics.ee\/lv\/wp-json\/wp\/v2\/product_brand?post=5315"},{"taxonomy":"product_cat","embeddable":true,"href":"https:\/\/www.barefoot-baltics.ee\/lv\/wp-json\/wp\/v2\/product_cat?post=5315"},{"taxonomy":"product_tag","embeddable":true,"href":"https:\/\/www.barefoot-baltics.ee\/lv\/wp-json\/wp\/v2\/product_tag?post=5315"}],"curies":[{"name":"wp","href":"https:\/\/api.w.org\/{rel}","templated":true}]}}