{"id":5284,"date":"2018-10-27T19:20:34","date_gmt":"2018-10-27T16:20:34","guid":{"rendered":"https:\/\/www.barefoot-baltics.ee\/product\/seglu-paliktnis-fizio\/"},"modified":"2022-10-17T20:14:47","modified_gmt":"2022-10-17T17:14:47","slug":"seglu-paliktnis-fizio","status":"publish","type":"product","link":"https:\/\/www.barefoot-baltics.ee\/lv\/produkts\/seglu-paliktnis-fizio\/","title":{"rendered":"Seglu paliktnis \u201eFizio\u201d"},"content":{"rendered":"<p>Barefoot &#8216;Fizio&#8217; iesp\u0113jams ir lab\u0101kais seglu paliktnis, kas veidots tie\u0161i zirga komfortam. Rad\u012bts izmanto\u0161anai ilgsto\u0161os p\u0101rg\u0101jienos, smag\u0101kiem j\u0101tniekiem, apa\u013ciem zirgiem, kuriem  segli m\u0113dz sl\u012bd\u0113t, k\u0101 ar\u012b zirgiem ar muguras probl\u0113m\u0101m. Visi \u201eFizio\u201d palikt\u0146i ir veidoti t\u0101, lai tie atbilstu zirga mugurai, un nodro\u0161in\u0101tu spiediena absorbciju un vienm\u0113r\u012bgu sadali. \u0160\u012b sist\u0113ma nodro\u0161ina brivo telpu virs muguras skrieme\u013ciem un sast\u0101v no div\u0101m da\u013c\u0101m, kas absorb\u0113 spiedienu un ir dro\u0161i savienotas ar velcro sist\u0113mu.<\/p>\n<p>Seglu palikt\u0146a apak\u0161\u0113jai da\u013cai ir anatomiska forma un t\u0101 ir izgatavota no vat\u0113tas kokvilnas, ar pl\u0101n\u0101ku pild\u012bjumu zem j\u0101tnieka k\u0101j\u0101m, lai nodro\u0161in\u0101tu lab\u0101ku kontaktu ar zirgu. Spiedienu absorb\u0113jo\u0161os putu ielikt\u0146us iesp\u0113jams viegli iz\u0146emt izmantojot velcro. Divas tre\u0161da\u013cas no palikt\u0146a apak\u0161as ir izgatavotas no m\u0101ksl\u012bg\u0101 kau\u010duka, un tas pal\u012bdz stabiliz\u0113t seglus pat uz \u013coti apa\u013ciem zirgiem. Atlikus\u012b tre\u0161da\u013ca palikt\u0146a aizmugur\u0113 ir izgatavota no \u012bstas aitas vilnas, lai aizsarg\u0101tu \u0161o jut\u012bgo zonu. Aitas vilna piek\u013caujas zirga mugurai nov\u0113r\u0161ot iesp\u0113jamo berzi zem palikt\u0146a.<\/p>\n<p>Palikt\u0146a virs\u0113jais sl\u0101nis ir izgatavots no vat\u0113tas kokvilnas ar filca pild\u012bjumu, kas p\u0101rkl\u0101ta ar putu sl\u0101ni.  Segli tiek fiks\u0113ti pareiz\u0101 poz\u012bcij\u0101, l\u012bdz ar to nodro\u0161inot papildus spiediena absorbciju. Velcro siksnas stiprin\u0101s pie  seglu D gredzeniem. \u201eFizio\u201d paliktnis ir mazg\u0101jams ve\u013cas ma\u0161\u012bn\u0101 30 gr\u0101du temperat\u016br\u0101.<\/p>\n<p>Pieejamas da\u017e\u0101das formas un kr\u0101sas visiem m\u016bsu Barefoot seglu mode\u013ciem.<\/p>\n","protected":false},"excerpt":{"rendered":"<ul>\n<li>Lab\u0101kais paliktnis zirgam<\/li>\n<li>Absorb\u0113 un sadala spiedienu<\/li>\n<li>M\u0101ksl\u012bg\u0101s gumijas apak\u0161puse nov\u0113r\u0161 palikt\u0146a sl\u012bd\u0113\u0161anu<\/li>\n<li>Komplekt\u0101 ietilpst divi p\u0101ri ar pild\u012bjumu<\/li>\n<li>Pieejamas da\u017e\u0101das formas un kr\u0101sas<\/li>\n<\/ul>\n","protected":false},"featured_media":3360,"template":"","meta":[],"product_brand":[],"product_cat":[872],"product_tag":[855,837,818],"class_list":{"0":"post-5284","1":"product","2":"type-product","3":"status-publish","4":"has-post-thumbnail","6":"product_cat-seglu-paliktni","7":"product_tag-fizio","8":"product_tag-ipasi-erti","9":"product_tag-regulejams","10":"product_shipping_class-paku-stacija","11":"pa_colour-bruns","12":"pa_colour-melns","13":"pa_your-saddle-arizona-lv","14":"pa_your-saddle-atlanta-lv","15":"pa_your-saddle-berideila","16":"pa_your-saddle-ciroki","17":"pa_your-saddle-ciroki-klasika","18":"pa_your-saddle-laimiga-ieleja","19":"pa_your-saddle-leksingtona","20":"pa_your-saddle-londona","21":"pa_your-saddle-madride","22":"pa_your-saddle-merlina","23":"pa_your-saddle-misoulas-rieksts","24":"pa_your-saddle-nevada-lv","25":"pa_your-saddle-notingema","26":"pa_your-saddle-pastaiga","27":"pa_your-saddle-saiena","28":"pa_your-saddle-slinkais-kalns","29":"pa_your-saddle-vienkarsi-pielagot","30":"pa_your-saddle-virdzinijas-roze","32":"first","33":"onbackorder","34":"shipping-taxable","35":"purchasable","36":"product-type-variable"},"_links":{"self":[{"href":"https:\/\/www.barefoot-baltics.ee\/lv\/wp-json\/wp\/v2\/product\/5284","targetHints":{"allow":["GET"]}}],"collection":[{"href":"https:\/\/www.barefoot-baltics.ee\/lv\/wp-json\/wp\/v2\/product"}],"about":[{"href":"https:\/\/www.barefoot-baltics.ee\/lv\/wp-json\/wp\/v2\/types\/product"}],"wp:featuredmedia":[{"embeddable":true,"href":"https:\/\/www.barefoot-baltics.ee\/lv\/wp-json\/wp\/v2\/media\/3360"}],"wp:attachment":[{"href":"https:\/\/www.barefoot-baltics.ee\/lv\/wp-json\/wp\/v2\/media?parent=5284"}],"wp:term":[{"taxonomy":"product_brand","embeddable":true,"href":"https:\/\/www.barefoot-baltics.ee\/lv\/wp-json\/wp\/v2\/product_brand?post=5284"},{"taxonomy":"product_cat","embeddable":true,"href":"https:\/\/www.barefoot-baltics.ee\/lv\/wp-json\/wp\/v2\/product_cat?post=5284"},{"taxonomy":"product_tag","embeddable":true,"href":"https:\/\/www.barefoot-baltics.ee\/lv\/wp-json\/wp\/v2\/product_tag?post=5284"}],"curies":[{"name":"wp","href":"https:\/\/api.w.org\/{rel}","templated":true}]}}