{"id":5251,"date":"2018-10-29T09:41:49","date_gmt":"2018-10-29T07:41:49","guid":{"rendered":"https:\/\/www.barefoot-baltics.ee\/product\/seglu-paliktnis-ipasais\/"},"modified":"2021-08-30T16:55:58","modified_gmt":"2021-08-30T13:55:58","slug":"seglu-paliktnis-ipasais","status":"publish","type":"product","link":"https:\/\/www.barefoot-baltics.ee\/lv\/produkts\/seglu-paliktnis-ipasais\/","title":{"rendered":"Seglu paliktnis \u201c\u012apa\u0161ais\u201d"},"content":{"rendered":"<p>Seglu paliktnis \u201e\u012apa\u0161ais\u201d ir ,iesp\u0113jams, lab\u0101kais un \u0113rt\u0101kais paliktnis j\u0101tniekam (savuk\u0101rt \u201eFizio\u201d ir lab\u0101kais zirgam). Tas ir \u012bpa\u0161i izstr\u0101d\u0101ts m\u016bsu Barefoot segliem, pieejams da\u017e\u0101d\u0101s kr\u0101s\u0101s un form\u0101s.<\/p>\n<p>T\u0101 kont\u016bra ir veidota, lai piel\u0101gotos zirga skaustam, atst\u0101jot br\u012bvu vietu virs t\u0101, lai izvair\u012btos no berzes un saspie\u0161anas. Anatomiski veidotie, no\u0146emamie pild\u012bjumi rada br\u012bv\u012bbu mugurkaula l\u012bnijai un garant\u0113 spiediena absorbciju. Vilnas apak\u0161puse nodro\u0161ina maksim\u0101lu komfortu un amortiz\u0101ciju, k\u0101 ar\u012b temperat\u016bras regul\u0113\u0161anu un mitruma uzs\u016bk\u0161anu. Virs mugurkaula l\u012bnijas nav iestr\u0101d\u0101tas odere, lai nodro\u0161in\u0101tu papildu br\u012bv\u012bbu mugurai.<\/p>\n<p>Visiem m\u016bsu seglu palikt\u0146iem ir poli-kokvilnas polster\u0113jums iek\u0161pus\u0113 un aug\u0161\u0113jais sl\u0101nis  izgatavots no iztur\u012bgas un vat\u0113tas kokvilnas. Visiem palikt\u0146iem ir velcro siksnas, lai var\u0113tu tos piestiprin\u0101t seglu D gredzeniem.<\/p>\n<p>\u201c\u012apa\u0161ais\u201d paliktni var mazg\u0101t ve\u013cas ma\u0161\u012bn\u0101 30 gr\u0101dos (delik\u0101tais cikls) izmantojot vilnai paredz\u0113to mazg\u0101\u0161anas l\u012bdzekli.<\/p>\n","protected":false},"excerpt":{"rendered":"<ul>\n<li>\u0112rts j\u0101tniekam<\/li>\n<li>Anatomiskas formas paliktnis<\/li>\n<li>Fl\u012bsa materi\u0101la apak\u0161puse plecu un muguras br\u012bv\u012bbai<\/li>\n<li>Svaru sadalo\u0161s un triecienu absorb\u0113jo\u0161s<\/li>\n<li>Mitrumu uzs\u016bco\u0161s<\/li>\n<\/ul>\n","protected":false},"featured_media":3388,"template":"","meta":[],"product_brand":[],"product_cat":[872],"product_tag":[844,818],"class_list":{"0":"post-5251","1":"product","2":"type-product","3":"status-publish","4":"has-post-thumbnail","6":"product_cat-seglu-paliktni","7":"product_tag-laba-sajuta","8":"product_tag-regulejams","9":"product_shipping_class-paku-stacija","10":"pa_colour-balts","11":"pa_colour-bruns","12":"pa_colour-melns","13":"pa_your-saddle-arizona-lv","14":"pa_your-saddle-arizona-mazaks","15":"pa_your-saddle-atlanta-lv","16":"pa_your-saddle-berideila","17":"pa_your-saddle-ciroki","18":"pa_your-saddle-laimiga-ieleja","19":"pa_your-saddle-leksingtona","20":"pa_your-saddle-londona","21":"pa_your-saddle-londona-mazaks","22":"pa_your-saddle-madride","23":"pa_your-saddle-merlina","24":"pa_your-saddle-misoulas-rieksts","25":"pa_your-saddle-nevada-lv","26":"pa_your-saddle-notingema","27":"pa_your-saddle-pastaiga","28":"pa_your-saddle-saiena","29":"pa_your-saddle-saiena-mazaks","30":"pa_your-saddle-slinkais-kalns","31":"pa_your-saddle-velingtons","32":"pa_your-saddle-vienkarsi-pielagot","33":"pa_your-saddle-virdzinijas-roze","35":"first","36":"onbackorder","37":"shipping-taxable","38":"purchasable","39":"product-type-variable"},"_links":{"self":[{"href":"https:\/\/www.barefoot-baltics.ee\/lv\/wp-json\/wp\/v2\/product\/5251","targetHints":{"allow":["GET"]}}],"collection":[{"href":"https:\/\/www.barefoot-baltics.ee\/lv\/wp-json\/wp\/v2\/product"}],"about":[{"href":"https:\/\/www.barefoot-baltics.ee\/lv\/wp-json\/wp\/v2\/types\/product"}],"wp:featuredmedia":[{"embeddable":true,"href":"https:\/\/www.barefoot-baltics.ee\/lv\/wp-json\/wp\/v2\/media\/3388"}],"wp:attachment":[{"href":"https:\/\/www.barefoot-baltics.ee\/lv\/wp-json\/wp\/v2\/media?parent=5251"}],"wp:term":[{"taxonomy":"product_brand","embeddable":true,"href":"https:\/\/www.barefoot-baltics.ee\/lv\/wp-json\/wp\/v2\/product_brand?post=5251"},{"taxonomy":"product_cat","embeddable":true,"href":"https:\/\/www.barefoot-baltics.ee\/lv\/wp-json\/wp\/v2\/product_cat?post=5251"},{"taxonomy":"product_tag","embeddable":true,"href":"https:\/\/www.barefoot-baltics.ee\/lv\/wp-json\/wp\/v2\/product_tag?post=5251"}],"curies":[{"name":"wp","href":"https:\/\/api.w.org\/{rel}","templated":true}]}}