{"id":5245,"date":"2018-10-27T11:41:26","date_gmt":"2018-10-27T08:41:26","guid":{"rendered":"https:\/\/www.barefoot-baltics.ee\/product\/seglu-paliktnis-berniem\/"},"modified":"2019-05-21T19:16:42","modified_gmt":"2019-05-21T16:16:42","slug":"seglu-paliktnis-berniem","status":"publish","type":"product","link":"https:\/\/www.barefoot-baltics.ee\/lv\/produkts\/seglu-paliktnis-berniem\/","title":{"rendered":"Seglu paliktnis b\u0113rniem"},"content":{"rendered":"<p>\u0160is ir burv\u012bgs seglu paliktnis pa\u0161iem maz\u0101kajiem. T\u0101 kr\u0101sas sakr\u012bt ar da\u017eiem \u201e\u0160aiena\u201d b\u0113rnu seglu kr\u0101su variantiem. Palikt\u0146a labaj\u0101 pus\u0113 ir pl\u012b\u0161a kabata k\u0101rumiem, zirgliet\u0101m utt. Komfortabls un \u0113rts paliktnis zirgam.<\/p>\n","protected":false},"excerpt":{"rendered":"<ul>\n<li>Burv\u012bgs paliktnis poniju segliem<\/li>\n<li>Dekorat\u012bva apdare un iz\u0161uvumi<\/li>\n<li>Kabata k\u0101rumiem<\/li>\n<li>Pieejams div\u0101s kr\u0101s\u0101s<\/li>\n<\/ul>\n","protected":false},"featured_media":1056,"template":"","meta":[],"product_brand":[],"product_cat":[872],"product_tag":[842,856],"class_list":{"0":"post-5245","1":"product","2":"type-product","3":"status-publish","4":"has-post-thumbnail","6":"product_cat-seglu-paliktni","7":"product_tag-berniem","8":"product_tag-ponijs","9":"product_shipping_class-paku-stacija","10":"pa_colour-bruns","11":"pa_colour-gaisi-zils","13":"first","14":"onbackorder","15":"shipping-taxable","16":"purchasable","17":"product-type-variable"},"_links":{"self":[{"href":"https:\/\/www.barefoot-baltics.ee\/lv\/wp-json\/wp\/v2\/product\/5245","targetHints":{"allow":["GET"]}}],"collection":[{"href":"https:\/\/www.barefoot-baltics.ee\/lv\/wp-json\/wp\/v2\/product"}],"about":[{"href":"https:\/\/www.barefoot-baltics.ee\/lv\/wp-json\/wp\/v2\/types\/product"}],"wp:featuredmedia":[{"embeddable":true,"href":"https:\/\/www.barefoot-baltics.ee\/lv\/wp-json\/wp\/v2\/media\/1056"}],"wp:attachment":[{"href":"https:\/\/www.barefoot-baltics.ee\/lv\/wp-json\/wp\/v2\/media?parent=5245"}],"wp:term":[{"taxonomy":"product_brand","embeddable":true,"href":"https:\/\/www.barefoot-baltics.ee\/lv\/wp-json\/wp\/v2\/product_brand?post=5245"},{"taxonomy":"product_cat","embeddable":true,"href":"https:\/\/www.barefoot-baltics.ee\/lv\/wp-json\/wp\/v2\/product_cat?post=5245"},{"taxonomy":"product_tag","embeddable":true,"href":"https:\/\/www.barefoot-baltics.ee\/lv\/wp-json\/wp\/v2\/product_tag?post=5245"}],"curies":[{"name":"wp","href":"https:\/\/api.w.org\/{rel}","templated":true}]}}