{"id":5240,"date":"2018-10-25T10:09:08","date_gmt":"2018-10-25T07:09:08","guid":{"rendered":"https:\/\/www.barefoot-baltics.ee\/product\/seglu-paliktnu-pildijumi\/"},"modified":"2020-11-27T17:14:39","modified_gmt":"2020-11-27T15:14:39","slug":"seglu-paliktnu-pildijumi","status":"publish","type":"product","link":"https:\/\/www.barefoot-baltics.ee\/lv\/produkts\/seglu-paliktnu-pildijumi\/","title":{"rendered":"Seglu palikt\u0146u pild\u012bjumi"},"content":{"rendered":"<p>J\u016bs varat piel\u0101got savu seglu paliktni ar pild\u012bjumu, lai tas b\u016btu ide\u0101li piem\u0113rots j\u016bsu zirga mugurai. M\u016bsu Barefoot palikt\u0146i n\u0101k ar \u0161\u0101diem pild\u012bjumiem:<\/p>\n<ul>\n<li>\u201cFizio\u201d ietver gumijas un PU putu pild\u012bjumu<\/li>\n<li>\u201cSpeci\u0101lais\u201d ietver PU putu pild\u012bjumus.<\/li>\n<\/ul>\n<p>Ja jums ir nepiecie\u0161ami papildus seglu ielikt\u0146i, varat tos ieg\u0101d\u0101ties \u0161eit. Tos var viegli apgriezt, izmantojot asas \u0161\u0137\u0113res, iz\u0146emot \u201cheavy duty\u201d pild\u012bjumu.<\/p>\n<p><strong>Poliuret\u0101na putas<\/strong>: m\u012bkstas un viegli piel\u0101gojamas. Lieliskas, lai izl\u012bdzin\u0101tu maksim\u0101lo spiedienu uz  zirga muguras. Biezums: 15 mm.<\/p>\n<p><strong>Memory Foam<\/strong>: Ieteicamas nestandarta seglu novietojumam un j\u0101tniekiem, kas pl\u0101no pavad\u012bt seglos ilgu laiku &#8211; piem\u0113roti ar\u012b smagiem j\u0101tniekiem vai j\u016bt\u012bgai mugurai. Triecienu absorb\u0113jo\u0161as, spiedienu sadalo\u0161as un elast\u012bgas. Lieliski piem\u0113rotas, lai izl\u012bdzin\u0101tu seglu asimetriju. Memory Foam ir iztur\u012bgs materi\u0101ls,kas piel\u0101gojas gan zirga, gan j\u0101tnieka formai. P\u0113c izmanto\u0161anas materi\u0101ls atg\u016bst savu iepriek\u0161ejo formu. (\u0160is materi\u0101ls tiek izmantots ar\u012b medic\u012bn\u0101, piem\u0113ram, gu\u013co\u0161iem pacientiem.) Biezums: 20 mm.<\/p>\n<p><strong>Gumija<\/strong>: stingra, maina formu tikai nedaudz, sp\u0113j izl\u012bdzin\u0101t b\u016btisku asimetriju. Izmantojiet to, lai main\u012btu seglu poz\u012bciju \u2013 novietojot gan priek\u0161pus\u0113, gan aizmugur\u0113, lai l\u012bdzsvarotu seglus. \u013boti platiem pleciem vai platam skaustam vajadz\u0113tu izmantot papildus polster\u0113jumu aizmugur\u0113j\u0101 da\u013c\u0101, lai saglab\u0101tu seglu poz\u012bciju. Ja j\u016bsu zirgam ir augsts skausts, l\u016bdzu, novietojiet papildu polster\u0113jumu priek\u0161\u0101. Biezums: 12 mm<\/p>\n<p><strong>Heavy Duty<\/strong>: Izstr\u0101d\u0101ts ekstr\u0113miem apst\u0101k\u013ciem. Tas ir ne tikai triecienu absorb\u0113jo\u0161s, bet ar\u012b vienm\u0113r\u012bgi sadala svaru caur \u0161\u016bnu gumij\u0101 ievietoto poliuret\u0101na pl\u0101ksni. Malas ir m\u012bksti noapa\u013cotas un konusveida, lai neveidotos spiediena punkti ar\u012b ilgsto\u0161as izmanto\u0161anas laik\u0101. \u0160ie ielikt\u0146i ir ieteicami garo p\u0101rg\u0101jienu cien\u012bt\u0101jiem, k\u0101 ar\u012b  zirgiem, kuriem ir j\u016bt\u012bgas muguras no iepriek\u0161 neder\u012bgu seglu lieto\u0161anas. \u0160os palikt\u0146us nav iesp\u0113jams regul\u0113t p\u0113c formas pateicoties  pl\u0101ksnei, t\u0101p\u0113c m\u0113s  iesak\u0101m  putu, gumijas vai Memory Foam, lai prec\u012bz\u0101k noregul\u0113tu seglu poz\u012bciju. Biezums: 20 mm<\/p>\n<p>\u201cHeavy duty\u201d pild\u012bjumi nav piem\u0113roti \u201cBerideila\u201d seglu palikt\u0146iem. <\/p>\n<p>Visi pild\u012bjumi tiek p\u0101rdoti pa p\u0101riem.<\/p>\n","protected":false},"excerpt":{"rendered":"<ul>\n<li>\u010cetri da\u017e\u0101di materi\u0101li pild\u012bjumam<\/li>\n<li>Pal\u012bdz noregul\u0113t optim\u0101lo seglu novietojumu uz zirga muguras<\/li>\n<li>Piem\u0113roti Barefoot seglu palikt\u0146iem<\/li>\n<\/ul>\n","protected":false},"featured_media":1044,"template":"","meta":[],"product_brand":[],"product_cat":[872],"product_tag":[818],"class_list":{"0":"post-5240","1":"product","2":"type-product","3":"status-publish","4":"has-post-thumbnail","6":"product_cat-seglu-paliktni","7":"product_tag-regulejams","8":"product_shipping_class-paku-stacija","9":"pa_material-atminas-putas","10":"pa_material-gumija","11":"pa_material-ipasi-izturigs","12":"pa_material-putu-gumija","14":"first","15":"instock","16":"shipping-taxable","17":"purchasable","18":"product-type-variable"},"_links":{"self":[{"href":"https:\/\/www.barefoot-baltics.ee\/lv\/wp-json\/wp\/v2\/product\/5240","targetHints":{"allow":["GET"]}}],"collection":[{"href":"https:\/\/www.barefoot-baltics.ee\/lv\/wp-json\/wp\/v2\/product"}],"about":[{"href":"https:\/\/www.barefoot-baltics.ee\/lv\/wp-json\/wp\/v2\/types\/product"}],"wp:featuredmedia":[{"embeddable":true,"href":"https:\/\/www.barefoot-baltics.ee\/lv\/wp-json\/wp\/v2\/media\/1044"}],"wp:attachment":[{"href":"https:\/\/www.barefoot-baltics.ee\/lv\/wp-json\/wp\/v2\/media?parent=5240"}],"wp:term":[{"taxonomy":"product_brand","embeddable":true,"href":"https:\/\/www.barefoot-baltics.ee\/lv\/wp-json\/wp\/v2\/product_brand?post=5240"},{"taxonomy":"product_cat","embeddable":true,"href":"https:\/\/www.barefoot-baltics.ee\/lv\/wp-json\/wp\/v2\/product_cat?post=5240"},{"taxonomy":"product_tag","embeddable":true,"href":"https:\/\/www.barefoot-baltics.ee\/lv\/wp-json\/wp\/v2\/product_tag?post=5240"}],"curies":[{"name":"wp","href":"https:\/\/api.w.org\/{rel}","templated":true}]}}