{"id":5237,"date":"2018-09-12T11:36:12","date_gmt":"2018-09-12T08:36:12","guid":{"rendered":"https:\/\/www.barefoot-baltics.ee\/product\/personalizeti-vesterna-segli-virdzinijas-roze\/"},"modified":"2019-06-13T08:40:20","modified_gmt":"2019-06-13T05:40:20","slug":"personalizeti-vesterna-segli-virdzinijas-roze","status":"publish","type":"product","link":"https:\/\/www.barefoot-baltics.ee\/lv\/produkts\/personalizeti-vesterna-segli-virdzinijas-roze\/","title":{"rendered":"Personaliz\u0113ti vesterna segli \u201eVird\u017e\u012bnijas roze\u201d"},"content":{"rendered":"<p>Barefoot \u201cVird\u017e\u012bnijas roze\u201d ir autentiski vesterna segli, elast\u012bgi un draudz\u012bgi zirgam. Ar rok\u0101m apstr\u0101d\u0101ts seglu dizains izmantojot augstas kvalit\u0101tes Braz\u012blijas seglu \u0101du. Saska\u0146otas kr\u0101sas, no\u0146emama s\u0113dvieta, kas izgatavota no kazas zam\u0161\u0101das, biezas vilnas apak\u0161puse. Ner\u016bs\u0113jo\u0161\u0101 t\u0113rauda spr\u0101dzes un D-gredzeni. Komplekt\u0101 individu\u0101li veidoti seglu sp\u0101rni, neilona seglu siksnas un vesterna v\u0113derjosta. K\u0101p\u0161\u013ci nop\u0113rkami  atsevi\u0161\u0137i. Nodro\u0161ina cie\u0161u kontakta starp zirgu un j\u0101tnieku. Ir standarta platle\u0146\u0137a loks. <\/p>\n<p>Iesp\u0113ja izv\u0113l\u0113ties savu iecien\u012bt\u0101ko seglu kr\u0101su un z\u012bm\u0113jumu!<\/p>\n<p>\u0160o vesterna seglu galven\u0101s paz\u012bmes:<\/p>\n<ul>\n<li>Elast\u012bgi <\/li>\n<li>Pal\u012bdz veidototies pareizai muguras l\u012bnijai<\/li>\n<li>VPS sist\u0113ma<\/li>\n<li>Autentisks veserna izskats<\/li>\n<li>Svars tikai apm. 8,5 kg<\/li>\n<\/ul>\n<p>Izv\u0113lieties apdares stilu un seglu kr\u0101su &#8211; skatiet fotoatt\u0113los pieejamos variantus. \u201cVird\u017e\u012bnijas roze\u201d seglu \u0101da ar laiku k\u013c\u016bst tum\u0161\u0101ka &#8211; p\u0113d\u0113j\u0101 fotogr\u0101fij\u0101 redzama seglu da\u013ca, kas jau k\u0101du laiku tikusi izmantota.<\/p>\n<p>Visas m\u016bsu izstr\u0101d\u0101jumos izmantot\u0101s \u0101das tiek miec\u0113tas un kr\u0101sotas, izmantojot dabiskas, augu izcelsmes vielas: t\u0101dej\u0101di Barefoot \u0101das izstr\u0101d\u0101jumi nesatur hromu un citas kait\u012bgas vielas. \u0160is process ir 100% videi draudz\u012bgs.<\/p>\n<p>Tom\u0113r augu kr\u0101so\u0161ana un miec\u0113\u0161ana rada at\u0161\u0137ir\u012bgus rezult\u0101tus, tas noz\u012bm\u0113, ka m\u016bsu seglu  kr\u0101sa bie\u017ei vien iev\u0113rojami at\u0161\u0137iras no m\u0101jas lap\u0101 redzam\u0101s kr\u0101sas. L\u016bdzu, \u0146emiet to v\u0113r\u0101, veicot pas\u016bt\u012bjumu. Dotaj\u0101m kr\u0101s\u0101m ir informat\u012bva noz\u012bme.<\/p>\n<p>Mums un jums k\u0101 m\u016bsu klientam t\u0101 ir maza cena, kas j\u0101maks\u0101, lai aizsarg\u0101tu m\u016bsu vidi un n\u0101kam\u0101s paaudzes.<\/p>\n<p>Barefoot vesterna segli ir at\u013cauti Western Pleasure sacens\u012bb\u0101s.<\/p>\n","protected":false},"excerpt":{"rendered":"<ul>\n<li>Elast\u012bgi, viegli, uz pas\u016bt\u012bjuma veidoti vesterna segli<\/li>\n<li>Izgatavots no Braz\u012blijas govs \u0101das<\/li>\n<li>Rok\u0101m veidot apdare, iesp\u0113jami da\u017e\u0101di varianti<\/li>\n<li>S\u0113dvieta izgatavota no kazas zam\u0161\u0101das, izv\u0113lieties savu kr\u0101su<\/li>\n<li>Elast\u012bgi kap\u0161\u013cu siksnu stiprin\u0101jumi<\/li>\n<\/ul>\n","protected":false},"featured_media":543,"template":"","meta":[],"product_brand":[],"product_cat":[871],"product_tag":[851,830,869],"class_list":{"0":"post-5237","1":"product","2":"type-product","3":"status-publish","4":"has-post-thumbnail","6":"product_cat-bezkarkasa-segli","7":"product_tag-ada","8":"product_tag-pasutijuma","9":"product_tag-vesterna","10":"product_shipping_class-kurjeru-piegade","11":"pa_size-1-lv","12":"pa_size-2-lv","14":"first","15":"onbackorder","16":"shipping-taxable","17":"purchasable","18":"product-type-variable"},"_links":{"self":[{"href":"https:\/\/www.barefoot-baltics.ee\/lv\/wp-json\/wp\/v2\/product\/5237","targetHints":{"allow":["GET"]}}],"collection":[{"href":"https:\/\/www.barefoot-baltics.ee\/lv\/wp-json\/wp\/v2\/product"}],"about":[{"href":"https:\/\/www.barefoot-baltics.ee\/lv\/wp-json\/wp\/v2\/types\/product"}],"wp:featuredmedia":[{"embeddable":true,"href":"https:\/\/www.barefoot-baltics.ee\/lv\/wp-json\/wp\/v2\/media\/543"}],"wp:attachment":[{"href":"https:\/\/www.barefoot-baltics.ee\/lv\/wp-json\/wp\/v2\/media?parent=5237"}],"wp:term":[{"taxonomy":"product_brand","embeddable":true,"href":"https:\/\/www.barefoot-baltics.ee\/lv\/wp-json\/wp\/v2\/product_brand?post=5237"},{"taxonomy":"product_cat","embeddable":true,"href":"https:\/\/www.barefoot-baltics.ee\/lv\/wp-json\/wp\/v2\/product_cat?post=5237"},{"taxonomy":"product_tag","embeddable":true,"href":"https:\/\/www.barefoot-baltics.ee\/lv\/wp-json\/wp\/v2\/product_tag?post=5237"}],"curies":[{"name":"wp","href":"https:\/\/api.w.org\/{rel}","templated":true}]}}