{"id":5224,"date":"2018-07-16T18:17:59","date_gmt":"2018-07-16T15:17:59","guid":{"rendered":"https:\/\/www.barefoot-baltics.ee\/product\/pargajienu-segli-laimiga-ieleja\/"},"modified":"2025-01-23T08:38:03","modified_gmt":"2025-01-23T06:38:03","slug":"pargajienu-segli-laimiga-ieleja","status":"publish","type":"product","link":"https:\/\/www.barefoot-baltics.ee\/lv\/produkts\/pargajienu-segli-laimiga-ieleja\/","title":{"rendered":"P\u0101rg\u0101jienu segli  \u201cLaim\u012bg\u0101 Ieleja\u201d"},"content":{"rendered":"<p>\u201eLaim\u012bg\u0101 Ieleja\u201d ir segli ar ka\u017eok\u0101das apdari, \u0113rti gan zirgam, gan j\u0101tniekam. Tie tika rad\u012bti, atsaucoties uz j\u0101tnieku v\u0113lm\u0113m, kuri v\u0113l\u0113j\u0101s ait\u0101das seglus, kas nerad\u012btu probl\u0113mas zirga mugurai. Ait\u0101da ir t\u0101, kas padara seglus \u012bpa\u0161i komfortablus j\u0101tniekam.<\/p>\n<p>\u0160\u012b materi\u0101la seglu konstrukcija b\u016bt\u012bb\u0101 ir t\u0101da pati k\u0101 p\u0101r\u0113jos Barefoot mode\u013cos. Tie nodro\u0161ina gan t\u0101du pa\u0161u aizsardz\u012bbu, gan elast\u012bbu. Integr\u0113t\u0101 VPS sist\u0113ma aizsarg\u0101 zirga muguru no spiediena punktiem, un segli piel\u0101gojas zirga kust\u012bbai  \u013caujot att\u012bst\u012bties musku\u013ciem. J\u016bs tos varat izmantot gan ar seglu sp\u0101rniem, gan k\u0101p\u0161\u013cu siksn\u0101m \u2013 p\u0113c izv\u0113les.<\/p>\n<p>\u201eLaim\u012bg\u0101 Ieleja\u201d segli pied\u0101v\u0101 papildus komfortu pateicoties m\u012bkstajam polster\u0113jumam.  S\u0113dvieta ap\u0146em j\u0101tnieku radot dro\u0161\u012bbas un komforta saj\u016btu.  Zem ait\u0101das atrodas m\u012bksti, anatomiski veidoti spilveni, regul\u0113jami ar velcro sist\u0113mu. Tie padara seglus \u0113rt\u0101kus un stabil\u0101kus ne\u013caujot j\u0101tniekam p\u0101r\u0101k izplesties. <\/p>\n<p>Apak\u0161\u0113j\u0101 da\u013ca ir izgatavota no biezas vilnas. Segli apr\u012bkoti ar 4 D-gredzeniem. Seglu priek\u0161\u0113jo loku (izm\u0113rs &#8220;plats&#8221; ir iek\u013cauts) iesp\u0113jams nomain\u012bt. Augst\u0101s kvalit\u0101tes \u0101das auklas kalpo k\u0101 dekorat\u012bvs elements, pie viena nostiprinot  ait\u0101das s\u0113dvietu pie seglu pamatnes.<\/p>\n<p>\u0160o seglu uzb\u016bve ir speci\u0101li izstr\u0101d\u0101ta. Ir divas siksnas, kas iet cauri un virs polster\u0113juma, un ir izgatavotas no m\u012bkstas \u0101das, lai izvair\u012btos no kairin\u0101juma un spiediena punktiem uz v\u0113dera. Nepiecie\u0161ama iej\u0101des tipa v\u0113derjosta.<\/p>\n","protected":false},"excerpt":{"rendered":"<ul>\n<li>Ait\u0101das un nubuka  segli ar VPS sist\u0113mu<\/li>\n<li>Bez spiediena punktiem zem k\u0101p\u0161\u013cu siksn\u0101m<\/li>\n<li>Piel\u0101gojas zirgam<\/li>\n<li>\u0112rta un dro\u0161a s\u0113dvieta<\/li>\n<\/ul>\n","protected":false},"featured_media":331,"template":"","meta":[],"product_brand":[],"product_cat":[871],"product_tag":[851,861,837,867],"class_list":{"0":"post-5224","1":"product","2":"type-product","3":"status-publish","4":"has-post-thumbnail","6":"product_cat-bezkarkasa-segli","7":"product_tag-ada","8":"product_tag-aitada","9":"product_tag-ipasi-erti","10":"product_tag-pargajienu","11":"product_shipping_class-kurjeru-piegade","12":"pa_colour-bruns","13":"pa_colour-melns","14":"pa_size-1-lv","15":"pa_size-2-lv","17":"first","18":"onbackorder","19":"shipping-taxable","20":"purchasable","21":"product-type-variable"},"_links":{"self":[{"href":"https:\/\/www.barefoot-baltics.ee\/lv\/wp-json\/wp\/v2\/product\/5224","targetHints":{"allow":["GET"]}}],"collection":[{"href":"https:\/\/www.barefoot-baltics.ee\/lv\/wp-json\/wp\/v2\/product"}],"about":[{"href":"https:\/\/www.barefoot-baltics.ee\/lv\/wp-json\/wp\/v2\/types\/product"}],"wp:featuredmedia":[{"embeddable":true,"href":"https:\/\/www.barefoot-baltics.ee\/lv\/wp-json\/wp\/v2\/media\/331"}],"wp:attachment":[{"href":"https:\/\/www.barefoot-baltics.ee\/lv\/wp-json\/wp\/v2\/media?parent=5224"}],"wp:term":[{"taxonomy":"product_brand","embeddable":true,"href":"https:\/\/www.barefoot-baltics.ee\/lv\/wp-json\/wp\/v2\/product_brand?post=5224"},{"taxonomy":"product_cat","embeddable":true,"href":"https:\/\/www.barefoot-baltics.ee\/lv\/wp-json\/wp\/v2\/product_cat?post=5224"},{"taxonomy":"product_tag","embeddable":true,"href":"https:\/\/www.barefoot-baltics.ee\/lv\/wp-json\/wp\/v2\/product_tag?post=5224"}],"curies":[{"name":"wp","href":"https:\/\/api.w.org\/{rel}","templated":true}]}}