{"id":5218,"date":"2018-06-23T09:59:17","date_gmt":"2018-06-23T06:59:17","guid":{"rendered":"https:\/\/www.barefoot-baltics.ee\/product\/skaista-vesterna-segli-arizonas-roze\/"},"modified":"2025-01-23T08:33:56","modified_gmt":"2025-01-23T06:33:56","slug":"skaista-vesterna-segli-arizonas-roze","status":"publish","type":"product","link":"https:\/\/www.barefoot-baltics.ee\/lv\/produkts\/skaista-vesterna-segli-arizonas-roze\/","title":{"rendered":"Vesterna segli \u201eArizonas roze\u201d"},"content":{"rendered":"<p>Barefoot \u201cArizonas roze\u201d ir zirgam draudz\u012bgi, vesterna segli, kas izgatavoti no Braz\u012blijas te\u013c\u0101das. \u0100da pamatnes formai ir izstr\u0101d\u0101ta ar rok\u0101m. S\u0113dvieta veidota dzi\u013ci, lai j\u0101tnieks atrastos iesp\u0113jami tuvu zirga mugurai. S\u0113dvieta izgatavota no zam\u0161\u0101das, komplekt\u0101 n\u0101k ar pieska\u0146otiem seglu sp\u0101rniem un ar \u0101du p\u0101rvilktiem k\u0101p\u0161\u013ciem.<\/p>\n<p>\u201cArizonas roze\u201d ir regul\u0113jami un elast\u012bgi zirgam, k\u0101 ar\u012b \u013coti \u0113rti j\u0101tniekam. Seglu sp\u0101rni ir \u012bsi un apa\u013ci, lai tie b\u016btu piem\u0113roti zirgam ar \u012bsu muguru, k\u0101 ar\u012b  izteikt\u0101kam skaustam.<\/p>\n<p>6 D-gredzeni un \u0101das auklas invent\u0101ra piestiprin\u0101\u0161anai. Ir iek\u013cautas ar\u012b v\u0113derjostas stiprin\u0101juma siksnas ab\u0101m pus\u0113m (izgatavotas no neilona). Stikla \u0161\u0137iedras loku (platais) iesp\u0113jams nomain\u012bt. K\u0101p\u0161\u013cu siksnu stiprin\u0101jumu var regul\u0113t p\u0113c nepiecie\u0161am\u012bbas.<\/p>\n<p>\u0160ie klasiskie rietumu segli ir izgatavoti no iztur\u012bg\u0101kas \u0101das, kas nepiecie\u0161ama lai nodro\u0161in\u0101tu stingr\u0101ku pamatni. T\u0101p\u0113c \u201eArizonas roze\u201d segli aiz\u0146em vair\u0101k laika, lai piel\u0101gotos j\u016bsu zirga mugurai, nek\u0101 citi seglu mode\u013ci.<\/p>\n<p>Barefoot vesterna segli ir at\u013cauti Western Pleasure sacens\u012bb\u0101s.<\/p>\n","protected":false},"excerpt":{"rendered":"<ul>\n<li>Viegli vesterna segli, kas izgatavoti no Braz\u012blijas te\u013c\u0101das (7 kg)<\/li>\n<li>Roku darbs<\/li>\n<li>\u012asi, apa\u013ci seglu sp\u0101rni, piem\u0113roti \u012bsai zirga mugurai<\/li>\n<li>Komplekt\u0101 ietilpst seglu sp\u0101rni un k\u0101p\u0161\u013ci<\/li>\n<\/ul>\n","protected":false},"featured_media":2228,"template":"","meta":[],"product_brand":[],"product_cat":[871],"product_tag":[851,825,869],"class_list":{"0":"post-5218","1":"product","2":"type-product","3":"status-publish","4":"has-post-thumbnail","6":"product_cat-bezkarkasa-segli","7":"product_tag-ada","8":"product_tag-elegants","9":"product_tag-vesterna","10":"product_shipping_class-kurjeru-piegade","11":"pa_size-1-lv","12":"pa_size-2-lv","14":"first","15":"onbackorder","16":"shipping-taxable","17":"purchasable","18":"product-type-variable"},"_links":{"self":[{"href":"https:\/\/www.barefoot-baltics.ee\/lv\/wp-json\/wp\/v2\/product\/5218","targetHints":{"allow":["GET"]}}],"collection":[{"href":"https:\/\/www.barefoot-baltics.ee\/lv\/wp-json\/wp\/v2\/product"}],"about":[{"href":"https:\/\/www.barefoot-baltics.ee\/lv\/wp-json\/wp\/v2\/types\/product"}],"wp:featuredmedia":[{"embeddable":true,"href":"https:\/\/www.barefoot-baltics.ee\/lv\/wp-json\/wp\/v2\/media\/2228"}],"wp:attachment":[{"href":"https:\/\/www.barefoot-baltics.ee\/lv\/wp-json\/wp\/v2\/media?parent=5218"}],"wp:term":[{"taxonomy":"product_brand","embeddable":true,"href":"https:\/\/www.barefoot-baltics.ee\/lv\/wp-json\/wp\/v2\/product_brand?post=5218"},{"taxonomy":"product_cat","embeddable":true,"href":"https:\/\/www.barefoot-baltics.ee\/lv\/wp-json\/wp\/v2\/product_cat?post=5218"},{"taxonomy":"product_tag","embeddable":true,"href":"https:\/\/www.barefoot-baltics.ee\/lv\/wp-json\/wp\/v2\/product_tag?post=5218"}],"curies":[{"name":"wp","href":"https:\/\/api.w.org\/{rel}","templated":true}]}}