{"id":5143,"date":"2018-07-19T13:17:25","date_gmt":"2018-07-19T10:17:25","guid":{"rendered":"https:\/\/www.barefoot-baltics.ee\/product\/neliela-iejades-segli-merlina\/"},"modified":"2025-01-23T08:36:36","modified_gmt":"2025-01-23T06:36:36","slug":"neliela-iejades-segli-merlina","status":"publish","type":"product","link":"https:\/\/www.barefoot-baltics.ee\/lv\/produkts\/neliela-iejades-segli-merlina\/","title":{"rendered":"Iej\u0101des segli \u201eMerlina\u201d"},"content":{"rendered":"<p>Barefoot \u201cMerlina\u201d ir inovat\u012bvi, neliela izm\u0113ra iej\u0101des segli, kas  izgatavots no m\u012bkstas \u0101das. Pateicoties sa\u012bsin\u0101tajiem seglu sp\u0101rniem \u0161is modelis \u012bpa\u0161i piem\u0113rots Cob izm\u0113ra zirgiem un  smalkas uzb\u016bves j\u0101tniekiem. <\/p>\n<p>\u013boti viegli segli apr\u012bkoti ar m\u016bsu p\u0101rbaud\u012bto VPS sist\u0113mu. \u012apa\u0161i \u0161aur\u0101 s\u0113dvieta un  plakanie, \u012bsie seglu sp\u0101rni nodro\u0161ina lielisku kontaktu starp j\u0101tnieka k\u0101ju un zirgu. No\u0146emam\u0101 s\u0113dvieta noz\u012bm\u0113, ka segli ir \u013coti elast\u012bgi un prec\u012bzi piel\u0101gojas zirga \u0137erme\u0146a formai. Atv\u0113rt\u0101 tipa k\u0101p\u0161\u013cu siksnu stiprin\u0101jumi atrodas starp segliem un s\u0113dvietu, \u013caujot siksnu garumu regul\u0113t p\u0113c nepiecie\u0161am\u012bbas.  J\u0101tniekiem ar nevienl\u012bdz\u012bgu k\u0101ju garumu iesp\u0113jams noregul\u0113t optim\u0101lo poz\u012bciju, vienk\u0101r\u0161i p\u0101rliekot cilpas stiprin\u0101jumu uz priek\u0161u vai atpaka\u013c p\u0113c nepiecie\u0161am\u012bbas.<\/p>\n<p>Anatomiski veidotajai s\u0113dvietai ir nesl\u012bdo\u0161a virsma; m\u012bkstie ce\u013cu bloki stabiliz\u0113 j\u0101tnieka k\u0101ju pareiz\u0101 poz\u012bcij\u0101. Segli apr\u012bkoti ar elast\u012bgu V-veida v\u0113derjostas stiprin\u0101juma sist\u0113mu. <\/p>\n<p>T\u0101pat k\u0101 visi Barefoot mode\u013ci, ar\u012b \u0161ie segli  novieto j\u0101tnieku tie\u0161i virs zirga smaguma centra, padarot zirgam viegl\u0101ku j\u0101tnieka svara l\u012bdzsvaro\u0161anu. Pateicoties pazemin\u0101tajai konstrukcijai (apm\u0113ram 2 cm), segli aizmugur\u0113j\u0101 da\u013c\u0101  izskat\u0101s optiski  zem\u0101ki nek\u0101 citi m\u016bsu mode\u013ci.<\/p>\n<p>Seglu loks (vid\u0113jais) ir main\u0101ms (s\u012bk\u0101ku inform\u0101ciju skat\u012bt m\u016bsu seglu izm\u0113ru sada\u013c\u0101).<\/p>\n","protected":false},"excerpt":{"rendered":"<ul>\n<li>Elast\u012bgi bezkarkasa segli<\/li>\n<li>Dzi\u013ca un dro\u0161a s\u0113dvieta<\/li>\n<li>\u012apa\u0161i m\u012bksti ce\u013cu bloki<\/li>\n<li>Atv\u0113rt\u0101 tipa k\u0101p\u0161\u013cu siksnu stiprin\u0101jumi ar velcro sist\u0113mu<\/li>\n<li>Pazemin\u0101ta s\u0113dvietas aizmugure<\/li>\n<\/ul>\n","protected":false},"featured_media":403,"template":"","meta":[],"product_brand":[],"product_cat":[871],"product_tag":[851,831,852],"class_list":{"0":"post-5143","1":"product","2":"type-product","3":"status-publish","4":"has-post-thumbnail","6":"product_cat-bezkarkasa-segli","7":"product_tag-ada","8":"product_tag-trenins","9":"product_tag-viegli","10":"product_shipping_class-kurjeru-piegade","11":"pa_size-0-lv","12":"pa_size-1-lv","13":"pa_size-2-lv","15":"first","16":"onbackorder","17":"shipping-taxable","18":"purchasable","19":"product-type-variable"},"_links":{"self":[{"href":"https:\/\/www.barefoot-baltics.ee\/lv\/wp-json\/wp\/v2\/product\/5143","targetHints":{"allow":["GET"]}}],"collection":[{"href":"https:\/\/www.barefoot-baltics.ee\/lv\/wp-json\/wp\/v2\/product"}],"about":[{"href":"https:\/\/www.barefoot-baltics.ee\/lv\/wp-json\/wp\/v2\/types\/product"}],"wp:featuredmedia":[{"embeddable":true,"href":"https:\/\/www.barefoot-baltics.ee\/lv\/wp-json\/wp\/v2\/media\/403"}],"wp:attachment":[{"href":"https:\/\/www.barefoot-baltics.ee\/lv\/wp-json\/wp\/v2\/media?parent=5143"}],"wp:term":[{"taxonomy":"product_brand","embeddable":true,"href":"https:\/\/www.barefoot-baltics.ee\/lv\/wp-json\/wp\/v2\/product_brand?post=5143"},{"taxonomy":"product_cat","embeddable":true,"href":"https:\/\/www.barefoot-baltics.ee\/lv\/wp-json\/wp\/v2\/product_cat?post=5143"},{"taxonomy":"product_tag","embeddable":true,"href":"https:\/\/www.barefoot-baltics.ee\/lv\/wp-json\/wp\/v2\/product_tag?post=5143"}],"curies":[{"name":"wp","href":"https:\/\/api.w.org\/{rel}","templated":true}]}}