{"id":5136,"date":"2018-09-07T14:42:59","date_gmt":"2018-09-07T11:42:59","guid":{"rendered":"https:\/\/www.barefoot-baltics.ee\/product\/personalizeta-dizaina-segli-ciroki\/"},"modified":"2021-08-30T15:53:50","modified_gmt":"2021-08-30T12:53:50","slug":"personalizeta-dizaina-segli-ciroki","status":"publish","type":"product","link":"https:\/\/www.barefoot-baltics.ee\/lv\/produkts\/personalizeta-dizaina-segli-ciroki\/","title":{"rendered":"Personaliz\u0113t\u0101 dizaina segli &#8220;\u010ciroki&#8221;"},"content":{"rendered":"<p>Tiem, kas v\u0113las ko individu\u0101lu &#8211; \u0161eit ir j\u016bsu iesp\u0113ja, izveidot savu Barefoot seglu dizainu. Ir pieejamas 10 da\u017e\u0101das \u0101das kr\u0101sas. No seglu siksn\u0101m, vilnas pamatnes kr\u0101sas l\u012bdz pat r\u0101v\u0113jsl\u0113dz\u0113jam, j\u016bs izlemjat, k\u0101dus v\u0113laties redz\u0113t savus seglus.<\/p>\n<p>Lai izveidotu v\u0113lamo dizainu, izmantojiet m\u016bsu lapas pied\u0101v\u0101to r\u012bku, noklik\u0161\u0137inot: <a href=\"https:\/\/barefoot-saddle.com\/de\/index.php?lang=1&#038;cl=saddleconfigcherokee\" target=\"blank\" rel=\"noopener noreferrer\">\u0160EIT<\/a>. Kad esat pabeidzis savu dizainu, l\u016bdzu, saglab\u0101jiet att\u0113lu. (Piem\u0113ram, varat nospiest pogu PrintScreen, pievienojiet att\u0113lu no starpliktuves uz grafikas lietojumprogrammu, piem\u0113ram, Paint un saglab\u0101jiet.) P\u0113c tam nos\u016btiet  mums un m\u0113s \u0137ersimies pie darba.<\/p>\n<p>Personaliz\u0113to seglu izgatavo\u0161anas un pieg\u0101des  laiks \u2013 ieskaitot  z\u012bmogu un autentiskuma sertifik\u0101tu &#8211; aiz\u0146em aptuveni 12 &#8211; 16 ned\u0113\u013cas. Iesp\u0113jams pievienot ar\u012b seglu ragu vai rokturus p\u0113c nepiecie\u0161am\u012bbas.<\/p>\n<p>\u0100das apdare, 6 D-gredzeni, lai piestiprin\u0101tu visas jums nepiecie\u0161am\u0101s lietas. Stikla \u0161\u0137iedras loku (vid\u0113jais izm\u0113rs) ar\u012b iesp\u0113jams nomain\u012bt t\u0101pat k\u0101  visiem Barefoot segliem.<\/p>\n<p>Visas m\u016bsu izstr\u0101d\u0101jumos izmantot\u0101s \u0101das tiek miec\u0113tas un kr\u0101sotas, izmantojot dabiskas, augu izcelsmes vielas: t\u0101dej\u0101di Barefoot \u0101das izstr\u0101d\u0101jumi nesatur hromu un citas kait\u012bgas vielas. \u0160is process ir 100% videi draudz\u012bgs.<\/p>\n<p>Tom\u0113r augu kr\u0101so\u0161ana un miec\u0113\u0161ana rada at\u0161\u0137ir\u012bgus rezult\u0101tus, tas noz\u012bm\u0113, ka m\u016bsu seglu  kr\u0101sa bie\u017ei vien iev\u0113rojami at\u0161\u0137iras no m\u0101jas lap\u0101 redzam\u0101s kr\u0101sas. L\u016bdzu, \u0146emiet to v\u0113r\u0101, veicot pas\u016bt\u012bjumu. Dotaj\u0101m kr\u0101s\u0101m ir informat\u012bva noz\u012bme.<\/p>\n<p>Mums un jums k\u0101 m\u016bsu klientam t\u0101 ir maza cena, kas j\u0101maks\u0101, lai aizsarg\u0101tu m\u016bsu vidi un n\u0101kam\u0101s paaudzes.<\/p>\n<p>NB! T\u0101 k\u0101 \u0161ie segli tiek veidoti p\u0113c individu\u0101la pas\u016btijuma tad m\u016bsu parast\u0101 \u201e14 dienu, visas naudas atmaksa\u201d atgrie\u0161anas politika neattiecas uz \u0161o produktu. Ja p\u0113c ieg\u0101des v\u0113laties atgriezt \u0161o pas\u016bt\u012bjuma, to iesp\u0113jams dar\u012bt tikai ar iepriek\u0161\u0113ju vieno\u0161anos.<\/p>\n","protected":false},"excerpt":{"rendered":"<ul>\n<li>Izveidojiet savus individu\u0101los Barefoot seglus<\/li>\n<li>Izv\u0113lieties no 10 da\u017e\u0101d\u0101m \u0101das kr\u0101s\u0101m<\/li>\n<li>Personaliz\u0113ta dizaina segli: viss ir atkar\u012bgs no jums<\/li>\n<\/ul>\n","protected":false},"featured_media":522,"template":"","meta":[],"product_brand":[],"product_cat":[871],"product_tag":[851,841,830,843],"class_list":{"0":"post-5136","1":"product","2":"type-product","3":"status-publish","4":"has-post-thumbnail","6":"product_cat-bezkarkasa-segli","7":"product_tag-ada","8":"product_tag-iesacejiem","9":"product_tag-pasutijuma","10":"product_tag-universali","11":"product_shipping_class-kurjeru-piegade","12":"pa_size-1-lv","13":"pa_size-2-lv","15":"first","16":"onbackorder","17":"shipping-taxable","18":"purchasable","19":"product-type-variable"},"_links":{"self":[{"href":"https:\/\/www.barefoot-baltics.ee\/lv\/wp-json\/wp\/v2\/product\/5136","targetHints":{"allow":["GET"]}}],"collection":[{"href":"https:\/\/www.barefoot-baltics.ee\/lv\/wp-json\/wp\/v2\/product"}],"about":[{"href":"https:\/\/www.barefoot-baltics.ee\/lv\/wp-json\/wp\/v2\/types\/product"}],"wp:featuredmedia":[{"embeddable":true,"href":"https:\/\/www.barefoot-baltics.ee\/lv\/wp-json\/wp\/v2\/media\/522"}],"wp:attachment":[{"href":"https:\/\/www.barefoot-baltics.ee\/lv\/wp-json\/wp\/v2\/media?parent=5136"}],"wp:term":[{"taxonomy":"product_brand","embeddable":true,"href":"https:\/\/www.barefoot-baltics.ee\/lv\/wp-json\/wp\/v2\/product_brand?post=5136"},{"taxonomy":"product_cat","embeddable":true,"href":"https:\/\/www.barefoot-baltics.ee\/lv\/wp-json\/wp\/v2\/product_cat?post=5136"},{"taxonomy":"product_tag","embeddable":true,"href":"https:\/\/www.barefoot-baltics.ee\/lv\/wp-json\/wp\/v2\/product_tag?post=5136"}],"curies":[{"name":"wp","href":"https:\/\/api.w.org\/{rel}","templated":true}]}}