{"id":5133,"date":"2018-07-19T13:28:11","date_gmt":"2018-07-19T10:28:11","guid":{"rendered":"https:\/\/www.barefoot-baltics.ee\/product\/adas-seglu-nevada\/"},"modified":"2025-01-23T08:36:31","modified_gmt":"2025-01-23T06:36:31","slug":"adas-seglu-nevada","status":"publish","type":"product","link":"https:\/\/www.barefoot-baltics.ee\/lv\/produkts\/adas-seglu-nevada\/","title":{"rendered":"Vesterna segli \u201eNevada\u201d"},"content":{"rendered":"<p>Barefoot \u201cNevada\u201d ir skaisti, zirgam draudz\u012bgi \u0101das vesterna tipa segli. Tie ir izgatavoti no iztur\u012bgas govs \u0101das, \u012bpa\u0161i elast\u012bgi, lai piek\u013cautos  zirga mugurai un b\u016btu \u0113rti j\u0101tniekam.<\/p>\n<p>Net\u012brumus atgr\u016bdo\u0161a virsmas apstr\u0101de, \u0101das apdare. Gai\u0161as kr\u0101sas, biezas vilnas apak\u0161da\u013ca, 6 D-gredzeni, \u0101das siksnas, lai piestiprin\u0101tu izj\u0101dei nepiecie\u0161amo invent\u0101ru. Kvadr\u0101tveida seglu sp\u0101rni nodro\u0161ina liel\u0101ku stabilit\u0101ti uz lieliem, platiem un apa\u013ciem zirgiem ar zemu skaustu. Ang\u013cu tipa seglu r\u0101mja sist\u0113ma nodro\u0161ina lab\u0101ku s\u0101nu stabilit\u0101ti. Atbilsto\u0161as \u200b\u200bsp\u0101rni un rokturi pieejami atsevi\u0161\u0137i. Stikla \u0161\u0137iedras loku (platais) iesp\u0113jams nomain\u012bt t\u0101pat k\u0101 p\u0101r\u0113jiem Barefoot segliem.<\/p>\n<p>K\u0101p\u0161\u013cu siksnu novietojumu iesp\u0113jams regul\u0113t. <\/p>\n","protected":false},"excerpt":{"rendered":"<ul>\n<li>Vesterna segli ar Barefoot VPS sist\u0113mu<\/li>\n<li>Piem\u0113roti ar\u012b apa\u013ciem zirgiem bez skausta<\/li>\n<li>Main\u0101mi k\u0101p\u0161\u013cu siksnu stiprin\u0101jumi<\/li>\n<li>Nubuka \u0101da meln\u0101 vai br\u016bn\u0101 kr\u0101s\u0101<\/li>\n<\/ul>\n","protected":false},"featured_media":407,"template":"","meta":[],"product_brand":[],"product_cat":[871],"product_tag":[851,869],"class_list":{"0":"post-5133","1":"product","2":"type-product","3":"status-publish","4":"has-post-thumbnail","6":"product_cat-bezkarkasa-segli","7":"product_tag-ada","8":"product_tag-vesterna","9":"product_shipping_class-kurjeru-piegade","10":"pa_colour-bruns","11":"pa_colour-melns","13":"first","14":"onbackorder","15":"shipping-taxable","16":"purchasable","17":"product-type-variable"},"_links":{"self":[{"href":"https:\/\/www.barefoot-baltics.ee\/lv\/wp-json\/wp\/v2\/product\/5133","targetHints":{"allow":["GET"]}}],"collection":[{"href":"https:\/\/www.barefoot-baltics.ee\/lv\/wp-json\/wp\/v2\/product"}],"about":[{"href":"https:\/\/www.barefoot-baltics.ee\/lv\/wp-json\/wp\/v2\/types\/product"}],"wp:featuredmedia":[{"embeddable":true,"href":"https:\/\/www.barefoot-baltics.ee\/lv\/wp-json\/wp\/v2\/media\/407"}],"wp:attachment":[{"href":"https:\/\/www.barefoot-baltics.ee\/lv\/wp-json\/wp\/v2\/media?parent=5133"}],"wp:term":[{"taxonomy":"product_brand","embeddable":true,"href":"https:\/\/www.barefoot-baltics.ee\/lv\/wp-json\/wp\/v2\/product_brand?post=5133"},{"taxonomy":"product_cat","embeddable":true,"href":"https:\/\/www.barefoot-baltics.ee\/lv\/wp-json\/wp\/v2\/product_cat?post=5133"},{"taxonomy":"product_tag","embeddable":true,"href":"https:\/\/www.barefoot-baltics.ee\/lv\/wp-json\/wp\/v2\/product_tag?post=5133"}],"curies":[{"name":"wp","href":"https:\/\/api.w.org\/{rel}","templated":true}]}}