{"id":5129,"date":"2018-07-19T11:47:46","date_gmt":"2018-07-19T08:47:46","guid":{"rendered":"https:\/\/www.barefoot-baltics.ee\/product\/iejades-segli-londona\/"},"modified":"2025-01-23T08:37:19","modified_gmt":"2025-01-23T06:37:19","slug":"iejades-segli-londona","status":"publish","type":"product","link":"https:\/\/www.barefoot-baltics.ee\/lv\/produkts\/iejades-segli-londona\/","title":{"rendered":"Iej\u0101des segli \u201eLondona\u201d"},"content":{"rendered":"<p>Barefoot&#8217;s \u201cLondona\u201d ir m\u012bksti, elast\u012bgi segli, kas ir piem\u0113roti da\u017e\u0101diem zirgu \u0137erme\u0146a tipiem. Tiem ir regul\u0113jami k\u0101p\u0161\u013cu siksnu stiprin\u0101jumi, elast\u012bga V-veida v\u0113derjostas sist\u0113ma un ce\u013ca bloki, kurus var regul\u0113t ar velcro.<\/p>\n<p>Iej\u0101des segli, kas  izgatavoti no m\u012bkstas govs \u0101das, \u0146emot v\u0113r\u0101 zirga komfortu. Garie seglu sp\u0101rni dod br\u012bv\u012bbu k\u0101ju kust\u012bbai, nefiks\u0113jot j\u0101tnieku noteikt\u0101 poz\u0101. Segli nodro\u0161ina dzi\u013cu s\u0113dvietu un cie\u0161u kontaktu. \u201eLondona\u201d \u013caus jums izjust  zirga kust\u012bbas, kas ir svar\u012bgi, lai var\u0113tu dot prec\u012bzas nor\u0101des elementu izpildei.<\/p>\n<p>Seglu apak\u0161\u0113j\u0101 da\u013ca ir melna un izgatavota no biezas vilnas. Polster\u0113ti ce\u013cu bloki. \u0160ie segli n\u0101k komplekt\u0101 ar divem p\u0101riem ce\u013cu bloku (da\u017e\u0101da izm\u0113ra), kurus var pielietot  atbilsto\u0161i j\u016bsu v\u0113lm\u0113m. Segli  ir piem\u0113roti ar\u012b p\u0101rg\u0101jieniem,   apr\u012bkoti ar 6 D-gredzeniem, lai pievienotu nepiecie\u0161am\u0101s lietas izj\u0101dei. Stikla \u0161\u0137iedras loku (izm\u0113rs vid\u0113js) var  nomain\u012bt t\u0101pat k\u0101 visiem Barefoot segliem. Visas svaru neso\u0161\u0101s da\u013cas ir ar \u0101du no\u0161\u016btas dubultd\u016brien\u0101.<\/p>\n","protected":false},"excerpt":{"rendered":"<ul>\n<li>Elast\u012bgi segli,kas izgatavoti no m\u012bkstas \u0101das<\/li>\n<li>Ce\u013cu bloki regul\u0113jami ar velcro<\/li>\n<li>K\u0101p\u0161\u013cu siksnu stiprin\u0101jumu regul\u0113jami p\u0113c nepiecie\u0161am\u012bbas<\/li>\n<li>Barefoot VPS sist\u0113ma<\/li>\n<li>Piem\u0113roti zirgiem ar \u012bsu muguru<\/li>\n<\/ul>\n","protected":false},"featured_media":373,"template":"","meta":[],"product_brand":[],"product_cat":[871],"product_tag":[851,831],"class_list":{"0":"post-5129","1":"product","2":"type-product","3":"status-publish","4":"has-post-thumbnail","6":"product_cat-bezkarkasa-segli","7":"product_tag-ada","8":"product_tag-trenins","9":"product_shipping_class-kurjeru-piegade","10":"pa_size-0-lv","11":"pa_size-1-lv","12":"pa_size-2-lv","14":"first","15":"onbackorder","16":"shipping-taxable","17":"purchasable","18":"product-type-variable"},"_links":{"self":[{"href":"https:\/\/www.barefoot-baltics.ee\/lv\/wp-json\/wp\/v2\/product\/5129","targetHints":{"allow":["GET"]}}],"collection":[{"href":"https:\/\/www.barefoot-baltics.ee\/lv\/wp-json\/wp\/v2\/product"}],"about":[{"href":"https:\/\/www.barefoot-baltics.ee\/lv\/wp-json\/wp\/v2\/types\/product"}],"wp:featuredmedia":[{"embeddable":true,"href":"https:\/\/www.barefoot-baltics.ee\/lv\/wp-json\/wp\/v2\/media\/373"}],"wp:attachment":[{"href":"https:\/\/www.barefoot-baltics.ee\/lv\/wp-json\/wp\/v2\/media?parent=5129"}],"wp:term":[{"taxonomy":"product_brand","embeddable":true,"href":"https:\/\/www.barefoot-baltics.ee\/lv\/wp-json\/wp\/v2\/product_brand?post=5129"},{"taxonomy":"product_cat","embeddable":true,"href":"https:\/\/www.barefoot-baltics.ee\/lv\/wp-json\/wp\/v2\/product_cat?post=5129"},{"taxonomy":"product_tag","embeddable":true,"href":"https:\/\/www.barefoot-baltics.ee\/lv\/wp-json\/wp\/v2\/product_tag?post=5129"}],"curies":[{"name":"wp","href":"https:\/\/api.w.org\/{rel}","templated":true}]}}