{"id":5123,"date":"2018-07-19T11:19:06","date_gmt":"2018-07-19T08:19:06","guid":{"rendered":"https:\/\/www.barefoot-baltics.ee\/product\/iejades-segli-leksingtona\/"},"modified":"2025-01-23T08:37:24","modified_gmt":"2025-01-23T06:37:24","slug":"iejades-segli-leksingtona","status":"publish","type":"product","link":"https:\/\/www.barefoot-baltics.ee\/lv\/produkts\/iejades-segli-leksingtona\/","title":{"rendered":"Iej\u0101des segli \u201eLeksingtona\u201d"},"content":{"rendered":"<p>Barefoot \u201cLeksingtona\u201d ir inovat\u012bvi zirgu segli. Tie ir izgatavoti no m\u012bkstas nubuka \u0101das, ar iesp\u0113ju regul\u0113t k\u0101p\u0161\u013cu siksnu novietojumu. Tiem ir ar\u012b elast\u012bga V-veida v\u0113derjostas poz\u012bcija un \u0137\u012b\u013cveida VPS sist\u0113ma zem s\u0113dvietas. Ce\u013cu blokus var regul\u0113t ar velcro sist\u0113mas pal\u012bdz\u012bbu. <\/p>\n<p>\u201eLeksingtona\u201d ir rad\u012bti sporta zirgiem ar augstu skaustu. <\/p>\n<p>\u0160ie segli \u013cauj izjust katru zirga kust\u012bbu un dod iesp\u0113ju nodot vissmalk\u0101ko impulsu, zirgam, uzdevuma izpildei. T\u0101 k\u0101 k\u0101p\u0161\u013cu siksnu novietojumu var regul\u0113t, tas dod iesp\u0113ju seglus piel\u0101got j\u016bsu individu\u0101laj\u0101m vajadz\u012bb\u0101m. Seglu \u0137\u012b\u013cveida VPS sist\u0113ma nodro\u0161ina, ka s\u0113dvieta tiek pacelta no aizmugures, novietojot j\u0101tnieku taisn\u0101 poz\u012bcij\u0101. Papildus atbalstu sniedz regul\u0113jamie ce\u013cu bloki.<\/p>\n<p>V\u0113derjostas siksnas ir elast\u012bgas un novietotas V-veid\u0101. L\u012bdz ar to seglus var piel\u0101got ar\u012b nestandarta zirgiem. Sal\u012bdzinot ar standarta iej\u0101des segliem, \u201eLeksingtona\u201d novieto j\u0101tnieku tie\u0161i virs zirga smaguma centra. T\u0101d\u0113j\u0101di zirgam ir viegl\u0101k l\u012bdzsvarot j\u0101tnieka svaru.<\/p>\n<p>Pateicoties nedaudz plat\u0101kajiem un gar\u0101kajiem seglu sp\u0101rniem un pareizi veidotajiem ce\u013cu blokiem, j\u0101tnieka k\u0101ja tiek pareizi novietota atbilsto\u0161i iej\u0101des pras\u012bb\u0101m. K\u0101 ar\u012b ir iesp\u0113jams pievienot papildus ce\u013cu blokus izmantojot velcro stiprin\u0101jumu (iek\u013cauti divi da\u017e\u0101di izm\u0113ri). \u0160iem ce\u013cu blokiem ir \u201cAir Pump System\u201d , kas \u013cauj cirkul\u0113t gaisam, nodro\u0161inot maksim\u0101lu komfortu un atbalstu k\u0101j\u0101m.<\/p>\n<p>\u0160ie segli nodro\u0161ina maksim\u0101lu komfortu ar\u012b ja izmantojat tos ilgsto\u0161\u0101m izj\u0101d\u0113m. T\u0101p\u0113c tie ir apr\u012bkoti ar 6 D-gredzeniem, lai piestiprin\u0101tu seglu segu un bag\u0101\u017eu. T\u0101pat k\u0101 visiem Barefoot segliem, ar\u012b \u0161iem ir iesp\u0113jams nomain\u012bt seglu loku (izm\u0113rs \u201cvid\u0113jais\u201d).<\/p>\n<p>\u0160is seglu modelis pieejams meln\u0101 kr\u0101s\u0101, tr\u012bs da\u017e\u0101dos izm\u0113ros un divos variantos.<\/p>\n<ul>\n<li>0 p\u0113c pas\u016bt\u012bjuma (pieg\u0101des laiks 8-12 ned\u0113\u013cas): ieteicami j\u0101tniekiem l\u012bdz S izm\u0113ram<\/li>\n<li>1. izm\u0113rs, \u012bsi sp\u0101rni &#8211; maz\u0101ki, \u0161aur\u0101ki seglu sp\u0101rni, ieteicami j\u0101tniekiem l\u012bdz M \/ L izm\u0113ram un 170 cm<\/li>\n<li>1. izm\u0113rs, gari sp\u0101rni &#8211; gar\u0101ki, plat\u0101ki seglu sp\u0101rni, ieteicami j\u0101tniekiem ar izm\u0113ru M \/ L, 170 cm vai gar\u0101kiem ar pagar\u0101m k\u0101j\u0101m<\/li>\n<li>2. izm\u0113rs, \u012bsi sp\u0101rni &#8211; maz\u0101ki, \u0161aur\u0101ki seglu sp\u0101rni, ieteicami j\u0101tniekiem no L izm\u0113ra,  170 cm  vai \u012bs\u0101ki<\/li>\n<li>2. izm\u0113rs, gari sp\u0101rni &#8211; gar\u0101ki, plat\u0101ki seglu sp\u0101rni, ieteicami j\u0101tniekiem no L izm\u0113ra, kas ir gar\u0101ki par 170 cm un kam ir garas k\u0101jas<\/li>\n<\/ul>\n","protected":false},"excerpt":{"rendered":"<ul>\n<li>Elast\u012bgi segli, izgatavoti no nubuka \u0101das<\/li>\n<li>Ce\u013cu bloki regul\u0113jami ar velcro<\/li>\n<li>K\u0101p\u0161\u013cu siksnas var p\u0101rvietot p\u0113c vajadz\u012bbas<\/li>\n<li>\u0136\u012b\u013cveida VPS sist\u0113ma<\/li>\n<li>V-veida v\u0113derjostas sist\u0113ma<\/li>\n<\/ul>\n","protected":false},"featured_media":364,"template":"","meta":[],"product_brand":[],"product_cat":[871],"product_tag":[851,825,831],"class_list":{"0":"post-5123","1":"product","2":"type-product","3":"status-publish","4":"has-post-thumbnail","6":"product_cat-bezkarkasa-segli","7":"product_tag-ada","8":"product_tag-elegants","9":"product_tag-trenins","10":"product_shipping_class-kurjeru-piegade","11":"pa_flap-gars","12":"pa_flap-iss","13":"pa_size-0-lv","14":"pa_size-1-lv","15":"pa_size-2-lv","17":"first","18":"onbackorder","19":"shipping-taxable","20":"purchasable","21":"product-type-variable"},"_links":{"self":[{"href":"https:\/\/www.barefoot-baltics.ee\/lv\/wp-json\/wp\/v2\/product\/5123","targetHints":{"allow":["GET"]}}],"collection":[{"href":"https:\/\/www.barefoot-baltics.ee\/lv\/wp-json\/wp\/v2\/product"}],"about":[{"href":"https:\/\/www.barefoot-baltics.ee\/lv\/wp-json\/wp\/v2\/types\/product"}],"wp:featuredmedia":[{"embeddable":true,"href":"https:\/\/www.barefoot-baltics.ee\/lv\/wp-json\/wp\/v2\/media\/364"}],"wp:attachment":[{"href":"https:\/\/www.barefoot-baltics.ee\/lv\/wp-json\/wp\/v2\/media?parent=5123"}],"wp:term":[{"taxonomy":"product_brand","embeddable":true,"href":"https:\/\/www.barefoot-baltics.ee\/lv\/wp-json\/wp\/v2\/product_brand?post=5123"},{"taxonomy":"product_cat","embeddable":true,"href":"https:\/\/www.barefoot-baltics.ee\/lv\/wp-json\/wp\/v2\/product_cat?post=5123"},{"taxonomy":"product_tag","embeddable":true,"href":"https:\/\/www.barefoot-baltics.ee\/lv\/wp-json\/wp\/v2\/product_tag?post=5123"}],"curies":[{"name":"wp","href":"https:\/\/api.w.org\/{rel}","templated":true}]}}