{"id":5102,"date":"2018-07-29T12:54:30","date_gmt":"2018-07-29T09:54:30","guid":{"rendered":"https:\/\/www.barefoot-baltics.ee\/product\/erts-seglu-miksta-pastaiga\/"},"modified":"2025-01-23T08:35:47","modified_gmt":"2025-01-23T06:35:47","slug":"erts-seglu-pastaiga","status":"publish","type":"product","link":"https:\/\/www.barefoot-baltics.ee\/lv\/produkts\/erts-seglu-pastaiga\/","title":{"rendered":"P\u0101rg\u0101jienu segli \u201cPastaiga\u201d"},"content":{"rendered":"<p>Barefoot \u201cPastaiga\u201d ir \u012bpa\u0161i \u0113rti segli gan zirgam, gan j\u0101tniekam. Tie tika rad\u012bti, \u0146emot v\u0113r\u0101 j\u0101tnieku atsauksmes, kuri v\u0113l\u0113j\u0101s  \u012bst\u0101s ait\u0101das seglus, kas nerad\u012btu probl\u0113mas zirga mugurai, nemaks\u0101tu d\u0101rgi, bet ar\u012b pied\u0101v\u0101tu maksim\u0101lu komfortu.<\/p>\n<p>\u201ePastaiga\u201d konstrukcija atbilst Barefoot koncepcijai. Tie nodro\u0161ina t\u0101du pa\u0161u aizsardz\u012bbu zirgam un ir tikpat elast\u012bgi. Integr\u0113t\u0101 VPS sist\u0113ma aizsarg\u0101 zirga muguru no spiediena punktiem. Segli piel\u0101gojas zirga kust\u012bb\u0101m, \u013caujot musku\u013cu att\u012bst\u012bbu.<\/p>\n<p>\u201ePastaiga\u201d pied\u0101v\u0101 v\u0113l liel\u0101ku komfortu j\u0101tniekam. S\u0113dvieta ir \u012bpa\u0161i m\u012bksta, un lielais  putu polster\u0113jums nodro\u0161ina dro\u0161u un komfortablu saj\u016btu. Segli pied\u0101v\u0101 vair\u0101k nek\u0101 tikai atbalstu, tie \u201eieskauj\u201d j\u0101tnieku m\u012bksti un dro\u0161i.<\/p>\n<p>Apak\u0161\u0113j\u0101 da\u013ca ir izgatavota no bieza vilnas. Segliem ir 4 D-gredzeni, lai var\u0113tu pievienot visas jums nepiecie\u0161am\u0101s lietas. Kvalitat\u012bv\u0101s \u0101das siksnas seglu s\u0101nos kalpo k\u0101 dekors, tai pat laik\u0101 piestiprina ait\u0101das s\u0113dvietu pie seglu pamata. <\/p>\n<p>Seglu loku (vid\u0113jais) iesp\u0113jams nomain\u012bt t\u0101pat k\u0101 visiem Barefoot mode\u013ciem.<\/p>\n","protected":false},"excerpt":{"rendered":"<ul>\n<li>Paredz\u0113ti ilgsto\u0161iem p\u0101rg\u0101jienam<\/li>\n<li>Nav spiediena punktu zem k\u0101p\u0161\u013cu siksn\u0101m<\/li>\n<li>\u012asta ait\u0101da kop\u0101 ar m\u0101ksl\u012bgo \u0101du<\/li>\n<li>Piel\u0101gojas zirgam<\/li>\n<li>\u0112rta un dro\u0161a s\u0113dvieta<\/li>\n<\/ul>\n","protected":false},"featured_media":474,"template":"","meta":[],"product_brand":[],"product_cat":[871],"product_tag":[837,821,867],"class_list":{"0":"post-5102","1":"product","2":"type-product","3":"status-publish","4":"has-post-thumbnail","6":"product_cat-bezkarkasa-segli","7":"product_tag-ipasi-erti","8":"product_tag-maksliga-ada","9":"product_tag-pargajienu","10":"product_shipping_class-kurjeru-piegade","11":"pa_size-1-lv","12":"pa_size-2-lv","14":"first","15":"onbackorder","16":"shipping-taxable","17":"purchasable","18":"product-type-variable"},"_links":{"self":[{"href":"https:\/\/www.barefoot-baltics.ee\/lv\/wp-json\/wp\/v2\/product\/5102","targetHints":{"allow":["GET"]}}],"collection":[{"href":"https:\/\/www.barefoot-baltics.ee\/lv\/wp-json\/wp\/v2\/product"}],"about":[{"href":"https:\/\/www.barefoot-baltics.ee\/lv\/wp-json\/wp\/v2\/types\/product"}],"wp:featuredmedia":[{"embeddable":true,"href":"https:\/\/www.barefoot-baltics.ee\/lv\/wp-json\/wp\/v2\/media\/474"}],"wp:attachment":[{"href":"https:\/\/www.barefoot-baltics.ee\/lv\/wp-json\/wp\/v2\/media?parent=5102"}],"wp:term":[{"taxonomy":"product_brand","embeddable":true,"href":"https:\/\/www.barefoot-baltics.ee\/lv\/wp-json\/wp\/v2\/product_brand?post=5102"},{"taxonomy":"product_cat","embeddable":true,"href":"https:\/\/www.barefoot-baltics.ee\/lv\/wp-json\/wp\/v2\/product_cat?post=5102"},{"taxonomy":"product_tag","embeddable":true,"href":"https:\/\/www.barefoot-baltics.ee\/lv\/wp-json\/wp\/v2\/product_tag?post=5102"}],"curies":[{"name":"wp","href":"https:\/\/api.w.org\/{rel}","templated":true}]}}