{"id":5095,"date":"2018-06-23T13:52:32","date_gmt":"2018-06-23T10:52:32","guid":{"rendered":"https:\/\/www.barefoot-baltics.ee\/product\/daudzpusigs-seglu-berideila\/"},"modified":"2025-01-23T08:33:47","modified_gmt":"2025-01-23T06:33:47","slug":"daudzpusigs-seglu-berideila","status":"publish","type":"product","link":"https:\/\/www.barefoot-baltics.ee\/lv\/produkts\/daudzpusigs-seglu-berideila\/","title":{"rendered":"Univers\u0101lie segli  \u201eBerideila\u201d"},"content":{"rendered":"<p>\u201eBerideila\u201d ir univers\u0101lie segli, anatomiski veidoti un izgatavoti no m\u012bkstas \u0101das. Ce\u013cu bloki iestr\u0101d\u0101ti no\u0146emamaj\u0101 s\u0113dviet\u0101, t\u0101dej\u0101di ieliekot j\u0101tnieku &#8220;r\u0101m\u012b&#8221;. Segli dod dzi\u013cu un \u013coti dro\u0161u  s\u0113dpoz\u012bciju, neatkar\u012bgi no t\u0101, vai dotaties izj\u0101d\u0113 uz me\u017eu vai izpildat iej\u0101des elementus man\u0113\u017e\u0101.<\/p>\n<p>Tie ir \u013coti popul\u0101ri ar\u012b iztur\u012bbas j\u0101\u0161anas entuziastu vid\u016b. Seglu anatomisk\u0101 forma prec\u012bzi novieto j\u016bsu k\u0101jas \u0113rt\u0101 poz\u012bcij\u0101, neradot nevajadz\u012bgu spiedienu &#8211; un t\u0101 ir liela priek\u0161roc\u012bba garos p\u0101rg\u0101jienos. K\u0101p\u0161\u013cu siksnas iesp\u0113jams novietot t\u0101, lai t\u0101s atbilstu v\u0113lamajam s\u0113dvietas st\u0101voklim un izm\u0113ram. Tiem ir elast\u012bga, V-veida v\u0113derjostas stiprin\u0101\u0161anas sist\u0113ma, t\u0101dej\u0101di dodot iesp\u0113ju seglus izmantot ar\u012b nestandarta form\u0101m. T\u0101pat k\u0101 visi Barefoot segli, ar\u012b \u201eBerideila\u201d novieto j\u0101tnieku virs zirga smaguma centra, lai zirgam b\u016btu viegl\u0101k nol\u012bdzsvarot j\u016bsu svaru. Seglu forma \u013cauj daudz izteikt\u0101k izjust zirga kust\u012bbas, \u013caujot j\u0101tniekam \u0101tr\u0101k apg\u016bt j\u0101\u0161anas prasmes un l\u012bdzsvaru.<\/p>\n<p>9 D gredzeni, lai nostiprin\u0101tu seglu paliktni, bag\u0101\u017eu u.c. T\u0101pat k\u0101 visiem Barefoot segliem, ir iesp\u0113jams nomain\u012bt seglu loku (izm\u0113rs \u201cvid\u0113js\u201d).<\/p>\n<p>Piln\u012bb\u0101 meln\u0101s kr\u0101sas segli ir izgatavoti no m\u012bkst\u0101kas \u0101das nek\u0101 p\u0101r\u0113jie mode\u013ci.<\/p>\n","protected":false},"excerpt":{"rendered":"<ul>\n<li>Anatomiskas formas ce\u013cu bloki<\/li>\n<li>Novieto j\u0101tnieku \u0113rt\u0101 poz\u012bcij\u0101<\/li>\n<li>Dzi\u013ca un \u013coti dro\u0161a s\u0113dvieta<\/li>\n<li>Piem\u0113roti ilgsto\u0161\u0101m izj\u0101d\u0113m<\/li>\n<\/ul>\n","protected":false},"featured_media":2260,"template":"","meta":[],"product_brand":[],"product_cat":[871],"product_tag":[851,868],"class_list":{"0":"post-5095","1":"product","2":"type-product","3":"status-publish","4":"has-post-thumbnail","6":"product_cat-bezkarkasa-segli","7":"product_tag-ada","8":"product_tag-universals","9":"product_shipping_class-kurjeru-piegade","10":"pa_colour-bruns-lazdu-rieksts","11":"pa_colour-melns","12":"pa_colour-melns-peleks","13":"pa_size-1-lv","14":"pa_size-2-lv","16":"first","17":"onbackorder","18":"shipping-taxable","19":"purchasable","20":"product-type-variable"},"_links":{"self":[{"href":"https:\/\/www.barefoot-baltics.ee\/lv\/wp-json\/wp\/v2\/product\/5095","targetHints":{"allow":["GET"]}}],"collection":[{"href":"https:\/\/www.barefoot-baltics.ee\/lv\/wp-json\/wp\/v2\/product"}],"about":[{"href":"https:\/\/www.barefoot-baltics.ee\/lv\/wp-json\/wp\/v2\/types\/product"}],"wp:featuredmedia":[{"embeddable":true,"href":"https:\/\/www.barefoot-baltics.ee\/lv\/wp-json\/wp\/v2\/media\/2260"}],"wp:attachment":[{"href":"https:\/\/www.barefoot-baltics.ee\/lv\/wp-json\/wp\/v2\/media?parent=5095"}],"wp:term":[{"taxonomy":"product_brand","embeddable":true,"href":"https:\/\/www.barefoot-baltics.ee\/lv\/wp-json\/wp\/v2\/product_brand?post=5095"},{"taxonomy":"product_cat","embeddable":true,"href":"https:\/\/www.barefoot-baltics.ee\/lv\/wp-json\/wp\/v2\/product_cat?post=5095"},{"taxonomy":"product_tag","embeddable":true,"href":"https:\/\/www.barefoot-baltics.ee\/lv\/wp-json\/wp\/v2\/product_tag?post=5095"}],"curies":[{"name":"wp","href":"https:\/\/api.w.org\/{rel}","templated":true}]}}