{"id":5081,"date":"2018-07-09T15:37:30","date_gmt":"2018-07-09T12:37:30","guid":{"rendered":"https:\/\/www.barefoot-baltics.ee\/product\/pargajienu-segli-ciroki\/"},"modified":"2025-01-23T08:38:13","modified_gmt":"2025-01-23T06:38:13","slug":"pargajienu-segli-ciroki","status":"publish","type":"product","link":"https:\/\/www.barefoot-baltics.ee\/lv\/produkts\/pargajienu-segli-ciroki\/","title":{"rendered":"P\u0101rg\u0101jienu segli \u201c\u010ciroki\u201d"},"content":{"rendered":"<p>Barefoot  \u201c\u010ciroki\u201d ir daudzpus\u012bgi, zirgam draudz\u012bgi segli, kas ir ide\u0101li piem\u0113rots gariem p\u0101rg\u0101jieniem. Tie ir izgatavoti no iztur\u012bgas govs \u0101das, kura ir apstr\u0101d\u0101ta, lai atgr\u016bstu net\u012brumus. Tie ir \u013coti elast\u012bgi un labi piel\u0101gojas zirga muguras formai.<\/p>\n<p>Apak\u0161\u0113j\u0101 da\u013ca ir izgatavota no biezas vilnas, kura kr\u0101sa atbilst seglu kr\u0101sai. Visi stiprin\u0101jumi izgatavoti no \u0101das, 8 D-gredzeni. Seglu sp\u0101rni ir polster\u0113ti, ce\u013cu bloki stiprin\u0101s ar velcro sist\u0113mas pal\u012bdz\u012bbu, \u013caujot to novietojumu regul\u0113t p\u0113c nepiecie\u0161am\u012bbas. Tas pats attiecas uz k\u0101p\u0161\u013cu siksnu regul\u0113\u0161anas sist\u0113mu. <\/p>\n<p>Stikla \u0161\u0137iedras seglu loku (vid\u0113jais) iesp\u0113jams nomain\u012bt.<\/p>\n","protected":false},"excerpt":{"rendered":"<ul>\n<li>\u012apa\u0161i piem\u0113roti p\u0101rg\u0101jieniem<\/li>\n<li>Elast\u012bgi, piel\u0101gojas zirga mugurai<\/li>\n<li>Iztur\u012bga govs \u0101da, net\u012brumus atgr\u016bdo\u0161a<\/li>\n<li>Regul\u0113jami ce\u013cu bloki un k\u0101p\u0161\u013cu stiprin\u0101jumi<\/li>\n<\/ul>\n","protected":false},"featured_media":288,"template":"","meta":[],"product_brand":[],"product_cat":[871],"product_tag":[851,832,867,868],"class_list":{"0":"post-5081","1":"product","2":"type-product","3":"status-publish","4":"has-post-thumbnail","6":"product_cat-bezkarkasa-segli","7":"product_tag-ada","8":"product_tag-izturigs","9":"product_tag-pargajienu","10":"product_tag-universals","11":"product_shipping_class-kurjeru-piegade","12":"pa_size-1-lv","13":"pa_size-2-lv","15":"first","16":"onbackorder","17":"shipping-taxable","18":"purchasable","19":"product-type-variable"},"_links":{"self":[{"href":"https:\/\/www.barefoot-baltics.ee\/lv\/wp-json\/wp\/v2\/product\/5081","targetHints":{"allow":["GET"]}}],"collection":[{"href":"https:\/\/www.barefoot-baltics.ee\/lv\/wp-json\/wp\/v2\/product"}],"about":[{"href":"https:\/\/www.barefoot-baltics.ee\/lv\/wp-json\/wp\/v2\/types\/product"}],"wp:featuredmedia":[{"embeddable":true,"href":"https:\/\/www.barefoot-baltics.ee\/lv\/wp-json\/wp\/v2\/media\/288"}],"wp:attachment":[{"href":"https:\/\/www.barefoot-baltics.ee\/lv\/wp-json\/wp\/v2\/media?parent=5081"}],"wp:term":[{"taxonomy":"product_brand","embeddable":true,"href":"https:\/\/www.barefoot-baltics.ee\/lv\/wp-json\/wp\/v2\/product_brand?post=5081"},{"taxonomy":"product_cat","embeddable":true,"href":"https:\/\/www.barefoot-baltics.ee\/lv\/wp-json\/wp\/v2\/product_cat?post=5081"},{"taxonomy":"product_tag","embeddable":true,"href":"https:\/\/www.barefoot-baltics.ee\/lv\/wp-json\/wp\/v2\/product_tag?post=5081"}],"curies":[{"name":"wp","href":"https:\/\/api.w.org\/{rel}","templated":true}]}}