{"id":5067,"date":"2018-06-23T10:29:35","date_gmt":"2018-06-23T07:29:35","guid":{"rendered":"https:\/\/www.barefoot-baltics.ee\/product\/endurance-segli-atlanta\/"},"modified":"2025-01-23T08:33:51","modified_gmt":"2025-01-23T06:33:51","slug":"endurance-segli-atlanta","status":"publish","type":"product","link":"https:\/\/www.barefoot-baltics.ee\/lv\/produkts\/endurance-segli-atlanta\/","title":{"rendered":"Endurance segli \u201cAtlanta\u201d"},"content":{"rendered":"<p>Barefoot \u201cAtlanta\u201d ir viegli, zirgam draudz\u012bgi segli, kas  izgatavoti no iztur\u012bgas, m\u012bkstas govs \u0101das. \u012apa\u0161i piem\u0113roti iztur\u012bbas j\u0101\u0161anas entuziastiem un ilgsto\u0161u izj\u0101\u017eu m\u012b\u013cot\u0101jiem.Tie ir  elast\u012bgi un piel\u0101gojas  zirga muguras formai.<br \/>\nVirsma apstr\u0101d\u0101ta, lai atgr\u016bstu net\u012brumus. Seglu apak\u0161puse ir gai\u0161a un izgatavota no biezas vilnas. Ir pieejamas 8 D-gredzeni, \u0101das siksni\u0146as, lai piestiprin\u0101tu nepiecie\u0161amo apr\u012bkojumu. Seglu sp\u0101rni ir \u012bsi un apa\u013ci. <\/p>\n<p>K\u0101p\u0161\u013cu siksnu novietojumu iesp\u0113jams regul\u0113t, un seglu loks ir main\u0101ms, lai tas atbilstu zirga skaustam. (izm\u0113rs \u201cvid\u0113jais\u201d)<\/p>\n","protected":false},"excerpt":{"rendered":"<ul>\n<li>\u013boti viegli p\u0101rg\u0101jienu un iztur\u012bbas j\u0101\u0161anas segli<\/li>\n<li>Elast\u012bgi; piel\u0101gojas zirga mugurai<\/li>\n<li>Izgatavoti no m\u012bkstas, govs \u0101das<\/li>\n<li>\u013boti \u0113rti ilg\u0101m izj\u0101d\u0113m<\/li>\n<li>Ang\u013cu tipa v\u0113derjosta<\/li>\n<\/ul>\n","protected":false},"featured_media":2240,"template":"","meta":[],"product_brand":[],"product_cat":[871],"product_tag":[851,835,852],"class_list":{"0":"post-5067","1":"product","2":"type-product","3":"status-publish","4":"has-post-thumbnail","6":"product_cat-bezkarkasa-segli","7":"product_tag-ada","8":"product_tag-izturiba","9":"product_tag-viegli","10":"product_shipping_class-kurjeru-piegade","11":"pa_colour-bruns","12":"pa_colour-melns","13":"pa_size-1-lv","14":"pa_size-2-lv","15":"pa_size-3-lv","17":"first","18":"onbackorder","19":"shipping-taxable","20":"purchasable","21":"product-type-variable"},"_links":{"self":[{"href":"https:\/\/www.barefoot-baltics.ee\/lv\/wp-json\/wp\/v2\/product\/5067","targetHints":{"allow":["GET"]}}],"collection":[{"href":"https:\/\/www.barefoot-baltics.ee\/lv\/wp-json\/wp\/v2\/product"}],"about":[{"href":"https:\/\/www.barefoot-baltics.ee\/lv\/wp-json\/wp\/v2\/types\/product"}],"wp:featuredmedia":[{"embeddable":true,"href":"https:\/\/www.barefoot-baltics.ee\/lv\/wp-json\/wp\/v2\/media\/2240"}],"wp:attachment":[{"href":"https:\/\/www.barefoot-baltics.ee\/lv\/wp-json\/wp\/v2\/media?parent=5067"}],"wp:term":[{"taxonomy":"product_brand","embeddable":true,"href":"https:\/\/www.barefoot-baltics.ee\/lv\/wp-json\/wp\/v2\/product_brand?post=5067"},{"taxonomy":"product_cat","embeddable":true,"href":"https:\/\/www.barefoot-baltics.ee\/lv\/wp-json\/wp\/v2\/product_cat?post=5067"},{"taxonomy":"product_tag","embeddable":true,"href":"https:\/\/www.barefoot-baltics.ee\/lv\/wp-json\/wp\/v2\/product_tag?post=5067"}],"curies":[{"name":"wp","href":"https:\/\/api.w.org\/{rel}","templated":true}]}}