{"id":5057,"date":"2018-07-19T09:55:30","date_gmt":"2018-07-19T06:55:30","guid":{"rendered":"https:\/\/www.barefoot-baltics.ee\/product\/universalie-segli-vienkarsi-pielagot-maksliga-ada\/"},"modified":"2025-01-23T08:37:33","modified_gmt":"2025-01-23T06:37:33","slug":"regulejams-seglu-vienkarsi-pielagot","status":"publish","type":"product","link":"https:\/\/www.barefoot-baltics.ee\/lv\/produkts\/regulejams-seglu-vienkarsi-pielagot\/","title":{"rendered":"Univers\u0101lie segli \u201eVienk\u0101r\u0161i piel\u0101got\u201d (m\u0101ksl\u012bg\u0101 \u0101da)"},"content":{"rendered":"<p>\u201cVienk\u0101r\u0161i piel\u0101got\u201d segliem ir regul\u0113jams s\u0113dvietas izm\u0113rs&#8230; Tas noz\u012bm\u0113, ka varat \u0161os seglus izmantot da\u017e\u0101das komplekt\u0101cijas j\u0101tniekiem. S\u0113dvieta ir no\u0146emama un t\u0101s izm\u0113ru var regul\u0113t ar velcro sist\u0113mas pal\u012bdz\u012bbu. \u0160i seglu sist\u0113ma \u013cauj jums piel\u0101got s\u0113dvietas izm\u0113ru katram j\u0101tniekam individu\u0101li. <\/p>\n<p>\u201cVienk\u0101r\u0161i piel\u0101got\u201d nodro\u0161ina p\u0101rvietojamus aug\u0161stilba blokus dro\u0161ai s\u0113dvietai un main\u0101mas k\u0101p\u0161\u013cu siksnas, kuras iesp\u0113jams regul\u0113t atkar\u012bb\u0101 no j\u0101tnieka izm\u0113ra un v\u0113lm\u0113m. Seglu forma un VPS sist\u0113ma  piel\u0101gosies zirga muguras formai.<\/p>\n<p>\u0160ie segli ir ide\u0101li piem\u0113roti j\u0101\u0161anas skol\u0101m un sta\u013c\u013ciem, kur vieni segli tiek lietoti vair\u0101kiem j\u0101tniekiem, k\u0101 ar\u012b  piem\u0113roti j\u0101tniekiem, kuriem main\u0101s \u0137erme\u0146a forma, piem\u0113ram, gr\u016btniec\u012bbas vai di\u0113tas laik\u0101. \u201eVienk\u0101r\u0161i piel\u0101got\u201d pied\u0101v\u0101 atbalstu un dro\u0161\u012bbu. <\/p>\n<p>Virsma  izgatavota no viegli kopjamas m\u0101ksl\u012bg\u0101s \u0101das, ko sauc par Drytex, un tie ir apr\u012bkoti ar nesl\u012bdo\u0161u zam\u0161\u0101das s\u0113dvietu. Apak\u0161puse ir izgatavota no melnas vilnas. Ir 6 D-gredzeni, lai piestiprin\u0101tu seglu somas un \/ vai bag\u0101\u017eu. Iek\u013cauto  seglu loku (izm\u0113rs: \u201cvid\u0113js\u201d) iesp\u0113jams nomain\u012bt t\u0101pat visiem Barefoot segliem.<\/p>\n<p>Ar\u012b \u0161iem segliem iesak\u0101m izmantot atbilsto\u0161as \u200b\u200bm\u0101ksl\u012bg\u0101s \u0101das k\u0101p\u0161\u013cu siksnas, jo dab\u012bg\u0101s \u0101das siksnu malas ar laiku var saboj\u0101t m\u0101ksl\u012bgo \u0101du. M\u0113s iesak\u0101m m\u016bsu DryTex seglus izmantot k\u0101 rezerves variantu vai ies\u0101c\u0113jiem. Ja j\u016bs vi\u0146us izmantojat past\u0101v\u012bgi, ir v\u0113rts ieg\u0101d\u0101ties \u0161o seglu \u0101das versiju.<\/p>\n","protected":false},"excerpt":{"rendered":"<ul>\n<li>Regul\u0113jams seglu izm\u0113rs<\/li>\n<li>P\u0101rvietojami bloki<\/li>\n<li>Regul\u0113jama k\u0101p\u0161\u013cu siksnu poz\u012bcija<\/li>\n<li>Nesl\u012bdo\u0161a zam\u0161\u0101das s\u0113dvieta<\/li>\n<li>Ide\u0101li piem\u0113rots j\u0101\u0161anas skol\u0101m<\/li>\n<\/ul>\n","protected":false},"featured_media":345,"template":"","meta":[],"product_brand":[],"product_cat":[871],"product_tag":[821,818],"class_list":{"0":"post-5057","1":"product","2":"type-product","3":"status-publish","4":"has-post-thumbnail","6":"product_cat-bezkarkasa-segli","7":"product_tag-maksliga-ada","8":"product_tag-regulejams","9":"product_shipping_class-kurjeru-piegade","10":"pa_size-0-1-2-lv","11":"pa_size-1-2-3-lv","13":"first","14":"onbackorder","15":"shipping-taxable","16":"purchasable","17":"product-type-variable"},"_links":{"self":[{"href":"https:\/\/www.barefoot-baltics.ee\/lv\/wp-json\/wp\/v2\/product\/5057","targetHints":{"allow":["GET"]}}],"collection":[{"href":"https:\/\/www.barefoot-baltics.ee\/lv\/wp-json\/wp\/v2\/product"}],"about":[{"href":"https:\/\/www.barefoot-baltics.ee\/lv\/wp-json\/wp\/v2\/types\/product"}],"wp:featuredmedia":[{"embeddable":true,"href":"https:\/\/www.barefoot-baltics.ee\/lv\/wp-json\/wp\/v2\/media\/345"}],"wp:attachment":[{"href":"https:\/\/www.barefoot-baltics.ee\/lv\/wp-json\/wp\/v2\/media?parent=5057"}],"wp:term":[{"taxonomy":"product_brand","embeddable":true,"href":"https:\/\/www.barefoot-baltics.ee\/lv\/wp-json\/wp\/v2\/product_brand?post=5057"},{"taxonomy":"product_cat","embeddable":true,"href":"https:\/\/www.barefoot-baltics.ee\/lv\/wp-json\/wp\/v2\/product_cat?post=5057"},{"taxonomy":"product_tag","embeddable":true,"href":"https:\/\/www.barefoot-baltics.ee\/lv\/wp-json\/wp\/v2\/product_tag?post=5057"}],"curies":[{"name":"wp","href":"https:\/\/api.w.org\/{rel}","templated":true}]}}