{"id":5054,"date":"2018-06-29T15:10:29","date_gmt":"2018-06-29T12:10:29","guid":{"rendered":"https:\/\/www.barefoot-baltics.ee\/product\/veganu-segli-saiena\/"},"modified":"2025-01-23T08:38:18","modified_gmt":"2025-01-23T06:38:18","slug":"veganu-segli-saiena","status":"publish","type":"product","link":"https:\/\/www.barefoot-baltics.ee\/lv\/produkts\/veganu-segli-saiena\/","title":{"rendered":"Veg\u0101nu segli &#8220;\u0160aiena&#8221; (m\u0101ksl\u012bg\u0101 \u0101da)"},"content":{"rendered":"<p>\u201e\u0160aiena\u201d ir izgatavoti neizmantojot dz\u012bvnieku izcelsmes produktus. \u0100da netiek izmantota visp\u0101r, jo pat apa\u013c\u0101s siksnas ir izgatavotas no sint\u0113tisk\u0101 materi\u0101la. P\u0101r\u0113jie materi\u0101li atbilst  \u201c\u0160aiena\u201d segliem, kas izgatavoti no m\u0101ksl\u012bg\u0101s \u0101das. Barefoot m\u0101ksl\u012bg\u0101 \u0101da tiek saukta par DryTex, un tai ir nedaudz graudaina virsma. \u0160is materi\u0101ls ir \u013coti viegls un to var t\u012br\u012bt  ar mitru s\u016bkli.<\/p>\n<p>\u201e\u0160aiena\u201d ir \u012bpa\u0161i iecien\u012bts to j\u0101tnieku vid\u016b, kas v\u0113las br\u012bv\u012bbu s\u0113dviet\u0101, jo nav ce\u013ca bloku, kas ierobe\u017eotu k\u0101ju kust\u012bbu. \u201e\u0160aiena\u201d labi piel\u0101gojas zirga mugurai. Seglu apak\u0161\u0113j\u0101 da\u013ca ir izgatavota no biezas vilnas ar atbilsto\u0161u kr\u0101su. Ir 6 D-gredzeni, lai pievienotu nepiecie\u0161am\u0101s  mantas j\u016bsu p\u0101rg\u0101jiena \/ izj\u0101des vajadz\u012bb\u0101m. Stikla \u0161\u0137iedras loku  (iek\u013cauts izm\u0113rs \u201cvid\u0113js\u201d) var nomain\u012bt t\u0101pat k\u0101 visiem Barefoot s\u0113dek\u013ciem.<\/p>\n<p>Ar\u012b \u0161iem segliem m\u0113s iesak\u0101m izmantot  \u200b\u200bm\u0101ksl\u012bg\u0101s \u0101das k\u0101p\u0161\u013cu siksnas, lai netiktu boj\u0101ts seglu materi\u0101ls. M\u0113s iesak\u0101m m\u016bsu DryTex s\u0113dek\u013cus izmantot vair\u0101k k\u0101 rezerves variantu vai ies\u0101c\u0113jiem. Ja segli tiek izmanto regul\u0101ri, tad v\u0113rts apdom\u0101t  \u0101das seglu varianta ieg\u0101di. Iz\u0146emot gad\u012bjumus, kad v\u0113laties attur\u0113ties no dz\u012bvnieku izcelsmes produktu lieto\u0161anas, t\u0101d\u0101 gadijum\u0101 \u0161is modelis b\u016bs \u012bst\u0101 izv\u0113le. <\/p>\n<p>\u0160\u012b mode\u013ca segli  ir pieejams tikai meln\u0101 kr\u0101s\u0101.<\/p>\n","protected":false},"excerpt":{"rendered":"<ul>\n<li>Izgatavoti neizmantojot dz\u012bvnieku izcelsmes sast\u0101vda\u013cas<\/li>\n<li>\u013boti viegli, sver tikai 4 kg<\/li>\n<li>Cie\u0161s kontakts, \u0113rta s\u0113dvieta<\/li>\n<li>Bez ce\u013cu blokiem<\/li>\n<\/ul>\n","protected":false},"featured_media":2340,"template":"","meta":[],"product_brand":[],"product_cat":[871],"product_tag":[821,868,852],"class_list":{"0":"post-5054","1":"product","2":"type-product","3":"status-publish","4":"has-post-thumbnail","6":"product_cat-bezkarkasa-segli","7":"product_tag-maksliga-ada","8":"product_tag-universals","9":"product_tag-viegli","10":"product_shipping_class-kurjeru-piegade","11":"pa_size-1-lv","12":"pa_size-2-lv","14":"first","15":"onbackorder","16":"shipping-taxable","17":"purchasable","18":"product-type-variable"},"_links":{"self":[{"href":"https:\/\/www.barefoot-baltics.ee\/lv\/wp-json\/wp\/v2\/product\/5054","targetHints":{"allow":["GET"]}}],"collection":[{"href":"https:\/\/www.barefoot-baltics.ee\/lv\/wp-json\/wp\/v2\/product"}],"about":[{"href":"https:\/\/www.barefoot-baltics.ee\/lv\/wp-json\/wp\/v2\/types\/product"}],"wp:featuredmedia":[{"embeddable":true,"href":"https:\/\/www.barefoot-baltics.ee\/lv\/wp-json\/wp\/v2\/media\/2340"}],"wp:attachment":[{"href":"https:\/\/www.barefoot-baltics.ee\/lv\/wp-json\/wp\/v2\/media?parent=5054"}],"wp:term":[{"taxonomy":"product_brand","embeddable":true,"href":"https:\/\/www.barefoot-baltics.ee\/lv\/wp-json\/wp\/v2\/product_brand?post=5054"},{"taxonomy":"product_cat","embeddable":true,"href":"https:\/\/www.barefoot-baltics.ee\/lv\/wp-json\/wp\/v2\/product_cat?post=5054"},{"taxonomy":"product_tag","embeddable":true,"href":"https:\/\/www.barefoot-baltics.ee\/lv\/wp-json\/wp\/v2\/product_tag?post=5054"}],"curies":[{"name":"wp","href":"https:\/\/api.w.org\/{rel}","templated":true}]}}