{"id":5051,"date":"2018-06-21T11:22:22","date_gmt":"2018-06-21T08:22:22","guid":{"rendered":"https:\/\/www.barefoot-baltics.ee\/product\/vesterna-segli-berniem\/"},"modified":"2025-01-23T08:34:31","modified_gmt":"2025-01-23T06:34:31","slug":"vesterna-segli-berniem","status":"publish","type":"product","link":"https:\/\/www.barefoot-baltics.ee\/lv\/produkts\/vesterna-segli-berniem\/","title":{"rendered":"Vesterna segli \u201eArizona\u201d b\u0113rniem (m\u0101ksl\u012bg\u0101 \u0101da)"},"content":{"rendered":"<p>\u0160ie ir seglu \u201eArizona\u201d b\u0113rnu versija. Izgatavoti no m\u0101ksl\u012bg\u0101s Barefoot \u0101das, ko sauc par DryTex, kas ir \u016bdensnecaurlaid\u012bga un ar gludu strukt\u016bru. Viegli kopjami- nepiecie\u0161am\u012bbas gad\u012bjum\u0101 var vienk\u0101r\u0161i noslauc\u012bt ar lupati\u0146u.<\/p>\n<p>\u0160iem segliem ir pane\u013cu sist\u0113ma zirga mugurkaula aizsardz\u012bbai no ab\u0101m pus\u0113m. Segli dro\u0161i novieto j\u0101tnieku vien\u0101 punkt\u0101. Ies\u0101c\u0113ji var tur\u0113ties pie raga. Segli \u013cauj pilnv\u0113rt\u012bgi izjust zirga kust\u012bbu amplit\u016bdu k\u0101 rezult\u0101t\u0101 j\u0101tnieks \u0101tr\u0101k sp\u0113j atrast l\u012bdzsvaru.<\/p>\n<p>Seglu apak\u0161\u0113j\u0101 da\u013c\u0101 ir vilnas odere, un gar s\u0101niem papildus  6 D-gredzeni, lai \u0113rti pa\u0146emtu l\u012bdz t\u0101dus priek\u0161metus k\u0101 seglu segas vai da\u017e\u0101dus s\u012bkumus. \u201eArizona\u201d komplekt\u0101 ietilpst seglu sp\u0101rni, siksnas, v\u0113derjostas siksnu tur\u0113t\u0101ji ab\u0101m pus\u0113m (izgatavoti no neilona).<\/p>\n","protected":false},"excerpt":{"rendered":"<ul>\n<li>\u013boti viegli vesterna segli b\u0113rniem<\/li>\n<li>Izgatavots no \u016bdensnecaurlaid\u012bgas m\u0101ksl\u012bg\u0101s \u0101das, kuru ir viegli kopt.<\/li>\n<li>S\u0113dvietas dizains sniedz papildus dro\u0161\u012bbu un \u0113rt\u012bbu<\/li>\n<\/ul>\n","protected":false},"featured_media":2212,"template":"","meta":[],"product_brand":[],"product_cat":[871],"product_tag":[842,821,869,852],"class_list":{"0":"post-5051","1":"product","2":"type-product","3":"status-publish","4":"has-post-thumbnail","6":"product_cat-bezkarkasa-segli","7":"product_tag-berniem","8":"product_tag-maksliga-ada","9":"product_tag-vesterna","10":"product_tag-viegli","11":"product_shipping_class-paku-stacija","12":"pa_colour-melns-bruns","13":"pa_colour-melns-gaisi-zils","15":"first","16":"onbackorder","17":"shipping-taxable","18":"purchasable","19":"product-type-variable"},"_links":{"self":[{"href":"https:\/\/www.barefoot-baltics.ee\/lv\/wp-json\/wp\/v2\/product\/5051","targetHints":{"allow":["GET"]}}],"collection":[{"href":"https:\/\/www.barefoot-baltics.ee\/lv\/wp-json\/wp\/v2\/product"}],"about":[{"href":"https:\/\/www.barefoot-baltics.ee\/lv\/wp-json\/wp\/v2\/types\/product"}],"wp:featuredmedia":[{"embeddable":true,"href":"https:\/\/www.barefoot-baltics.ee\/lv\/wp-json\/wp\/v2\/media\/2212"}],"wp:attachment":[{"href":"https:\/\/www.barefoot-baltics.ee\/lv\/wp-json\/wp\/v2\/media?parent=5051"}],"wp:term":[{"taxonomy":"product_brand","embeddable":true,"href":"https:\/\/www.barefoot-baltics.ee\/lv\/wp-json\/wp\/v2\/product_brand?post=5051"},{"taxonomy":"product_cat","embeddable":true,"href":"https:\/\/www.barefoot-baltics.ee\/lv\/wp-json\/wp\/v2\/product_cat?post=5051"},{"taxonomy":"product_tag","embeddable":true,"href":"https:\/\/www.barefoot-baltics.ee\/lv\/wp-json\/wp\/v2\/product_tag?post=5051"}],"curies":[{"name":"wp","href":"https:\/\/api.w.org\/{rel}","templated":true}]}}