{"id":5045,"date":"2018-06-29T13:04:14","date_gmt":"2018-06-29T10:04:14","guid":{"rendered":"https:\/\/www.barefoot-baltics.ee\/product\/maksliga-adas-segla\/"},"modified":"2025-01-23T08:38:23","modified_gmt":"2025-01-23T06:38:23","slug":"maksliga-adas-segla","status":"publish","type":"product","link":"https:\/\/www.barefoot-baltics.ee\/lv\/produkts\/maksliga-adas-segla\/","title":{"rendered":"Univers\u0101lie segli \u201e\u0160aiena\u201d (m\u0101ksl\u012bg\u0101 \u0101da)"},"content":{"rendered":"<p>\u0160ie ir m\u016bsu popul\u0101r\u0101kie segli &#8211; \u201e\u0160aiena\u201d &#8211; izgatavota no \u016bdensnecaurlaid\u012bgas Barefoot m\u0101ksl\u012bg\u0101s \u0101das, ko sauc par DryTex, kurai ir nedaudz graudaina strukt\u016bra. \u0160is materi\u0101ls ir \u013coti viegls un to var t\u012br\u012bt ar mitru s\u016bkli. \u201e \u0160aiena\u201d ir \u012bpa\u0161i iecien\u012bts to j\u0101tnieku vid\u016b, kas v\u0113las justies seglos br\u012bvi, jo nav ce\u013ca bloku, kas ierobe\u017eotu k\u0101ju kust\u012bbu.<\/p>\n<p>\u201e \u0160aiena\u201d labi piel\u0101gojas zirga mugurai. Seglu apak\u0161\u0113j\u0101 da\u013ca ir izgatavota no biezas vilnas ar atbilsto\u0161u kr\u0101su. Ir 6 D-gredzeni, lai pievienotu visu nepiecie\u0161amo j\u016bsu izj\u0101des \/ p\u0101rg\u0101jiena vajadz\u012bb\u0101m. Stikl\u0161\u0137iedras priek\u0161\u0113jo loku (iek\u013cauts \u201cvid\u0113js\u201d) var nomain\u012bt t\u0101pat k\u0101 p\u0101r\u0113jiem Barefoot segliem.<\/p>\n<p>\u0160iem segliem iesak\u0101m izmantot atbilsto\u0161as \u200b\u200bm\u0101ksl\u012bg\u0101s \u0101das k\u0101p\u0161\u013cu siksnas, jo dab\u012bg\u0101s \u0101das siksnu malas ar laiku var saboj\u0101t m\u0101ksl\u012bgo \u0101du. M\u0113s iesak\u0101m m\u016bsu DryTex seglus izmantot k\u0101 rezerves variantu vai ies\u0101c\u0113jiem. Ja j\u016bs vi\u0146us izmantojat past\u0101v\u012bgi, ir v\u0113rts ieg\u0101d\u0101ties \u0161\u012b seglu mode\u013ca \u0101das versiju.<\/p>\n","protected":false},"excerpt":{"rendered":"<p>\u0160ie ir m\u016bsu popul\u0101r\u0101kie segli &#8211; \u201e\u0160aiena\u201d &#8211; izgatavota no \u016bdensnecaurlaid\u012bgas Barefoot m\u0101ksl\u012bg\u0101s \u0101das, ko sauc par DryTex, kurai ir nedaudz graudaina strukt\u016bra. \u0160is materi\u0101ls ir \u013coti viegls un to var t\u012br\u012bt ar mitru s\u016bkli. \u201e \u0160aiena\u201d ir \u012bpa\u0161i iecien\u012bts to j\u0101tnieku vid\u016b, kas v\u0113las justies seglos br\u012bvi, jo nav ce\u013ca bloku, kas ierobe\u017eotu k\u0101ju [&hellip;]<\/p>\n","protected":false},"featured_media":2356,"template":"","meta":[],"product_brand":[],"product_cat":[871],"product_tag":[821,868,852],"class_list":{"0":"post-5045","1":"product","2":"type-product","3":"status-publish","4":"has-post-thumbnail","6":"product_cat-bezkarkasa-segli","7":"product_tag-maksliga-ada","8":"product_tag-universals","9":"product_tag-viegli","10":"product_shipping_class-kurjeru-piegade","11":"pa_colour-bruns","12":"pa_colour-melns","13":"pa_size-0-lv","14":"pa_size-1-lv","15":"pa_size-2-lv","17":"first","18":"onbackorder","19":"shipping-taxable","20":"purchasable","21":"product-type-variable"},"_links":{"self":[{"href":"https:\/\/www.barefoot-baltics.ee\/lv\/wp-json\/wp\/v2\/product\/5045","targetHints":{"allow":["GET"]}}],"collection":[{"href":"https:\/\/www.barefoot-baltics.ee\/lv\/wp-json\/wp\/v2\/product"}],"about":[{"href":"https:\/\/www.barefoot-baltics.ee\/lv\/wp-json\/wp\/v2\/types\/product"}],"wp:featuredmedia":[{"embeddable":true,"href":"https:\/\/www.barefoot-baltics.ee\/lv\/wp-json\/wp\/v2\/media\/2356"}],"wp:attachment":[{"href":"https:\/\/www.barefoot-baltics.ee\/lv\/wp-json\/wp\/v2\/media?parent=5045"}],"wp:term":[{"taxonomy":"product_brand","embeddable":true,"href":"https:\/\/www.barefoot-baltics.ee\/lv\/wp-json\/wp\/v2\/product_brand?post=5045"},{"taxonomy":"product_cat","embeddable":true,"href":"https:\/\/www.barefoot-baltics.ee\/lv\/wp-json\/wp\/v2\/product_cat?post=5045"},{"taxonomy":"product_tag","embeddable":true,"href":"https:\/\/www.barefoot-baltics.ee\/lv\/wp-json\/wp\/v2\/product_tag?post=5045"}],"curies":[{"name":"wp","href":"https:\/\/api.w.org\/{rel}","templated":true}]}}