{"id":5014,"date":"2018-06-27T07:38:49","date_gmt":"2018-06-27T04:38:49","guid":{"rendered":"https:\/\/www.barefoot-baltics.ee\/product\/universalie-segli-saiena-berniem-maksliga-ada\/"},"modified":"2025-01-23T08:33:35","modified_gmt":"2025-01-23T06:33:35","slug":"universalie-segli-saiena-berniem-maksliga-ada","status":"publish","type":"product","link":"https:\/\/www.barefoot-baltics.ee\/lv\/produkts\/universalie-segli-saiena-berniem-maksliga-ada\/","title":{"rendered":"Univers\u0101lie segli \u201e\u0160aiena\u201d b\u0113rniem (m\u0101ksl\u012bg\u0101 \u0101da)"},"content":{"rendered":"<p>M\u0101ksl\u012bg\u0101s \u0101das segli, kas paredz\u0113ti b\u0113rniem l\u012bdz 140 cm. Seglu materi\u0101ls ir \u016bdensnecaurlaid\u012bgs un tiem ir nedaudz graudaina virma. Tie ir \u013coti viegli un tos var t\u012br\u012bt izmantojot vien mitru s\u016bkli.<\/p>\n<p>&#8220;\u0160aiena&#8221; ir m\u016bsu popul\u0101r\u0101kais modelis, \u012bpa\u0161i iem\u012b\u013cots to j\u0101tnieku vid\u016b kuriem pat\u012bk kust\u012bbu br\u012bv\u012bba. Segli labi piel\u0101gojas zirga muguras formai. Ce\u013cu bloki neierobe\u017eo j\u0101tnieka k\u0101jas kust\u012bbas.<\/p>\n<p>Apak\u0161\u0113j\u0101 da\u013ca ir izgatavota no bieza vilnas, un t\u0101s kr\u0101sa atbilst seglu kr\u0101sai. Ir pieejamas ar neilona apdari un 6 D-gredzeniem, lai b\u016btu iesp\u0113jams piestiprin\u0101t visas jums nepiecie\u0161am\u0101s lietas izj\u0101dei. Stikla \u0161\u0137iedras loku (izm\u0113rs \u201cplats\u201d iek\u013cauts) iesp\u0113jams nomain\u012bt uz m\u012bkst\u0101 materi\u0101la seglu loku.<\/p>\n<p>M\u0113s iesak\u0101m izmantot m\u0101ksl\u012bg\u0101s \u0101das k\u0101p\u0161\u013cu siksnas, jo dab\u012bg\u0101 \u0101da ar laiku var saboj\u0101t materi\u0101lu. Vai ar\u012b izmantot m\u016bsu pied\u0101v\u0101tos \u0101das k\u0101p\u0161\u013cu siksnu aizsargus.<\/p>\n","protected":false},"excerpt":{"rendered":"<ul>\n<li>M\u0101ksl\u012bg\u0101 \u0101da<\/li>\n<li>\u013boti viegli &#8211; tikai 3 kg!<\/li>\n<li>Cie\u0161s kontakts ar zirgu<\/li>\n<li>\u0112rti<\/li>\n<\/ul>\n","protected":false},"featured_media":2376,"template":"","meta":[],"product_brand":[],"product_cat":[871],"product_tag":[842,821,852],"class_list":{"0":"post-5014","1":"product","2":"type-product","3":"status-publish","4":"has-post-thumbnail","6":"product_cat-bezkarkasa-segli","7":"product_tag-berniem","8":"product_tag-maksliga-ada","9":"product_tag-viegli","10":"product_shipping_class-paku-stacija","11":"pa_colour-bruns","12":"pa_colour-bruns-roza","13":"pa_colour-melns","14":"pa_colour-melns-bruns","15":"pa_colour-melns-gaisi-zils","17":"first","18":"onbackorder","19":"shipping-taxable","20":"purchasable","21":"product-type-variable"},"_links":{"self":[{"href":"https:\/\/www.barefoot-baltics.ee\/lv\/wp-json\/wp\/v2\/product\/5014","targetHints":{"allow":["GET"]}}],"collection":[{"href":"https:\/\/www.barefoot-baltics.ee\/lv\/wp-json\/wp\/v2\/product"}],"about":[{"href":"https:\/\/www.barefoot-baltics.ee\/lv\/wp-json\/wp\/v2\/types\/product"}],"wp:featuredmedia":[{"embeddable":true,"href":"https:\/\/www.barefoot-baltics.ee\/lv\/wp-json\/wp\/v2\/media\/2376"}],"wp:attachment":[{"href":"https:\/\/www.barefoot-baltics.ee\/lv\/wp-json\/wp\/v2\/media?parent=5014"}],"wp:term":[{"taxonomy":"product_brand","embeddable":true,"href":"https:\/\/www.barefoot-baltics.ee\/lv\/wp-json\/wp\/v2\/product_brand?post=5014"},{"taxonomy":"product_cat","embeddable":true,"href":"https:\/\/www.barefoot-baltics.ee\/lv\/wp-json\/wp\/v2\/product_cat?post=5014"},{"taxonomy":"product_tag","embeddable":true,"href":"https:\/\/www.barefoot-baltics.ee\/lv\/wp-json\/wp\/v2\/product_tag?post=5014"}],"curies":[{"name":"wp","href":"https:\/\/api.w.org\/{rel}","templated":true}]}}