{"id":5732,"date":"2019-06-13T11:38:54","date_gmt":"2019-06-13T08:38:54","guid":{"rendered":"https:\/\/www.barefoot-baltics.ee\/zini-ka\/ka-pareizi-lietot-vesterna-vederjostu\/"},"modified":"2019-06-13T11:38:55","modified_gmt":"2019-06-13T08:38:55","slug":"ka-pareizi-lietot-vesterna-vederjostu","status":"publish","type":"page","link":"https:\/\/www.barefoot-baltics.ee\/lv\/zini-ka\/ka-pareizi-lietot-vesterna-vederjostu\/","title":{"rendered":"K\u0101 pareizi lietot vesterna v\u0113derjostu?"},"content":{"rendered":"\n<p>Ja v\u0113laties izmantot Barefoot vesterna seglus, jums ir j\u0101zina, k\u0101 izmantot vesterna v\u0113derjostu (ja vien neizmantojat vederjostas p\u0101rveidot\u0101ju). \u0160\u012b ir prasme, kas nepiecie\u0161ama katram vesterna j\u0101tniekam. L\u016bk, k\u0101 to dar\u012bt.<\/p>\n\n<p><strong>1. solis<\/strong>. Uzlieciet seglus uz zirga un piestipriniet jostu labaj\u0101 pus\u0113.<\/p>\n\n<div class=\"wp-block-image\"><figure class=\"aligncenter is-resized\"><a href=\"https:\/\/www.barefoot-baltics.ee\/wp-content\/uploads\/2019\/03\/western-cinch-1.png\"><img loading=\"lazy\" decoding=\"async\" src=\"https:\/\/www.barefoot-baltics.ee\/wp-content\/uploads\/2019\/03\/western-cinch-1.png\" alt=\"western cinch\" class=\"wp-image-2078\" width=\"278\" height=\"371\" srcset=\"https:\/\/www.barefoot-baltics.ee\/wp-content\/uploads\/2019\/03\/western-cinch-1.png 555w, https:\/\/www.barefoot-baltics.ee\/wp-content\/uploads\/2019\/03\/western-cinch-1-416x555.png 416w, https:\/\/www.barefoot-baltics.ee\/wp-content\/uploads\/2019\/03\/western-cinch-1-225x300.png 225w\" sizes=\"auto, (max-width: 278px) 100vw, 278px\" \/><\/a><figcaption>Piestipriniet jostu labaj\u0101 pus\u0113<\/figcaption><\/figure><\/div>\n\n<p><strong>2. solis<\/strong>. Lai nostiprin\u0101tu siksnu kreisaj\u0101 pus\u0113, izvelciet siksni\u0146u caur spr\u0101dzi no aizmugures uz priek\u0161u.<\/p>\n\n<div class=\"wp-block-image\"><figure class=\"aligncenter is-resized\"><a href=\"https:\/\/www.barefoot-baltics.ee\/wp-content\/uploads\/2019\/03\/western-cinch-2.png\"><img loading=\"lazy\" decoding=\"async\" src=\"https:\/\/www.barefoot-baltics.ee\/wp-content\/uploads\/2019\/03\/western-cinch-2.png\" alt=\"western cinch\" class=\"wp-image-2077\" width=\"269\" height=\"367\" srcset=\"https:\/\/www.barefoot-baltics.ee\/wp-content\/uploads\/2019\/03\/western-cinch-2.png 538w, https:\/\/www.barefoot-baltics.ee\/wp-content\/uploads\/2019\/03\/western-cinch-2-416x568.png 416w, https:\/\/www.barefoot-baltics.ee\/wp-content\/uploads\/2019\/03\/western-cinch-2-220x300.png 220w\" sizes=\"auto, (max-width: 269px) 100vw, 269px\" \/><\/a><figcaption>Izvelciet siksni\u0146u caur spr\u0101dzi no aizmugures uz priek\u0161u.<\/figcaption><\/figure><\/div>\n\n<p><strong>3. solis<\/strong>. Tagad siksna ir j\u0101pavelk no priek\u0161puses uz aizmuguri caur seglu D gredzenu. Tad atkal piestipriniet siksnu apa\u013caj\u0101 spr\u0101dz\u0113, no aizmugures uz priek\u0161u.<\/p>\n\n<div class=\"wp-block-image\"><figure class=\"aligncenter is-resized\"><a href=\"https:\/\/www.barefoot-baltics.ee\/wp-content\/uploads\/2019\/03\/western-cinch-3.png\"><img loading=\"lazy\" decoding=\"async\" src=\"https:\/\/www.barefoot-baltics.ee\/wp-content\/uploads\/2019\/03\/western-cinch-3.png\" alt=\"western cinch\" class=\"wp-image-2076\" width=\"276\" height=\"368\" srcset=\"https:\/\/www.barefoot-baltics.ee\/wp-content\/uploads\/2019\/03\/western-cinch-3.png 551w, https:\/\/www.barefoot-baltics.ee\/wp-content\/uploads\/2019\/03\/western-cinch-3-416x555.png 416w, https:\/\/www.barefoot-baltics.ee\/wp-content\/uploads\/2019\/03\/western-cinch-3-225x300.png 225w\" sizes=\"auto, (max-width: 276px) 100vw, 276px\" \/><\/a><figcaption>Atkal piestipriniet siksnu apa\u013caj\u0101 spr\u0101dz\u0113, no aizmugures uz priek\u0161u.<\/figcaption><\/figure><\/div>\n\n<p><strong>4. solis<\/strong>. Nostipriniet v\u0113derjostu, savelkot seglu siksnu, l\u012bdz segli ir pareizi nostiprin\u0101ti.<\/p>\n\n<div class=\"wp-block-image\"><figure class=\"aligncenter is-resized\"><a href=\"https:\/\/www.barefoot-baltics.ee\/wp-content\/uploads\/2019\/03\/western-cinch-4.png\"><img loading=\"lazy\" decoding=\"async\" src=\"https:\/\/www.barefoot-baltics.ee\/wp-content\/uploads\/2019\/03\/western-cinch-4.png\" alt=\"western cinch\" class=\"wp-image-2075\" width=\"280\" height=\"372\" srcset=\"https:\/\/www.barefoot-baltics.ee\/wp-content\/uploads\/2019\/03\/western-cinch-4.png 559w, https:\/\/www.barefoot-baltics.ee\/wp-content\/uploads\/2019\/03\/western-cinch-4-416x554.png 416w, https:\/\/www.barefoot-baltics.ee\/wp-content\/uploads\/2019\/03\/western-cinch-4-225x300.png 225w\" sizes=\"auto, (max-width: 280px) 100vw, 280px\" \/><\/a><figcaption>Nostipriniet v\u0113derjostu<\/figcaption><\/figure><\/div>\n\n<p><strong>5. solis<\/strong>. Kad esat sasniedzis v\u0113lamo, nostipriniet v\u0113derjostas spr\u0101dzi tuv\u0101kaj\u0101 siksnas caurum\u0101.<\/p>\n\n<div class=\"wp-block-image\"><figure class=\"aligncenter is-resized\"><a href=\"https:\/\/www.barefoot-baltics.ee\/wp-content\/uploads\/2019\/03\/western-cinch-5.png\"><img loading=\"lazy\" decoding=\"async\" src=\"https:\/\/www.barefoot-baltics.ee\/wp-content\/uploads\/2019\/03\/western-cinch-5.png\" alt=\"western cinch\" class=\"wp-image-2074\" width=\"273\" height=\"372\" srcset=\"https:\/\/www.barefoot-baltics.ee\/wp-content\/uploads\/2019\/03\/western-cinch-5.png 546w, https:\/\/www.barefoot-baltics.ee\/wp-content\/uploads\/2019\/03\/western-cinch-5-416x566.png 416w, https:\/\/www.barefoot-baltics.ee\/wp-content\/uploads\/2019\/03\/western-cinch-5-220x300.png 220w\" sizes=\"auto, (max-width: 273px) 100vw, 273px\" \/><\/a><figcaption>Nostipriniet v\u0113derjostas spr\u0101dzi tuv\u0101kaj\u0101 siksnas caurum\u0101.<\/figcaption><\/figure><\/div>\n\n<p><strong>6. solis<\/strong>. Spr\u0101dzes k\u0101ji\u0146u j\u0101nostiprina, pavelkot seglu siksnu uz aug\u0161u. Pareiza nostiprin\u0101\u0161ana ir svar\u012bga, lai segli b\u016btu dro\u0161i nostiprin\u0101ti.<\/p>\n\n<div class=\"wp-block-image\"><figure class=\"aligncenter is-resized\"><a href=\"https:\/\/www.barefoot-baltics.ee\/wp-content\/uploads\/2019\/03\/western-cinch-6.png\"><img loading=\"lazy\" decoding=\"async\" src=\"https:\/\/www.barefoot-baltics.ee\/wp-content\/uploads\/2019\/03\/western-cinch-6.png\" alt=\"western cinch\" class=\"wp-image-2073\" width=\"284\" height=\"372\" srcset=\"https:\/\/www.barefoot-baltics.ee\/wp-content\/uploads\/2019\/03\/western-cinch-6.png 567w, https:\/\/www.barefoot-baltics.ee\/wp-content\/uploads\/2019\/03\/western-cinch-6-416x545.png 416w, https:\/\/www.barefoot-baltics.ee\/wp-content\/uploads\/2019\/03\/western-cinch-6-229x300.png 229w\" sizes=\"auto, (max-width: 284px) 100vw, 284px\" \/><\/a><figcaption>Spr\u0101dzes k\u0101ji\u0146u j\u0101nostiprina<\/figcaption><\/figure><\/div>\n\n<p><strong>7. solis<\/strong>. Nostipriniet seglu siksnas galu tam paredz\u0113taj\u0101 viet\u0101 seglu aug\u0161pus\u0113.<\/p>\n\n<div class=\"wp-block-image\"><figure class=\"aligncenter is-resized\"><a href=\"https:\/\/www.barefoot-baltics.ee\/wp-content\/uploads\/2019\/03\/western-cinch-7.png\"><img loading=\"lazy\" decoding=\"async\" src=\"https:\/\/www.barefoot-baltics.ee\/wp-content\/uploads\/2019\/03\/western-cinch-7.png\" alt=\"western cinch\" class=\"wp-image-2072\" width=\"254\" height=\"370\" srcset=\"https:\/\/www.barefoot-baltics.ee\/wp-content\/uploads\/2019\/03\/western-cinch-7.png 508w, https:\/\/www.barefoot-baltics.ee\/wp-content\/uploads\/2019\/03\/western-cinch-7-416x605.png 416w, https:\/\/www.barefoot-baltics.ee\/wp-content\/uploads\/2019\/03\/western-cinch-7-206x300.png 206w\" sizes=\"auto, (max-width: 254px) 100vw, 254px\" \/><\/a><figcaption>Nostipriniet seglu siksnas galu<\/figcaption><\/figure><\/div>\n\n<p><a href=\"https:\/\/www.barefoot-baltics.ee\/lv\/zini-ka\/\">Atpaka\u013c<\/a><\/p>\n","protected":false},"excerpt":{"rendered":"<p>Ja v\u0113laties izmantot Barefoot vesterna seglus, jums ir j\u0101zina, k\u0101 izmantot vesterna v\u0113derjostu (ja vien neizmantojat vederjostas p\u0101rveidot\u0101ju). \u0160\u012b ir prasme, kas nepiecie\u0161ama katram vesterna j\u0101tniekam. L\u016bk, k\u0101 to dar\u012bt. 1. solis. Uzlieciet seglus uz zirga un piestipriniet jostu labaj\u0101 pus\u0113. 2. solis. Lai nostiprin\u0101tu siksnu kreisaj\u0101 pus\u0113, izvelciet siksni\u0146u caur spr\u0101dzi no aizmugures uz [&hellip;]<\/p>\n","protected":false},"author":1,"featured_media":0,"parent":5678,"menu_order":0,"comment_status":"closed","ping_status":"closed","template":"","meta":{"footnotes":""},"class_list":["post-5732","page","type-page","status-publish","hentry"],"_links":{"self":[{"href":"https:\/\/www.barefoot-baltics.ee\/lv\/wp-json\/wp\/v2\/pages\/5732","targetHints":{"allow":["GET"]}}],"collection":[{"href":"https:\/\/www.barefoot-baltics.ee\/lv\/wp-json\/wp\/v2\/pages"}],"about":[{"href":"https:\/\/www.barefoot-baltics.ee\/lv\/wp-json\/wp\/v2\/types\/page"}],"author":[{"embeddable":true,"href":"https:\/\/www.barefoot-baltics.ee\/lv\/wp-json\/wp\/v2\/users\/1"}],"replies":[{"embeddable":true,"href":"https:\/\/www.barefoot-baltics.ee\/lv\/wp-json\/wp\/v2\/comments?post=5732"}],"version-history":[{"count":1,"href":"https:\/\/www.barefoot-baltics.ee\/lv\/wp-json\/wp\/v2\/pages\/5732\/revisions"}],"predecessor-version":[{"id":5733,"href":"https:\/\/www.barefoot-baltics.ee\/lv\/wp-json\/wp\/v2\/pages\/5732\/revisions\/5733"}],"up":[{"embeddable":true,"href":"https:\/\/www.barefoot-baltics.ee\/lv\/wp-json\/wp\/v2\/pages\/5678"}],"wp:attachment":[{"href":"https:\/\/www.barefoot-baltics.ee\/lv\/wp-json\/wp\/v2\/media?parent=5732"}],"curies":[{"name":"wp","href":"https:\/\/api.w.org\/{rel}","templated":true}]}}