{"id":5728,"date":"2019-03-13T09:40:37","date_gmt":"2019-03-13T07:40:37","guid":{"rendered":"https:\/\/www.barefoot-baltics.ee\/zini-ka\/ka-sasiet-mekates-pavadu-bosalim\/"},"modified":"2019-06-13T11:25:03","modified_gmt":"2019-06-13T08:25:03","slug":"ka-sasiet-mekates-pavadu-bosalim","status":"publish","type":"page","link":"https:\/\/www.barefoot-baltics.ee\/lv\/zini-ka\/ka-sasiet-mekates-pavadu-bosalim\/","title":{"rendered":"K\u0101 sasiet Mekates pavadu Bos\u0101lim?"},"content":{"rendered":"\n<p>\u0160\u0101di tiek sasieta mekate pavada priek\u0161 bos\u0101\u013ca. Burti apz\u012bm\u0113 sekojo\u0161\u0101s darb\u012bbas:<\/p>\n\n<ul class=\"wp-block-list\">\n<li>A \u2013 vad\u012bbas da\u013ca<\/li>\n<li>B \u2013 pu\u0161\u0137is<\/li>\n<li>C \u2013 vedam\u0101 pavada<\/li>\n<\/ul>\n<p>Kad esat pabeidzis sie\u0161anu, piespiediet mezglu uz leju.<\/p>\n\n<div class=\"wp-block-image\"><figure class=\"aligncenter is-resized\"><a href=\"https:\/\/www.barefoot-baltics.ee\/wp-content\/uploads\/2019\/03\/mecate-reins.png\"><img loading=\"lazy\" decoding=\"async\" src=\"https:\/\/www.barefoot-baltics.ee\/wp-content\/uploads\/2019\/03\/mecate-reins.png\" alt=\"mecate reins\" class=\"wp-image-2106\" width=\"613\" height=\"678\" srcset=\"https:\/\/www.barefoot-baltics.ee\/wp-content\/uploads\/2019\/03\/mecate-reins.png 817w, https:\/\/www.barefoot-baltics.ee\/wp-content\/uploads\/2019\/03\/mecate-reins-416x460.png 416w, https:\/\/www.barefoot-baltics.ee\/wp-content\/uploads\/2019\/03\/mecate-reins-271x300.png 271w, https:\/\/www.barefoot-baltics.ee\/wp-content\/uploads\/2019\/03\/mecate-reins-768x850.png 768w, https:\/\/www.barefoot-baltics.ee\/wp-content\/uploads\/2019\/03\/mecate-reins-600x664.png 600w\" sizes=\"auto, (max-width: 613px) 100vw, 613px\" \/><\/a><\/figure><\/div>\n\n<p><a href=\"https:\/\/www.barefoot-baltics.ee\/lv\/zini-ka\/\">Atpaka\u013c<\/a><\/p>\n","protected":false},"excerpt":{"rendered":"<p>\u0160\u0101di tiek sasieta mekate pavada priek\u0161 bos\u0101\u013ca. Burti apz\u012bm\u0113 sekojo\u0161\u0101s darb\u012bbas: A \u2013 vad\u012bbas da\u013ca B \u2013 pu\u0161\u0137is C \u2013 vedam\u0101 pavada Kad esat pabeidzis sie\u0161anu, piespiediet mezglu uz leju. Atpaka\u013c<\/p>\n","protected":false},"author":1,"featured_media":0,"parent":5678,"menu_order":0,"comment_status":"closed","ping_status":"closed","template":"","meta":{"footnotes":""},"class_list":["post-5728","page","type-page","status-publish","hentry"],"_links":{"self":[{"href":"https:\/\/www.barefoot-baltics.ee\/lv\/wp-json\/wp\/v2\/pages\/5728","targetHints":{"allow":["GET"]}}],"collection":[{"href":"https:\/\/www.barefoot-baltics.ee\/lv\/wp-json\/wp\/v2\/pages"}],"about":[{"href":"https:\/\/www.barefoot-baltics.ee\/lv\/wp-json\/wp\/v2\/types\/page"}],"author":[{"embeddable":true,"href":"https:\/\/www.barefoot-baltics.ee\/lv\/wp-json\/wp\/v2\/users\/1"}],"replies":[{"embeddable":true,"href":"https:\/\/www.barefoot-baltics.ee\/lv\/wp-json\/wp\/v2\/comments?post=5728"}],"version-history":[{"count":1,"href":"https:\/\/www.barefoot-baltics.ee\/lv\/wp-json\/wp\/v2\/pages\/5728\/revisions"}],"predecessor-version":[{"id":5729,"href":"https:\/\/www.barefoot-baltics.ee\/lv\/wp-json\/wp\/v2\/pages\/5728\/revisions\/5729"}],"up":[{"embeddable":true,"href":"https:\/\/www.barefoot-baltics.ee\/lv\/wp-json\/wp\/v2\/pages\/5678"}],"wp:attachment":[{"href":"https:\/\/www.barefoot-baltics.ee\/lv\/wp-json\/wp\/v2\/media?parent=5728"}],"curies":[{"name":"wp","href":"https:\/\/api.w.org\/{rel}","templated":true}]}}