{"id":5718,"date":"2018-09-27T09:17:45","date_gmt":"2018-09-27T06:17:45","guid":{"rendered":"https:\/\/www.barefoot-baltics.ee\/zini-ka\/ka-pielagot-seglu-paliktnus-ar-pildijumu\/"},"modified":"2019-06-13T11:13:51","modified_gmt":"2019-06-13T08:13:51","slug":"ka-pielagot-seglu-paliktnus-ar-pildijumu","status":"publish","type":"page","link":"https:\/\/www.barefoot-baltics.ee\/lv\/zini-ka\/ka-pielagot-seglu-paliktnus-ar-pildijumu\/","title":{"rendered":"K\u0101 piel\u0101got seglu palikt\u0146us ar pild\u012bjumu?"},"content":{"rendered":"<p>Segliem vienm\u0113r j\u0101atrodas uz zirga muguras.<\/p>\n<ul>\n<li>Pirmk\u0101rt, tiem j\u0101atrodas horizont\u0101li t\u0101, lai loks un seglu aizmugure b\u016btu vien\u0101 l\u012bmen\u012b,<\/li>\n<li>Otrk\u0101rt, k\u0101p\u0161\u013cu siksn\u0101m j\u0101atrodas vertik\u0101li t\u0101, lai seglu atrastos tiem paredz\u0113taj\u0101 viet\u0101.<\/li>\n<\/ul>\n<p>Ja novietojot seglus pareizaj\u0101 poz\u012bcij\u0101, loka un seglu aizmugure neatrodas vien\u0101 l\u012bmen\u012b j\u016bs varat \u0146emt pal\u012bg\u0101 seglu palikt\u0146u pild\u012bjumus, lai nov\u0113rstu nepiln\u012bbas. To dara \u0161\u0101di.<\/p>\n<p>Vispirms jums ir j\u0101nosaka kur\u0101 viet\u0101 nepiecie\u0161ams papildus seglu polster\u0113jums-priek\u0161\u0101, vid\u016b vai aizmugur\u0113.<\/p>\n<p>Papildus polster\u0113jums <strong>priek\u0161pus\u0113<\/strong> nepiecie\u0161ams, ja:<\/p>\n<ul>\n<li>Segli liec\u0101s uz priek\u0161u,<\/li>\n<li>Segli \u201ebrauc uz kakla\u201d,<\/li>\n<li>J\u0101tnieks j\u016btas (-i), it k\u0101 tiktu stumts uz priek\u0161u,<\/li>\n<li>Zirgam ir augsti krusti.<\/li>\n<\/ul>\n<p>Jums vajadz\u0113tu pievienot pild\u012bjumu <strong>vid\u016b<\/strong>, ja:<\/p>\n<ul>\n<li>Zirgs izteikti \u0161\u016bpo seglus.<\/li>\n<\/ul>\n<p>Pild\u012bjums <strong>aizmugur\u0113<\/strong> nepiecie\u0161ams, ja:<\/p>\n<ul>\n<li>Segli sl\u012bd atpaka\u013c,<\/li>\n<li>J\u0101tniekam liekas, ka vi\u0146\u0161 sl\u012bd atpaka\u013c,<\/li>\n<li>Zirgam ir \u013coti plati pleci,<\/li>\n<li>Zirgs ir \u013coti gar\u0161.<\/li>\n<\/ul>\n<p>Kad esat sapratis, kur nepiecie\u0161ams ievietot papildus pild\u012bjumu, jums nepiecie\u0161ams izgriezt atbilsto\u0161o gabalu ar \u0161\u0137\u0113r\u0113m. Jums vajadz\u0113tu griezt <strong>45 gr\u0101du le\u0146\u0137\u012b<\/strong>, jo tas padar\u012bs p\u0101reju vienm\u0113r\u012bg\u0101ku, no polster\u0113juma da\u013cas uz vietu bez t\u0101s.<\/p>\n\n<div class=\"wp-block-image\"><figure class=\"aligncenter\"><img loading=\"lazy\" decoding=\"async\" width=\"213\" height=\"155\" src=\"https:\/\/www.barefoot-baltics.ee\/wp-content\/uploads\/2019\/03\/cut-inlay.png\" alt=\"\" class=\"wp-image-2004\"><figcaption>Gumijas pild\u012bjuma grie\u0161ana<\/figcaption><\/figure><\/div>\n\n<p>M\u016bsu paliktnis \u201eSpeci\u0101lais\u201d ir apr\u012bkots ar putuplasta poliuret\u0101na pild\u012bjumiem, bet seglu paliktnim \u201cFizio\u201d ir poliuret\u0101na putu un gumijas ielikt\u0146i.<\/p>\n\n<p>Visbie\u017e\u0101k sastopamais palikt\u0146a regul\u0113\u0161anas veids ir griezt gumijas ielikt\u0146us div\u0101s vai trij\u0101s da\u013c\u0101s un novietot to uz seglu m\u012bkst\u0101k\u0101s poliuret\u0101na pild\u012bjumu virsmas, kas nosedz visu seglu palikt\u0146a garumu.<\/p>\n\n<figure class=\"wp-block-image\"><img loading=\"lazy\" decoding=\"async\" width=\"654\" height=\"168\" src=\"https:\/\/www.barefoot-baltics.ee\/wp-content\/uploads\/2019\/03\/filling.png\" alt=\"\" class=\"wp-image-2012\" srcset=\"https:\/\/www.barefoot-baltics.ee\/wp-content\/uploads\/2019\/03\/filling.png 654w, https:\/\/www.barefoot-baltics.ee\/wp-content\/uploads\/2019\/03\/filling-416x107.png 416w, https:\/\/www.barefoot-baltics.ee\/wp-content\/uploads\/2019\/03\/filling-300x77.png 300w, https:\/\/www.barefoot-baltics.ee\/wp-content\/uploads\/2019\/03\/filling-600x154.png 600w\" sizes=\"auto, (max-width: 654px) 100vw, 654px\" \/><\/figure>\n<p>\u0160\u0101di tas izskat\u0101s praks\u0113:<\/p>\n\n<figure class=\"wp-block-image\"><img loading=\"lazy\" decoding=\"async\" width=\"699\" height=\"340\" src=\"https:\/\/www.barefoot-baltics.ee\/wp-content\/uploads\/2019\/03\/filling-1.png\" alt=\"\" class=\"wp-image-2016\" srcset=\"https:\/\/www.barefoot-baltics.ee\/wp-content\/uploads\/2019\/03\/filling-1.png 699w, https:\/\/www.barefoot-baltics.ee\/wp-content\/uploads\/2019\/03\/filling-1-416x202.png 416w, https:\/\/www.barefoot-baltics.ee\/wp-content\/uploads\/2019\/03\/filling-1-300x146.png 300w, https:\/\/www.barefoot-baltics.ee\/wp-content\/uploads\/2019\/03\/filling-1-600x292.png 600w\" sizes=\"auto, (max-width: 699px) 100vw, 699px\" \/><\/figure>\n<p><a href=\"https:\/\/www.barefoot-baltics.ee\/lv\/zini-ka\/\">Atpaka\u013c<\/a><\/p>\n","protected":false},"excerpt":{"rendered":"<p>Segliem vienm\u0113r j\u0101atrodas uz zirga muguras. Pirmk\u0101rt, tiem j\u0101atrodas horizont\u0101li t\u0101, lai loks un seglu aizmugure b\u016btu vien\u0101 l\u012bmen\u012b, Otrk\u0101rt, k\u0101p\u0161\u013cu siksn\u0101m j\u0101atrodas vertik\u0101li t\u0101, lai seglu atrastos tiem paredz\u0113taj\u0101 viet\u0101. Ja novietojot seglus pareizaj\u0101 poz\u012bcij\u0101, loka un seglu aizmugure neatrodas vien\u0101 l\u012bmen\u012b j\u016bs varat \u0146emt pal\u012bg\u0101 seglu palikt\u0146u pild\u012bjumus, lai nov\u0113rstu nepiln\u012bbas. To dara [&hellip;]<\/p>\n","protected":false},"author":1,"featured_media":0,"parent":5678,"menu_order":0,"comment_status":"closed","ping_status":"closed","template":"","meta":{"footnotes":""},"class_list":["post-5718","page","type-page","status-publish","hentry"],"_links":{"self":[{"href":"https:\/\/www.barefoot-baltics.ee\/lv\/wp-json\/wp\/v2\/pages\/5718","targetHints":{"allow":["GET"]}}],"collection":[{"href":"https:\/\/www.barefoot-baltics.ee\/lv\/wp-json\/wp\/v2\/pages"}],"about":[{"href":"https:\/\/www.barefoot-baltics.ee\/lv\/wp-json\/wp\/v2\/types\/page"}],"author":[{"embeddable":true,"href":"https:\/\/www.barefoot-baltics.ee\/lv\/wp-json\/wp\/v2\/users\/1"}],"replies":[{"embeddable":true,"href":"https:\/\/www.barefoot-baltics.ee\/lv\/wp-json\/wp\/v2\/comments?post=5718"}],"version-history":[{"count":3,"href":"https:\/\/www.barefoot-baltics.ee\/lv\/wp-json\/wp\/v2\/pages\/5718\/revisions"}],"predecessor-version":[{"id":5721,"href":"https:\/\/www.barefoot-baltics.ee\/lv\/wp-json\/wp\/v2\/pages\/5718\/revisions\/5721"}],"up":[{"embeddable":true,"href":"https:\/\/www.barefoot-baltics.ee\/lv\/wp-json\/wp\/v2\/pages\/5678"}],"wp:attachment":[{"href":"https:\/\/www.barefoot-baltics.ee\/lv\/wp-json\/wp\/v2\/media?parent=5718"}],"curies":[{"name":"wp","href":"https:\/\/api.w.org\/{rel}","templated":true}]}}