{"id":5715,"date":"2018-09-27T09:17:10","date_gmt":"2018-09-27T06:17:10","guid":{"rendered":"https:\/\/www.barefoot-baltics.ee\/zini-ka\/ka-nomainit-seglu-loku\/"},"modified":"2019-06-13T10:58:03","modified_gmt":"2019-06-13T07:58:03","slug":"ka-nomainit-seglu-loku","status":"publish","type":"page","link":"https:\/\/www.barefoot-baltics.ee\/lv\/zini-ka\/ka-nomainit-seglu-loku\/","title":{"rendered":"K\u0101 nomain\u012bt seglu loku?"},"content":{"rendered":"<p>J\u016bs varat nomain\u012bt Barefoot seglu loku, lai piem\u0113rotu seglus da\u017e\u0101diem zirgiem, k\u0101 ar\u012b novietotu seglus taisni. Ir \u010detri da\u017e\u0101di izm\u0113ri:<\/p>\n<ul>\n<li>\u201c\u0160aurs\u201d (b\u0113\u0161a)<\/li>\n<li>\u201cVid\u0113js\u201d (pel\u0113ks)<\/li>\n<li>\u201cPlats\u201d (sarkans)<\/li>\n<li>\u201cXXL\u201d (zils)<\/li>\n<\/ul>\n<p>M\u016bsu ang\u013cu segliem parasti ir \u201evid\u0113js\u201d (pel\u0113ka) loka platums, savuk\u0101rt vesterna segli parasti ir apr\u012bkoti ar \u201cplato\u201d (sarkano) loku. Ja jums ir nepiecie\u0161ami papildus loki, tos varat ieg\u0101d\u0101ties m\u016bsu veikal\u0101.<\/p>\n<p>Loka mai\u0146a ir vienk\u0101r\u0161a. L\u016bdzu, novietojiet seglus uz sola vai kr\u0113sla muguras. Nenovietojiet tos uz l\u012bdzenas virsmas, piem\u0113ram, gr\u012bdas. Jauni segli ir nedaudz stingri, un jums b\u016bs j\u0101izmanto diezgan daudz sp\u0113ka, lai no\u0146emtu un nomain\u012btu loku, bet tas k\u013c\u016bs viegl\u0101k, jo vair\u0101k j\u016bs izmantosiet seglus.<\/p>\n<p><strong>PIRMAIS SOLIS<\/strong>. No\u0146emiet seglu s\u0113dvietu un piespiediet to uz priek\u0161u virs loka.<\/p>\n<p><a href=\"https:\/\/barefoot-baltics.ee\/wp-content\/uploads\/2018\/09\/change-pommel-1.jpg\"><img loading=\"lazy\" decoding=\"async\" class=\"alignnone size-medium wp-image-725\" src=\"https:\/\/www.barefoot-baltics.ee\/wp-content\/uploads\/2018\/09\/change-pommel-1-300x205.jpg\" alt=\"nomain\u012bt seglu loku\" width=\"300\" height=\"205\" srcset=\"https:\/\/www.barefoot-baltics.ee\/wp-content\/uploads\/2018\/09\/change-pommel-1-300x205.jpg 300w, https:\/\/www.barefoot-baltics.ee\/wp-content\/uploads\/2018\/09\/change-pommel-1-416x285.jpg 416w, https:\/\/www.barefoot-baltics.ee\/wp-content\/uploads\/2018\/09\/change-pommel-1-600x411.jpg 600w, https:\/\/www.barefoot-baltics.ee\/wp-content\/uploads\/2018\/09\/change-pommel-1.jpg 688w\" sizes=\"auto, (max-width: 300px) 100vw, 300px\" \/><\/a><\/p>\n<p><strong>OTRAIS SOLIS<\/strong>. Atveriet r\u0101v\u0113jsl\u0113dz\u0113ju un uzman\u012bgi atveriet kabatu.<\/p>\n<p><a href=\"https:\/\/barefoot-baltics.ee\/wp-content\/uploads\/2018\/09\/change-pommel-2.jpg\"><img loading=\"lazy\" decoding=\"async\" class=\"alignnone size-medium wp-image-724\" src=\"https:\/\/www.barefoot-baltics.ee\/wp-content\/uploads\/2018\/09\/change-pommel-2-300x200.jpg\" alt=\"nomain\u012bt seglu loku\" width=\"300\" height=\"200\" srcset=\"https:\/\/www.barefoot-baltics.ee\/wp-content\/uploads\/2018\/09\/change-pommel-2-300x200.jpg 300w, https:\/\/www.barefoot-baltics.ee\/wp-content\/uploads\/2018\/09\/change-pommel-2-416x278.jpg 416w, https:\/\/www.barefoot-baltics.ee\/wp-content\/uploads\/2018\/09\/change-pommel-2-600x401.jpg 600w, https:\/\/www.barefoot-baltics.ee\/wp-content\/uploads\/2018\/09\/change-pommel-2.jpg 704w\" sizes=\"auto, (max-width: 300px) 100vw, 300px\" \/><\/a><\/p>\n<p><strong>TRE\u0160AIS SOLIS<\/strong>. Izvelciet seglu loku no kabatas. Pavelciet to no vienas puses uz otru un p\u0113c tam otr\u0101di. Tad atk\u0101rtojiet utt. Tas var b\u016bt nedaudz gr\u016bt\u0101k jauniem segliem, bet j\u016bs to iz\u0146emsiet.<\/p>\n<p><a href=\"https:\/\/barefoot-baltics.ee\/wp-content\/uploads\/2018\/09\/change-pommel-3.jpg\"><img loading=\"lazy\" decoding=\"async\" class=\"alignnone size-medium wp-image-723\" src=\"https:\/\/www.barefoot-baltics.ee\/wp-content\/uploads\/2018\/09\/change-pommel-3-300x200.jpg\" alt=\"nomain\u012bt seglu loku\" width=\"300\" height=\"200\" srcset=\"https:\/\/www.barefoot-baltics.ee\/wp-content\/uploads\/2018\/09\/change-pommel-3-300x200.jpg 300w, https:\/\/www.barefoot-baltics.ee\/wp-content\/uploads\/2018\/09\/change-pommel-3-416x277.jpg 416w, https:\/\/www.barefoot-baltics.ee\/wp-content\/uploads\/2018\/09\/change-pommel-3-600x400.jpg 600w, https:\/\/www.barefoot-baltics.ee\/wp-content\/uploads\/2018\/09\/change-pommel-3.jpg 707w\" sizes=\"auto, (max-width: 300px) 100vw, 300px\" \/><\/a><\/p>\n<p><strong>CETURTAIS SOLIS<\/strong>. Ielieciet jaunu seglu loku kabat\u0101. Vispirms ievietojiet vienu pusi un tad otru. L\u016bdzu, piev\u0113rsiet uzman\u012bbu burtiem <strong>L<\/strong> un <strong>R<\/strong>. P\u0113c burtiem var noteikt, kura ir kreis\u0101 puse un kura lab\u0101 puse,  vadoties no j\u0101tnieka poz\u012bcijas seglos.<\/p>\n<p><a href=\"https:\/\/barefoot-baltics.ee\/wp-content\/uploads\/2018\/09\/change-pommel-4.jpg\"><img loading=\"lazy\" decoding=\"async\" class=\"alignnone size-medium wp-image-722\" src=\"https:\/\/www.barefoot-baltics.ee\/wp-content\/uploads\/2018\/09\/change-pommel-4-300x195.jpg\" alt=\"nomain\u012bt seglu loku\" width=\"300\" height=\"195\" srcset=\"https:\/\/www.barefoot-baltics.ee\/wp-content\/uploads\/2018\/09\/change-pommel-4-300x195.jpg 300w, https:\/\/www.barefoot-baltics.ee\/wp-content\/uploads\/2018\/09\/change-pommel-4-416x271.jpg 416w, https:\/\/www.barefoot-baltics.ee\/wp-content\/uploads\/2018\/09\/change-pommel-4-600x391.jpg 600w, https:\/\/www.barefoot-baltics.ee\/wp-content\/uploads\/2018\/09\/change-pommel-4.jpg 726w\" sizes=\"auto, (max-width: 300px) 100vw, 300px\" \/><\/a><\/p>\n<p><strong>PIEKTAIS SOLIS<\/strong>. Ievietojiet otru galu kabat\u0101 un piespiediet visu loku dzi\u013c\u0101k kabatas apak\u0161ai.<\/p>\n<p><a href=\"https:\/\/barefoot-baltics.ee\/wp-content\/uploads\/2018\/09\/change-pommel-5.jpg\"><img loading=\"lazy\" decoding=\"async\" class=\"alignnone size-medium wp-image-721\" src=\"https:\/\/www.barefoot-baltics.ee\/wp-content\/uploads\/2018\/09\/change-pommel-5-300x200.jpg\" alt=\"nomain\u012bt seglu loku\" width=\"300\" height=\"200\" srcset=\"https:\/\/www.barefoot-baltics.ee\/wp-content\/uploads\/2018\/09\/change-pommel-5-300x200.jpg 300w, https:\/\/www.barefoot-baltics.ee\/wp-content\/uploads\/2018\/09\/change-pommel-5-416x277.jpg 416w, https:\/\/www.barefoot-baltics.ee\/wp-content\/uploads\/2018\/09\/change-pommel-5-600x400.jpg 600w, https:\/\/www.barefoot-baltics.ee\/wp-content\/uploads\/2018\/09\/change-pommel-5.jpg 705w\" sizes=\"auto, (max-width: 300px) 100vw, 300px\" \/><\/a><\/p>\n<p><strong>SESTAIS SOLIS<\/strong>. P\u0101rbaudiet, vai seglu loks atrodas tam paredz\u0113taj\u0101 viet\u0101. Jums ir j\u0101aizvelk abi r\u0101v\u0113jsl\u0113dz\u0113ji kop\u0101 un j\u0101p\u0101rbauda, \u200b\u200bvai tie saskaras. Ja tas nenotiek, tad nepiecie\u0161ams iestumt loku dzi\u013c\u0101k kabat\u0101. Ar jauniem segliem tas bus nedaudz gr\u016bt\u0101k pirmaj\u0101s reiz\u0113s, bet ne neiesp\u0113jami!<\/p>\n<p><a href=\"https:\/\/barefoot-baltics.ee\/wp-content\/uploads\/2018\/09\/change-pommel-6.jpg\"><img loading=\"lazy\" decoding=\"async\" class=\"alignnone size-medium wp-image-720\" src=\"https:\/\/www.barefoot-baltics.ee\/wp-content\/uploads\/2018\/09\/change-pommel-6-300x199.jpg\" alt=\"nomain\u012bt seglu loku\" width=\"300\" height=\"199\" srcset=\"https:\/\/www.barefoot-baltics.ee\/wp-content\/uploads\/2018\/09\/change-pommel-6-300x199.jpg 300w, https:\/\/www.barefoot-baltics.ee\/wp-content\/uploads\/2018\/09\/change-pommel-6-416x276.jpg 416w, https:\/\/www.barefoot-baltics.ee\/wp-content\/uploads\/2018\/09\/change-pommel-6-600x398.jpg 600w, https:\/\/www.barefoot-baltics.ee\/wp-content\/uploads\/2018\/09\/change-pommel-6.jpg 705w\" sizes=\"auto, (max-width: 300px) 100vw, 300px\" \/><\/a><\/p>\n<p><strong>SEPT\u012aTAIS SOLIS<\/strong>. Aizveriet r\u0101v\u0113jsl\u0113dz\u0113jus. Ja to nevar izdar\u012bt, l\u016bdzu, nem\u0113\u0123iniet to dar\u012bt ar sp\u0113ku. V\u0113lreiz p\u0101rbaudiet, vai seglu loks atrodas kabatas apak\u0161da\u013c\u0101 k\u0101 ar\u012b p\u0101rlieciecinieties ka r\u0101v\u0113jsl\u0113dz\u0113j\u0101 nekas nav ie\u0137\u0113ries. Kad viss ir pareizi izdar\u012bts, t\u0101 aizv\u0113r\u0161anai b\u016btu j\u0101b\u016bt \u013coti vieglai.<\/p>\n<p><a href=\"https:\/\/barefoot-baltics.ee\/wp-content\/uploads\/2018\/09\/change-pommel-7.jpg\"><img loading=\"lazy\" decoding=\"async\" class=\"alignnone size-medium wp-image-719\" src=\"https:\/\/www.barefoot-baltics.ee\/wp-content\/uploads\/2018\/09\/change-pommel-7-300x200.jpg\" alt=\"nomain\u012bt seglu loku\" width=\"300\" height=\"200\" srcset=\"https:\/\/www.barefoot-baltics.ee\/wp-content\/uploads\/2018\/09\/change-pommel-7-300x200.jpg 300w, https:\/\/www.barefoot-baltics.ee\/wp-content\/uploads\/2018\/09\/change-pommel-7-416x277.jpg 416w, https:\/\/www.barefoot-baltics.ee\/wp-content\/uploads\/2018\/09\/change-pommel-7-600x400.jpg 600w, https:\/\/www.barefoot-baltics.ee\/wp-content\/uploads\/2018\/09\/change-pommel-7.jpg 752w\" sizes=\"auto, (max-width: 300px) 100vw, 300px\" \/><\/a><\/p>\n<p><a href=\"https:\/\/www.barefoot-baltics.ee\/lv\/zini-ka\/\">Atpaka\u013c<\/a><\/p>\n","protected":false},"excerpt":{"rendered":"<p>J\u016bs varat nomain\u012bt Barefoot seglu loku, lai piem\u0113rotu seglus da\u017e\u0101diem zirgiem, k\u0101 ar\u012b novietotu seglus taisni. Ir \u010detri da\u017e\u0101di izm\u0113ri: \u201c\u0160aurs\u201d (b\u0113\u0161a) \u201cVid\u0113js\u201d (pel\u0113ks) \u201cPlats\u201d (sarkans) \u201cXXL\u201d (zils) M\u016bsu ang\u013cu segliem parasti ir \u201evid\u0113js\u201d (pel\u0113ka) loka platums, savuk\u0101rt vesterna segli parasti ir apr\u012bkoti ar \u201cplato\u201d (sarkano) loku. Ja jums ir nepiecie\u0161ami papildus loki, tos varat [&hellip;]<\/p>\n","protected":false},"author":1,"featured_media":0,"parent":5678,"menu_order":0,"comment_status":"closed","ping_status":"closed","template":"","meta":{"footnotes":""},"class_list":["post-5715","page","type-page","status-publish","hentry"],"_links":{"self":[{"href":"https:\/\/www.barefoot-baltics.ee\/lv\/wp-json\/wp\/v2\/pages\/5715","targetHints":{"allow":["GET"]}}],"collection":[{"href":"https:\/\/www.barefoot-baltics.ee\/lv\/wp-json\/wp\/v2\/pages"}],"about":[{"href":"https:\/\/www.barefoot-baltics.ee\/lv\/wp-json\/wp\/v2\/types\/page"}],"author":[{"embeddable":true,"href":"https:\/\/www.barefoot-baltics.ee\/lv\/wp-json\/wp\/v2\/users\/1"}],"replies":[{"embeddable":true,"href":"https:\/\/www.barefoot-baltics.ee\/lv\/wp-json\/wp\/v2\/comments?post=5715"}],"version-history":[{"count":0,"href":"https:\/\/www.barefoot-baltics.ee\/lv\/wp-json\/wp\/v2\/pages\/5715\/revisions"}],"up":[{"embeddable":true,"href":"https:\/\/www.barefoot-baltics.ee\/lv\/wp-json\/wp\/v2\/pages\/5678"}],"wp:attachment":[{"href":"https:\/\/www.barefoot-baltics.ee\/lv\/wp-json\/wp\/v2\/media?parent=5715"}],"curies":[{"name":"wp","href":"https:\/\/api.w.org\/{rel}","templated":true}]}}