{"id":5705,"date":"2019-06-13T10:37:18","date_gmt":"2019-06-13T07:37:18","guid":{"rendered":"https:\/\/www.barefoot-baltics.ee\/zini-ka\/ka-ievalkat-barefoot-seglus\/"},"modified":"2019-06-13T10:37:20","modified_gmt":"2019-06-13T07:37:20","slug":"ka-ievalkat-barefoot-seglus","status":"publish","type":"page","link":"https:\/\/www.barefoot-baltics.ee\/lv\/zini-ka\/ka-ievalkat-barefoot-seglus\/","title":{"rendered":"K\u0101 \u201cievalk\u0101t\u2019\u2019 Barefoot seglus?"},"content":{"rendered":"\n<p>Pirmo reizi izm\u0113\u0123inot savu jaunos Barefoot seglus, tie b\u016bs t\u0101lu no ide\u0101liem. Tom\u0113r pavisam dr\u012bz k\u013c\u016bs lab\u0101k, un p\u0113c da\u017e\u0101m ned\u0113\u013c\u0101m j\u016bs, iesp\u0113jams, vi\u0146os vienk\u0101r\u0161i iem\u012bl\u0113sieties. P\u0113c m\u0113ne\u0161a j\u016bs jau br\u012bn\u012bs\u012bties k\u0101 var\u0113j\u0101t bez tiem iztikt, un, iesp\u0113jams, nekad vairs nev\u0113lesieties izmantot citus seglus.<\/p>\n\n<p>Ar laiku segli k\u013c\u016bs arvien \u0113rt\u0101ki. Pirmaj\u0101s p\u0101ris stund\u0101s jaunajos seglos jums vajadz\u0113s pievilkt vederjostu par vair\u0101kiem caurumiem. L\u016bdzu, uzman\u012bgi pievelciet vederjostu uzreiz p\u0113c seglu uzlik\u0161anas, lai nov\u0113rstu to nosl\u012bd\u0113\u0161anu.<\/p>\n\n<div class=\"wp-block-image\"><figure class=\"aligncenter\"><img loading=\"lazy\" decoding=\"async\" width=\"362\" height=\"439\" src=\"https:\/\/www.barefoot-baltics.ee\/wp-content\/uploads\/2019\/03\/barefoot-saddle-1.png\" alt=\"barefoot seglu\" class=\"wp-image-2114\" srcset=\"https:\/\/www.barefoot-baltics.ee\/wp-content\/uploads\/2019\/03\/barefoot-saddle-1.png 362w, https:\/\/www.barefoot-baltics.ee\/wp-content\/uploads\/2019\/03\/barefoot-saddle-1-247x300.png 247w\" sizes=\"auto, (max-width: 362px) 100vw, 362px\" \/><figcaption>S\u0101kotn\u0113ji segli izskat\u012bsies un liksies \u013coti augsti.<\/figcaption><\/figure><\/div>\n\n<p>Ja s\u0101kum\u0101 segli liekas p\u0101r\u0101k augstu, tad seglu paliktni var izmantot var bez pild\u012bjuma. Tos var s\u0101kt lietot v\u0113l\u0101k, kad j\u016bt\u012bsiet, ka segli ir k\u013cuvu\u0161i pietiekami \u0113rti.<\/p>\n\n<p>S\u0101kotn\u0113ji s\u0113\u017eoties seglos tie var sasl\u012bd\u0113t. Kad vien iesp\u0113jams, iesak\u0101m izmantot pak\u0101pienu, lai j\u016bsu zirgam b\u016btu viegl\u0101k un pat\u012bkam\u0101k.<\/p>\n\n<div class=\"wp-block-image\"><figure class=\"aligncenter\"><img loading=\"lazy\" decoding=\"async\" width=\"359\" height=\"441\" src=\"https:\/\/www.barefoot-baltics.ee\/wp-content\/uploads\/2019\/03\/barefoot-saddle-2.png\" alt=\"barefoot seglu\" class=\"wp-image-2113\" srcset=\"https:\/\/www.barefoot-baltics.ee\/wp-content\/uploads\/2019\/03\/barefoot-saddle-2.png 359w, https:\/\/www.barefoot-baltics.ee\/wp-content\/uploads\/2019\/03\/barefoot-saddle-2-244x300.png 244w\" sizes=\"auto, (max-width: 359px) 100vw, 359px\" \/><figcaption>P\u0113c laika segli ievalk\u0101sies un piem\u0113rosies form\u0101.<\/figcaption><\/figure><\/div>\n\n<p>M\u0113s iesak\u0101m s\u0101kum\u0101 ar\u012b sa\u012bsin\u0101t k\u0101p\u0161\u013cu siksnas. \u012as\u0101kas siksnas dos jums liel\u0101ku dro\u0161\u012bbas saj\u016btu, kam\u0113r pierad\u012bsiet pie jaunajiem segliem.<\/p>\n\n<p><a href=\"https:\/\/www.barefoot-baltics.ee\/lv\/zini-ka\/\">Atpaka\u013c<\/a><\/p>\n","protected":false},"excerpt":{"rendered":"<p>Pirmo reizi izm\u0113\u0123inot savu jaunos Barefoot seglus, tie b\u016bs t\u0101lu no ide\u0101liem. Tom\u0113r pavisam dr\u012bz k\u013c\u016bs lab\u0101k, un p\u0113c da\u017e\u0101m ned\u0113\u013c\u0101m j\u016bs, iesp\u0113jams, vi\u0146os vienk\u0101r\u0161i iem\u012bl\u0113sieties. P\u0113c m\u0113ne\u0161a j\u016bs jau br\u012bn\u012bs\u012bties k\u0101 var\u0113j\u0101t bez tiem iztikt, un, iesp\u0113jams, nekad vairs nev\u0113lesieties izmantot citus seglus. Ar laiku segli k\u013c\u016bs arvien \u0113rt\u0101ki. Pirmaj\u0101s p\u0101ris stund\u0101s jaunajos seglos [&hellip;]<\/p>\n","protected":false},"author":1,"featured_media":0,"parent":5678,"menu_order":0,"comment_status":"closed","ping_status":"closed","template":"","meta":{"footnotes":""},"class_list":["post-5705","page","type-page","status-publish","hentry"],"_links":{"self":[{"href":"https:\/\/www.barefoot-baltics.ee\/lv\/wp-json\/wp\/v2\/pages\/5705","targetHints":{"allow":["GET"]}}],"collection":[{"href":"https:\/\/www.barefoot-baltics.ee\/lv\/wp-json\/wp\/v2\/pages"}],"about":[{"href":"https:\/\/www.barefoot-baltics.ee\/lv\/wp-json\/wp\/v2\/types\/page"}],"author":[{"embeddable":true,"href":"https:\/\/www.barefoot-baltics.ee\/lv\/wp-json\/wp\/v2\/users\/1"}],"replies":[{"embeddable":true,"href":"https:\/\/www.barefoot-baltics.ee\/lv\/wp-json\/wp\/v2\/comments?post=5705"}],"version-history":[{"count":1,"href":"https:\/\/www.barefoot-baltics.ee\/lv\/wp-json\/wp\/v2\/pages\/5705\/revisions"}],"predecessor-version":[{"id":5706,"href":"https:\/\/www.barefoot-baltics.ee\/lv\/wp-json\/wp\/v2\/pages\/5705\/revisions\/5706"}],"up":[{"embeddable":true,"href":"https:\/\/www.barefoot-baltics.ee\/lv\/wp-json\/wp\/v2\/pages\/5678"}],"wp:attachment":[{"href":"https:\/\/www.barefoot-baltics.ee\/lv\/wp-json\/wp\/v2\/media?parent=5705"}],"curies":[{"name":"wp","href":"https:\/\/api.w.org\/{rel}","templated":true}]}}