{"id":5682,"date":"2019-06-07T10:11:58","date_gmt":"2019-06-07T07:11:58","guid":{"rendered":"https:\/\/www.barefoot-baltics.ee\/zini-ka\/ka-izveleties-pareizo-seglu-modeli\/"},"modified":"2019-06-07T10:11:58","modified_gmt":"2019-06-07T07:11:58","slug":"ka-izveleties-pareizo-seglu-modeli","status":"publish","type":"page","link":"https:\/\/www.barefoot-baltics.ee\/lv\/zini-ka\/ka-izveleties-pareizo-seglu-modeli\/","title":{"rendered":"K\u0101 izv\u0113l\u0113ties pareizo seglu modeli?"},"content":{"rendered":"<p>M\u016bsu Barefoot bezkarkasa segliem ir \u013coti daudzpus\u012bgs raksturs, un vairums m\u016bsu seglu der vair\u0101kumam zirgu. Tom\u0113r ir da\u017ei seglu mode\u013ci, kas lab\u0101k atbilst da\u017eiem zirgu muguras tipiem, un m\u0113s v\u0113l\u0113tos dal\u012bties ar jums zin\u0101\u0161an\u0101s, lai nor\u0101d\u012btu pareizo virzienu jau no pa\u0161a s\u0101kuma.<\/p>\n<h2>Segli zirgiem ar \u012bs\u0101m mugur\u0101m<\/h2>\n<p>Ja mekl\u0113jat seglus, kas b\u016btu piem\u0113roti maz\u0101kam zirgam vai ponijam, kuram ir \u012bsa mugura &#8211; k\u0101 piem\u0113ram Igaunijas, Latvijas un Lietuvas viet\u0113jie zirgi \u2013 jums vispirms j\u0101apl\u016bko m\u016bsu seglu mode\u013ci, kas paredz\u0113ti tie\u0161i \u0161\u0101d\u0101m mugur\u0101m. Un tie b\u016btu:<\/p>\n<ul>\n<li>Univers\u0101lie segli \u201e\u0160aiena\u201d,<\/li>\n<li>p\u0101rg\u0101jienu segli \u201e\u010ciroki\u201d,<\/li>\n<li>\u201eLondona\u201d iej\u0101des segli,<\/li>\n<li>univers\u0101lie  segli \u201cBerideila\u201d,<\/li>\n<li>\u201eMerlina\u201d iej\u0101des segli,<\/li>\n<li>p\u0101rg\u0101jienu segli \u201ePastaiga\u201d.<\/li>\n<\/ul>\n<h2>Segli sportiskiem zirgiem ar augstu skaustu<\/h2>\n<p>Liel\u0101k\u0101 da\u013ca m\u016bsu seglu ir apr\u012bkoti ar plakanu VPS sist\u0113mu, bet iej\u0101des modelis \u201eLeksingtona\u201d ir iz\u0146\u0113mums. Tam ir \u0137\u012b\u013cveida VPS sist\u0113ma, kas ir ide\u0101li piem\u0113rota sporta zirgiem ar augstu skaustu. Ja jums ir t\u0101ds zirgs, ka \u201eLeksingtona\u201d ir lieliska izv\u0113le gan iej\u0101dei, gan ikdienas lieto\u0161anai.<\/p>\n<h2>Segli konk\u016bram<\/h2>\n<p>Ja v\u0113laties seglus, kas piem\u0113roti lek\u0161ani, tad m\u016bsu ieteikums ir \u201cNotingema\u201d. Tiem ir stingr\u0101ka pamatne nek\u0101 liel\u0101kajai da\u013cai no m\u016bsu segliem, un tai ir 3 sl\u0101\u0146u VPS sist\u0113ma, kas ir efekt\u012bv\u0101ka, lai amortiz\u0113tu spiedienu, kas rodas leciena br\u012bd\u012b.<\/p>\n<p>Ja v\u0113laties univers\u0101lus seglus ar kuriem reizi pa reizei p\u0101rlekt k\u0101du \u0161\u0137\u0113rsli tad, \u201e\u0160aiena\u201d b\u016bs piem\u0113rot\u0101kais modelis, jo \u012bpa\u0161i ar papildus ce\u013cu blokiem.<\/p>\n<p>Tas ar\u012b pagaid\u0101m viss! \ud83d\ude42 <a href=\"https:\/\/www.barefoot-baltics.ee\/lv\/zini-ka\/\">Atpaka\u013c uz s\u0101kumu<\/a><\/p>\n","protected":false},"excerpt":{"rendered":"<p>M\u016bsu Barefoot bezkarkasa segliem ir \u013coti daudzpus\u012bgs raksturs, un vairums m\u016bsu seglu der vair\u0101kumam zirgu. Tom\u0113r ir da\u017ei seglu mode\u013ci, kas lab\u0101k atbilst da\u017eiem zirgu muguras tipiem, un m\u0113s v\u0113l\u0113tos dal\u012bties ar jums zin\u0101\u0161an\u0101s, lai nor\u0101d\u012btu pareizo virzienu jau no pa\u0161a s\u0101kuma. Segli zirgiem ar \u012bs\u0101m mugur\u0101m Ja mekl\u0113jat seglus, kas b\u016btu piem\u0113roti maz\u0101kam zirgam [&hellip;]<\/p>\n","protected":false},"author":1,"featured_media":0,"parent":5678,"menu_order":0,"comment_status":"closed","ping_status":"closed","template":"","meta":{"footnotes":""},"class_list":["post-5682","page","type-page","status-publish","hentry"],"_links":{"self":[{"href":"https:\/\/www.barefoot-baltics.ee\/lv\/wp-json\/wp\/v2\/pages\/5682","targetHints":{"allow":["GET"]}}],"collection":[{"href":"https:\/\/www.barefoot-baltics.ee\/lv\/wp-json\/wp\/v2\/pages"}],"about":[{"href":"https:\/\/www.barefoot-baltics.ee\/lv\/wp-json\/wp\/v2\/types\/page"}],"author":[{"embeddable":true,"href":"https:\/\/www.barefoot-baltics.ee\/lv\/wp-json\/wp\/v2\/users\/1"}],"replies":[{"embeddable":true,"href":"https:\/\/www.barefoot-baltics.ee\/lv\/wp-json\/wp\/v2\/comments?post=5682"}],"version-history":[{"count":0,"href":"https:\/\/www.barefoot-baltics.ee\/lv\/wp-json\/wp\/v2\/pages\/5682\/revisions"}],"up":[{"embeddable":true,"href":"https:\/\/www.barefoot-baltics.ee\/lv\/wp-json\/wp\/v2\/pages\/5678"}],"wp:attachment":[{"href":"https:\/\/www.barefoot-baltics.ee\/lv\/wp-json\/wp\/v2\/media?parent=5682"}],"curies":[{"name":"wp","href":"https:\/\/api.w.org\/{rel}","templated":true}]}}