{"id":5678,"date":"2018-05-15T17:52:34","date_gmt":"2018-05-15T14:52:34","guid":{"rendered":"https:\/\/www.barefoot-baltics.ee\/zini-ka\/"},"modified":"2020-07-17T21:16:58","modified_gmt":"2020-07-17T18:16:58","slug":"zini-ka","status":"publish","type":"page","link":"https:\/\/www.barefoot-baltics.ee\/lv\/zini-ka\/","title":{"rendered":"Zini k\u0101"},"content":{"rendered":"<p>Barefoot bezkarkasa seglu lieto\u0161ana nedaudz at\u0161\u0137iras no parasto seglu izmanto\u0161anas, bet tur nav nek\u0101 sare\u017e\u0123\u012bta. L\u016bdzu, iepaz\u012bstieties ar m\u016bsu lieto\u0161anas bukletiem un, ja jums rodas k\u0101di jaut\u0101jumi, dro\u0161i sazinieties ar mums zvanot uz klientu apkalpo\u0161anas numuru (+372 5787 8389, Kristjan) vai rakstot uz m\u016bsu e-pasta adresi (postal@barefoot-baltics.ee).<\/p>\n<p>Uzliekot bezkarkasa seglus zirgam, jums j\u0101piev\u0113r\u0161 uzman\u012bba div\u0101m vadl\u012bnij\u0101m, kas nor\u0101da, vai segli piegu\u013c un atrodas pareizaj\u0101 viet\u0101 uz zirga muguras\u2026 vai n\u0113. \ud83d\ude42<\/p>\n<ul>\n<li>K\u0101p\u0161\u013cu siksn\u0101m j\u0101b\u016bt vertik\u0101li taisn\u0101m,<\/li>\n<li>Seglu aizmugur\u0113jai da\u013cai un priek\u0161\u0113jam lokam vajadz\u0113tu veidot horizont\u0101li taisnu l\u012bniju.<\/li>\n<\/ul>\n<p>J\u016bs paman\u012bsiet, ka bezkarkasa segli novietojas nedaudz t\u0101l\u0101k uz aizmuguri  nek\u0101 parastie segli. Viss ir k\u0101rt\u012bb\u0101! At\u0161\u0137ir\u012bb\u0101 no tradicion\u0101lajiem segliem tie netrauc\u0113 zirga kust\u012bbas, kad atrodas virs zirga plecu l\u0101psti\u0146\u0101m. Faktiski t\u0101 ir svar\u012bga priek\u0161roc\u012bba, jo t\u0101d\u0101 veid\u0101 novieto j\u0101tnieku tie\u0161i virs zirga smaguma centra, \u013caujot zirgam viegl\u0101k rast l\u012bdzsvaru ar j\u0101tnieku mugur\u0101. Un \u013cauj zirgam viegl\u0101k nest j\u0101tnieku.<\/p>\n<p>Iztaisnot k\u0101p\u0161\u013cu siksnas ir pavisam vienk\u0101r\u0161i. Viss, kas Jums j\u0101dara, ir jap\u0101rvieto seglus uz priek\u0161u vai atpaka\u013c l\u012bdz rezult\u0101ts sasniegts. Lai seglu loks un aizmugures da\u013ca veidotu horizont\u0101lu taisni, nepiecie\u0161ams nedaudz vair\u0101k darba, bet m\u0113s vienm\u0113r esam gatavi jums pal\u012bdz\u0113t. B\u016bt\u012bb\u0101 jums ir j\u0101izv\u0113las pareizais seglu loks un j\u0101ievieto seglu paliktn\u012b atbilsto\u0161s pild\u012bjums.<\/p>\n<h2>Izv\u0113l\u0113ties pareizo seglu<\/h2>\n<ul>\n<li><a href=\"https:\/\/www.barefoot-baltics.ee\/lv\/zini-ka\/ka-izveleties-pareizo-seglu-modeli\/\">K\u0101 izv\u0113l\u0113ties pareizo seglu modeli?<\/a><\/li>\n<li><a href=\"https:\/\/www.barefoot-baltics.ee\/lv\/zini-ka\/ka-izveleties-pareizo-izmeru\/\">K\u0101 izv\u0113l\u0113ties pareizo izm\u0113ru?<\/a><\/li>\n<\/ul>\n<h2>Seglu piemekl\u0113\u0161ana<\/h2>\n<ul>\n<li><a href=\"https:\/\/www.barefoot-baltics.ee\/lv\/zini-ka\/ka-ievalkat-barefoot-seglus\/\">K\u0101 \u201cievalk\u0101t\u2019\u2019 Barefoot seglus?<\/a><\/li>\n<li><a href=\"https:\/\/www.barefoot-baltics.ee\/lv\/zini-ka\/ka-izveleties-pareizo-seglu-loku\/\">K\u0101 izv\u0113l\u0113ties pareizo seglu loku?<\/a><\/li>\n<li><a href=\"https:\/\/www.barefoot-baltics.ee\/lv\/zini-ka\/ka-nomainit-seglu-loku\/\">K\u0101 nomain\u012bt seglu loku?<\/a><\/li>\n<li><a href=\"https:\/\/www.barefoot-baltics.ee\/lv\/zini-ka\/ka-pielagot-seglu-paliktnus-ar-pildijumu\/\">K\u0101 piel\u0101got seglu palikt\u0146us ar pild\u012bjumu?<\/a><\/li>\n<\/ul>\n\n<h2 class=\"wp-block-heading\">Iemaukti un apau\u0161i<\/h2>\n\n<ul class=\"wp-block-list\"><li><a href=\"https:\/\/www.barefoot-baltics.ee\/lv\/zini-ka\/ka-sasiet-strikapausus\/\">K\u0101 sasiet stri\u0137apau\u0161us?<\/a><\/li><li><a href=\"https:\/\/www.barefoot-baltics.ee\/lv\/zini-ka\/ka-sasiet-mekates-pavadu-bosalim\/\">K\u0101 sasiet Mekates pavadu Bos\u0101lim?<\/a><\/li><\/ul>\n\n<h2 class=\"wp-block-heading\">Vesterna invent\u0101rs<\/h2>\n<ul>\n<li><a href=\"https:\/\/www.barefoot-baltics.ee\/lv\/zini-ka\/ka-pareizi-lietot-vesterna-vederjostu\/\">K\u0101 pareizi lietot vesterna v\u0113derjostu?<\/a><\/li>\n<\/ul>\n\n<h2 class=\"wp-block-heading\">Barefoot bukleti<\/h2>\n\n<p>\u0160\u012bs rokasgr\u0101matas paredz\u0113tas, lai padzi\u013cin\u0101t\u0101k iepaz\u012btos ar zirgiem draudz\u012bgu filozofiju, kas iedvesmo visu m\u016bsu izstr\u0101d\u0101jumu dizainu. T\u0101s ir pieejamas ang\u013cu valod\u0101 (2 t\u0113mas) un v\u0101cu valod\u0101 (6 t\u0113mas). Nepiecie\u0161am\u0101s zin\u0101\u0161anas j\u0101tniekiem, kuriem r\u016bp&#8230;<\/p>\n\n<div class=\"wp-block-file\"><a href=\"https:\/\/www.barefoot-baltics.ee\/wp-content\/uploads\/2019\/03\/broschuere-1-en.pdf\">Horseback and Saddle (pdf)<\/a><a href=\"https:\/\/www.barefoot-baltics.ee\/wp-content\/uploads\/2019\/03\/broschuere-1-en.pdf\" class=\"wp-block-file__button\" download=\"\">Lejupiel\u0101de<\/a><\/div>\n\n<div class=\"wp-block-file\"><a href=\"https:\/\/www.barefoot-baltics.ee\/wp-content\/uploads\/2019\/03\/broschuere-3-en.pdf\">Bitless Riding (pdf)<\/a><a href=\"https:\/\/www.barefoot-baltics.ee\/wp-content\/uploads\/2019\/03\/broschuere-3-en.pdf\" class=\"wp-block-file__button\" download=\"\">Lejupiel\u0101de<\/a><\/div>\n\n<div class=\"wp-block-file\"><a href=\"https:\/\/www.barefoot-baltics.ee\/wp-content\/uploads\/2019\/03\/broschuere-1-de.pdf\">Pferder\u00fccken und Sattel (pdf)<\/a><a href=\"https:\/\/www.barefoot-baltics.ee\/wp-content\/uploads\/2019\/03\/broschuere-1-de.pdf\" class=\"wp-block-file__button\" download=\"\">Lejupiel\u0101de<\/a><\/div>\n\n<div class=\"wp-block-file\"><a href=\"https:\/\/www.barefoot-baltics.ee\/wp-content\/uploads\/2019\/03\/broschuere-2-de.pdf\">Pferde verstehen (pdf)<\/a><a href=\"https:\/\/www.barefoot-baltics.ee\/wp-content\/uploads\/2019\/03\/broschuere-2-de.pdf\" class=\"wp-block-file__button\" download=\"\">Lejupiel\u0101de<\/a><\/div>\n\n<div class=\"wp-block-file\"><a href=\"https:\/\/www.barefoot-baltics.ee\/wp-content\/uploads\/2019\/03\/broschuere-3-de.pdf\">Gebisslos reiten (pdf)<\/a><a href=\"https:\/\/www.barefoot-baltics.ee\/wp-content\/uploads\/2019\/03\/broschuere-3-de.pdf\" class=\"wp-block-file__button\" download=\"\">Lejupiel\u0101de<\/a><\/div>\n\n<div class=\"wp-block-file\"><a href=\"https:\/\/www.barefoot-baltics.ee\/wp-content\/uploads\/2019\/03\/broschuere-4-de.pdf\">Mehr Achtung vor dem Pferd (pdf)<\/a><a href=\"https:\/\/www.barefoot-baltics.ee\/wp-content\/uploads\/2019\/03\/broschuere-4-de.pdf\" class=\"wp-block-file__button\" download=\"\">Lejupiel\u0101de<\/a><\/div>\n\n<div class=\"wp-block-file\"><a href=\"https:\/\/www.barefoot-baltics.ee\/wp-content\/uploads\/2019\/03\/broschuere-5-de.pdf\">Wie Pferde sehen (pdf)<\/a><a href=\"https:\/\/www.barefoot-baltics.ee\/wp-content\/uploads\/2019\/03\/broschuere-5-de.pdf\" class=\"wp-block-file__button\" download=\"\">Lejupiel\u0101de<\/a><\/div>\n\n<div class=\"wp-block-file\"><a href=\"https:\/\/www.barefoot-baltics.ee\/wp-content\/uploads\/2019\/03\/broschuere-6-de.pdf\">Sitz und Hilfengebung (pdf)<\/a><a href=\"https:\/\/www.barefoot-baltics.ee\/wp-content\/uploads\/2019\/03\/broschuere-6-de.pdf\" class=\"wp-block-file__button\" download=\"\">Lejupiel\u0101de<\/a><\/div>\n","protected":false},"excerpt":{"rendered":"<p>Barefoot bezkarkasa seglu lieto\u0161ana nedaudz at\u0161\u0137iras no parasto seglu izmanto\u0161anas, bet tur nav nek\u0101 sare\u017e\u0123\u012bta. L\u016bdzu, iepaz\u012bstieties ar m\u016bsu lieto\u0161anas bukletiem un, ja jums rodas k\u0101di jaut\u0101jumi, dro\u0161i sazinieties ar mums zvanot uz klientu apkalpo\u0161anas numuru (+372 5787 8389, Kristjan) vai rakstot uz m\u016bsu e-pasta adresi (postal@barefoot-baltics.ee). Uzliekot bezkarkasa seglus zirgam, jums j\u0101piev\u0113r\u0161 uzman\u012bba div\u0101m [&hellip;]<\/p>\n","protected":false},"author":1,"featured_media":0,"parent":0,"menu_order":0,"comment_status":"closed","ping_status":"closed","template":"","meta":{"footnotes":""},"class_list":["post-5678","page","type-page","status-publish","hentry"],"_links":{"self":[{"href":"https:\/\/www.barefoot-baltics.ee\/lv\/wp-json\/wp\/v2\/pages\/5678","targetHints":{"allow":["GET"]}}],"collection":[{"href":"https:\/\/www.barefoot-baltics.ee\/lv\/wp-json\/wp\/v2\/pages"}],"about":[{"href":"https:\/\/www.barefoot-baltics.ee\/lv\/wp-json\/wp\/v2\/types\/page"}],"author":[{"embeddable":true,"href":"https:\/\/www.barefoot-baltics.ee\/lv\/wp-json\/wp\/v2\/users\/1"}],"replies":[{"embeddable":true,"href":"https:\/\/www.barefoot-baltics.ee\/lv\/wp-json\/wp\/v2\/comments?post=5678"}],"version-history":[{"count":31,"href":"https:\/\/www.barefoot-baltics.ee\/lv\/wp-json\/wp\/v2\/pages\/5678\/revisions"}],"predecessor-version":[{"id":8058,"href":"https:\/\/www.barefoot-baltics.ee\/lv\/wp-json\/wp\/v2\/pages\/5678\/revisions\/8058"}],"wp:attachment":[{"href":"https:\/\/www.barefoot-baltics.ee\/lv\/wp-json\/wp\/v2\/media?parent=5678"}],"curies":[{"name":"wp","href":"https:\/\/api.w.org\/{rel}","templated":true}]}}