{"id":5649,"date":"2019-06-06T13:26:45","date_gmt":"2019-06-06T10:26:45","guid":{"rendered":"https:\/\/www.barefoot-baltics.ee\/privatuma-politika\/"},"modified":"2021-09-11T10:47:01","modified_gmt":"2021-09-11T07:47:01","slug":"privatuma-politika","status":"publish","type":"page","link":"https:\/\/www.barefoot-baltics.ee\/lv\/privatuma-politika\/","title":{"rendered":"Priv\u0101tuma politika"},"content":{"rendered":"<p>\u0160\u012b interneta veikala https:\/\/www.barefoot-baltics.ee\/  personas datu p\u0101rvalde ir igau\u0146u uz\u0146\u0113mums Log Horse O\u00dc (re\u0123. Nr. 12039208), kas atrodas Villema zem\u0113, Nehatu ciemat\u0101, 90123 L\u00e4\u00e4neranna pagasts, P\u0113rnavas apgabals, Igaunija. Vado\u0161\u0101 iest\u0101de par savu datu aizsardz\u012bbas inspektoru ir izraudz\u012bjusies Kristjanu Korstenu. Ar  Kristjanu iesp\u0113jams sazin\u0101ties pa t\u0101lruni +372 5787 8389 vai rakstot e-pastu uz postal@barefoot-baltics.ee.<\/p>\n<h2>K\u0101dus personas datus m\u0113s apstr\u0101d\u0101jam?<\/h2>\n<p>M\u0113s apstr\u0101d\u0101jam:<\/p>\n<ul>\n<li>V\u0101rdus, t\u0101lru\u0146a numurus un e-pasta adreses,<\/li>\n<li>Pieg\u0101des adreses,<\/li>\n<li>Bankas konta numurus,<\/li>\n<li>Pre\u010du un pakalpojumu izmaksas un ar maks\u0101jumiem saist\u012btos datus (pas\u016bt\u012bjumu v\u0113sture),<\/li>\n<li>Klientu atbalsta dati.<\/li>\n<\/ul>\n<h2>K\u0101p\u0113c tiek apstr\u0101d\u0101ti personas dati?<\/h2>\n<p>Visp\u0101r\u012bgi run\u0101jot, personas datus izmanto, lai p\u0101rvald\u012btu klientu pas\u016bt\u012bjumus un pieg\u0101d\u0101tu pas\u016bt\u012bt\u0101s preces. Konkr\u0113t\u0101k:<\/p>\n<ul>\n<li>Pirkuma v\u0113stures dati (ieg\u0101des datums, preces, daudzums, klienta dati) tiek izmantoti, lai sagatavotu ieg\u0101d\u0101to pre\u010du un pakalpojumu kopsavilkumus un analiz\u0113tu klientu v\u0113lmes.<\/li>\n<li>Bankas konta numuri tiek izmantoti, lai vajadz\u012bbas gad\u012bjum\u0101 atmaks\u0101tu klienta veiktos maks\u0101jumus.<\/li>\n<li>Personas dati, piem\u0113ram, e-pasta adreses, t\u0101lru\u0146u numuri un klientu v\u0101rdi tiek apstr\u0101d\u0101ti, lai risin\u0101tu visus jaut\u0101jumus, kas saist\u012bti ar pre\u010du un pakalpojumu snieg\u0161anu (parasti klientu apkalpo\u0161anai).<\/li>\n<li>\u0160\u012b tie\u0161saistes veikala lietot\u0101ja IP adreses un \/ vai citi t\u012bmek\u013ca identifikatori tiek apstr\u0101d\u0101ti, lai sniegtu statistikas datus.<\/li>\n<\/ul>\n<h2>Juridiskais pamats<\/h2>\n<p>Personas datus apstr\u0101de tiek izmantota, lai tiktu izpild\u012bta l\u012bgumu noruna ar klientu. Personas dati tiek apstr\u0101d\u0101ti ar\u012b juridisko saist\u012bbu izpildei (piem\u0113ram, gr\u0101matved\u012bbai un klientu s\u016bdz\u012bbu risin\u0101\u0161anai).<\/p>\n<h2>Personas datu sa\u0146\u0113m\u0113ji<\/h2>\n<p>Personas dati tiek nos\u016bt\u012bti \u0161\u012b interneta veikala klientu apkalpo\u0161anas person\u0101lam, lai p\u0101rvald\u012btu pirkumus un pirkumu v\u0113sturi, k\u0101 ar\u012b lai atrisin\u0101tu klientu pretenzijas.<\/p>\n<p>Gad\u012bjum\u0101, ja klients izv\u0113las maks\u0101t, izmantojot bankas saiti, mums ir j\u0101p\u0101rs\u016bta personas dati, kas nepiecie\u0161ami maks\u0101juma veik\u0161anai m\u016bsu autoriz\u0113tajam maks\u0101jumu apstr\u0101des uz\u0146\u0113mumam &#8211; Lietuvas uz\u0146\u0113mumam <a href=\"https:\/\/www.paysera.com\/\" rel=\"noopener noreferrer\" target=\"_blank\">Paysera LT UAB<\/a>.<\/p>\n<p>Nosaukumi, t\u0101lru\u0146a numuri un e-pasta adreses tiek nos\u016bt\u012btas klienta izv\u0113l\u0113tajam pieg\u0101des pakalpojumu sniedz\u0113jam. Kad preces tiek pieg\u0101d\u0101tas ar kurjeru, klienta adrese tiek nos\u016bt\u012bta kop\u0101 ar p\u0101r\u0113jo kontaktinform\u0101ciju.<\/p>\n<h2>Dro\u0161\u012bba un piek\u013cuve datiem<\/h2>\n<p>Visi m\u016bsu dati tiek glab\u0101ti serveros, kas atrodas Eiropas Savien\u012bbas dal\u012bbvalsts teritorij\u0101. Datus var p\u0101rs\u016bt\u012bt tikai t\u0101m valst\u012bm, kuru datu aizsardz\u012bbas l\u012bmeni Eiropas Komisija un ASV uz\u0146\u0113mumi, kuri pievienoju\u0161ies priv\u0101tuma vairoga sist\u0113mai, ir nov\u0113rt\u0113ju\u0161i k\u0101 piem\u0113rotus.<\/p>\n<p>Personas datiem var piek\u013c\u016bt tikai \u0161\u012b tie\u0161saistes veikala darbinieki, lai atrisin\u0101tu tehniskos jaut\u0101jumus, kas saist\u012bti ar tie\u0161saistes veikala izmanto\u0161anu un sniegtu klientu atbalstu.<\/p>\n<p>\u0160is interneta veikals veic atbilsto\u0161us fiziskus, organizatoriskus un IT dro\u0161\u012bbas pas\u0101kumus, lai aizsarg\u0101tu personas datus pret nejau\u0161u vai nelikum\u012bgu izn\u012bcin\u0101\u0161anu, zudumu, p\u0101rveido\u0161anu vai neat\u013cautu piek\u013cuvi un izpau\u0161anu.<\/p>\n<h2>Piek\u013cuve personas datiem un to labo\u0161ana<\/h2>\n<p>Personas datiem var piek\u013c\u016bt un tos labot interneta veikala lietot\u0101ja profil\u0101, ja \u0161\u012b funkcija ir aktiviz\u0113ta. Ja pirkums ir veikts bez lietot\u0101ja konta, personas datiem var piek\u013c\u016bt, izmantojot klientu atbalsta dienestu.<\/p>\n<h2>Piekri\u0161anas atsauk\u0161ana<\/h2>\n<p>Personas datu apstr\u0101de notiek, pamatojoties uz klienta piekri\u0161anu, l\u012bdz ar to klientam ir ties\u012bbas atsaukt savu piekri\u0161anu. To var izdar\u012bt, rakstot klientu atbalsta dienestam uz e-pastu (postal@barefoot-baltics.ee).<\/p>\n<h2>Glab\u0101\u0161ana<\/h2>\n<p>Personas dati tiek izdz\u0113sti p\u0113c klienta konta sl\u0113g\u0161anas interneta veikal\u0101, ja vien datu glab\u0101\u0161ana nav nepiecie\u0161ama gr\u0101matved\u012bbas vai pat\u0113r\u0113t\u0101ju str\u012bdu iz\u0161\u0137ir\u0161anai. Tie\u0161saistes pirkumiem, kas veikti bez klienta konta, ieg\u0101des v\u0113sture tiek glab\u0101ta tr\u012bs m\u0113ne\u0161us.<\/p>\n<p>Str\u012bdu gad\u012bjumos, kas saist\u012bti ar maks\u0101jumiem un citiem pat\u0113r\u0113t\u0101ju str\u012bdiem, personas dati tiek glab\u0101ti, l\u012bdz emisija ir dz\u0113sta vai beidzies noilguma termi\u0146\u0161.<\/p>\n<p>Personas dati, kas nepiecie\u0161ami gr\u0101matved\u012bbas vajadz\u012bb\u0101m, tiek glab\u0101ti septi\u0146us gadus.<\/p>\n<h2>Dz\u0113\u0161ana<\/h2>\n<p>Personas datu dz\u0113\u0161anai ir j\u0101sazin\u0101s ar klientu atbalsta dienestu rakstot uz e-pastu (postal@barefoot-baltics.ee). Dz\u0113\u0161anas piepras\u012bjumi tiek veikti vienas ned\u0113\u013cas laik\u0101, un dz\u0113\u0161anas termi\u0146\u0161 nep\u0101rsniedz divas ned\u0113\u013cas.<\/p>\n<h2>Nos\u016bt\u012b\u0161ana<\/h2>\n<p>Piepras\u012bjumi par personas datu p\u0101rs\u016bt\u012b\u0161anu tiek nos\u016bt\u012bti pa e-pastu, un tie tiek sa\u0146emti vienas ned\u0113\u013cas laik\u0101. Klientu apkalpojo\u0161ais person\u0101ls vienm\u0113r prec\u012bzi identific\u0113 personu, kas iesniegusi piepras\u012bjumu, un izlems, k\u0101dai inform\u0101cijai tai ir ties\u012bbas piek\u013c\u016bt.<\/p>\n<h2>Tie\u0161\u0101 m\u0101rketinga zi\u0146ojumi<\/h2>\n<p>E-pasta adreses un t\u0101lru\u0146u numurus var izmantot tikai tie\u0161\u0101 m\u0101rketinga zi\u0146ojumiem, ja klients ir devis piekri\u0161anu. Ja klients vairs nev\u0113las sa\u0146emt tie\u0161os m\u0101rketinga zi\u0146ojumus, vi\u0146am \/ vi\u0146ai j\u0101noklik\u0161\u0137ina uz attiec\u012bg\u0101s saites, kas atrodas katra tie\u0161\u0101 m\u0101rketinga zi\u0146ojuma apak\u0161\u0113j\u0101 da\u013c\u0101, vai sazinoties ar klientu apkalpo\u0161anas dienestu pa e-pastu (postal@barefoot-baltics.ee).<\/p>\n<p>Ja personas dati tiek apstr\u0101d\u0101ti tie\u0161\u0101 m\u0101rketinga nol\u016bkos (profil\u0113\u0161ana), klientam ir ties\u012bbas jebkur\u0101 laik\u0101 iebilst pret vi\u0146a \/ vi\u0146as personas datu s\u0101kotn\u0113jo un turpm\u0101ko apstr\u0101di. Klientam par saviem iebildumiem japazi\u0146o, rakstot uz adresi postal@barefoot-baltics.ee.<\/p>\n<h2>Str\u012bdu risin\u0101\u0161ana<\/h2>\n<p>Str\u012bdi par personas datu apstr\u0101di tiek atrisin\u0101ti Barefoot Baltics klientu apkalpo\u0161anas dienest\u0101, ar kuru var sazin\u0101ties, rakstot uz adresi postal@barefoot-baltics.ee vai zvanot pa t\u0101lruni +372 5787 8389. \u0160\u012b e-veikala uzraudz\u012bbas iest\u0101de ir <a href=\"http:\/\/www.aki.ee\/en\" rel=\"noopener noreferrer\" target=\"_blank\">Igaunijas Datu aizsardz\u012bbas inspekcija<\/a>. Ar vi\u0146iem iesp\u0113jams sazin\u0101ties, rakstot uz info@aki.ee. \u0160is interneta veikals ir pak\u013cauts visiem Igaunijas Republikas likumiem.<\/p>\n","protected":false},"excerpt":{"rendered":"<p>\u0160\u012b interneta veikala https:\/\/www.barefoot-baltics.ee\/ personas datu p\u0101rvalde ir igau\u0146u uz\u0146\u0113mums Log Horse O\u00dc (re\u0123. Nr. 12039208), kas atrodas Villema zem\u0113, Nehatu ciemat\u0101, 90123 L\u00e4\u00e4neranna pagasts, P\u0113rnavas apgabals, Igaunija. Vado\u0161\u0101 iest\u0101de par savu datu aizsardz\u012bbas inspektoru ir izraudz\u012bjusies Kristjanu Korstenu. Ar Kristjanu iesp\u0113jams sazin\u0101ties pa t\u0101lruni +372 5787 8389 vai rakstot e-pastu uz postal@barefoot-baltics.ee. K\u0101dus personas [&hellip;]<\/p>\n","protected":false},"author":1,"featured_media":0,"parent":0,"menu_order":0,"comment_status":"closed","ping_status":"closed","template":"","meta":{"footnotes":""},"class_list":["post-5649","page","type-page","status-publish","hentry"],"_links":{"self":[{"href":"https:\/\/www.barefoot-baltics.ee\/lv\/wp-json\/wp\/v2\/pages\/5649","targetHints":{"allow":["GET"]}}],"collection":[{"href":"https:\/\/www.barefoot-baltics.ee\/lv\/wp-json\/wp\/v2\/pages"}],"about":[{"href":"https:\/\/www.barefoot-baltics.ee\/lv\/wp-json\/wp\/v2\/types\/page"}],"author":[{"embeddable":true,"href":"https:\/\/www.barefoot-baltics.ee\/lv\/wp-json\/wp\/v2\/users\/1"}],"replies":[{"embeddable":true,"href":"https:\/\/www.barefoot-baltics.ee\/lv\/wp-json\/wp\/v2\/comments?post=5649"}],"version-history":[{"count":1,"href":"https:\/\/www.barefoot-baltics.ee\/lv\/wp-json\/wp\/v2\/pages\/5649\/revisions"}],"predecessor-version":[{"id":7725,"href":"https:\/\/www.barefoot-baltics.ee\/lv\/wp-json\/wp\/v2\/pages\/5649\/revisions\/7725"}],"wp:attachment":[{"href":"https:\/\/www.barefoot-baltics.ee\/lv\/wp-json\/wp\/v2\/media?parent=5649"}],"curies":[{"name":"wp","href":"https:\/\/api.w.org\/{rel}","templated":true}]}}