{"id":4958,"date":"2018-09-13T21:55:55","date_gmt":"2018-09-13T18:55:55","guid":{"rendered":"https:\/\/www.barefoot-baltics.ee\/bezkarkasa-segli\/"},"modified":"2021-07-14T01:45:18","modified_gmt":"2021-07-13T22:45:18","slug":"bezkarkasa-segli","status":"publish","type":"page","link":"https:\/\/www.barefoot-baltics.ee\/lv\/bezkarkasa-segli\/","title":{"rendered":"Bezkarkasa segli"},"content":{"rendered":"\n<p>&#8220;Bezkarkasa segli&#8221; ir j\u0113dziens, par kuru ir dzird\u0113ju\u0161i daudzi Latvijas, Igaunijas un Lietuvas j\u0101tnieki, tom\u0113r cik daudz ir cilv\u0113ku, kas tos ir izm\u0113\u0123in\u0101ju\u0161i? P\u0113d\u0113jo 20 gadu laik\u0101 uz\u0146\u0113mums &#8220;Barefoot&#8221; un v\u0101cu izcelsmes zirgu fizioterapeite Sabine Ullmann ir p\u0101rc\u0113lu\u0161i bezkarkasa seglus pavisam jaun\u0101 l\u012bmen\u012b, un m\u0113s esam p\u0101rliecin\u0101ti, ka Barefoot bezkarkasa segli ir lab\u0101k piem\u0113roti gan zirgam, gan j\u0101tniekam vair\u0101kum\u0101 gad\u012bjumu nek\u0101 jebkuri parastie segli.<\/p>\n\n<figure class=\"wp-block-video\"><video height=\"720\" style=\"aspect-ratio: 1280 \/ 720;\" width=\"1280\" controls=\"\" src=\"https:\/\/www.barefoot-baltics.ee\/wp-content\/uploads\/2021\/04\/The-Barefoot-Saddle.mp4\"><\/video><\/figure>\n\n<p>Jums nav j\u0101tic mums uz v\u0101rda! K\u0101p\u0113c nepamekl\u0113t internet\u0101 atsauksmes par \u0161iem segliem, j\u0101tnieku viedok\u013cus, kuri \u0161os seglus ir pam\u0113\u0123in\u0101ju\u0161i, vai lieto patst\u0101v\u012bgi? V\u0113l lab\u0101k, k\u0101p\u0113c nesazin\u0101ties ar mums, lai j\u016bs person\u012bgi var\u0113tu izm\u0113\u0123in\u0101t Barefoot seglus savam zirgam? Kad to izdar\u012bsiet, es esmu p\u0101rliecin\u0101ts, j\u016bs atkl\u0101siet, ka:<\/p>\n\n<ul class=\"wp-block-list\"><li>Segli piegu\u013c zirga mugurai,<\/li><li>Vi\u0146iem ir daudzpus\u012bgs pielietojums: konk\u016brs, iej\u0101de, p\u0101rg\u0101jieni u.t.t.,<\/li><li>Segli ir \u013coti \u0113rti gan j\u0101tniekam, gan zirgam,<\/li><li>Dr\u012bz j\u016bs br\u012bn\u012bsities, k\u0101 j\u016bs k\u0101dreiz esat iztiku\u0161i bez t\u0101. \ud83d\ude42<\/li><\/ul>\n\n<p>Laim\u012bgs zirgs, laim\u012bgs brauc\u0113js &#8211; t\u0101 ir m\u016bsu dev\u012bze.<\/p>\n\n<h2 class=\"wp-block-heading\" id=\"h-treeless-saddles-their-chief-advantage\">Bezkarkasa segli: Galven\u0101s priek\u0161roc\u012bbas<\/h2>\n\n<p>M\u016bsu platuma gr\u0101dos z\u0101le zirgiem pieejama tikai vasaras period\u0101, l\u012bdz ar to zirgi  formu maina nep\u0101rtraukti piem\u0113rojoties laikapst\u0101k\u013ciem un baro\u0161an\u0101s re\u017e\u012bmam.Ja t\u0101 padom\u0101: k\u0101 nemain\u012bgas formas segli var der\u0113t zirgam cauru gadu? Atbilde ir, nevar! Kad segli neder, tie izraisa diskomfortu, un zirgs s\u0101k izr\u0101d\u012bt pretest\u012bbu. Protams vienm\u0113r ir iesp\u0113ja izsaukt seglu speci\u0101listu, lai piemekl\u0113tu atbilsto\u0161us seglus, bet cik reizes gad\u0101 esat gatavs to dar\u012bt? Vai tie\u0161\u0101m tik rei\u017eu, cik tas nepiecie\u0161ams J\u016bsu zirgam? Iesp\u0113jams, ne tik bie\u017ei, jo tad r\u0113\u0137ins b\u016btu p\u0101r\u0101k liels. Un kas notiks, ja Jums pieder liel\u0101ks stallis ar desmitiem zirgu un pusduci seglu&#8230;?<\/p>\n\n<figure class=\"wp-block-image size-large\"><img loading=\"lazy\" decoding=\"async\" width=\"1024\" height=\"721\" src=\"https:\/\/www.barefoot-baltics.ee\/wp-content\/uploads\/2018\/06\/endurance-saddle-3-1024x721.jpg\" alt=\"iztur&#x12B;bas segli\" class=\"wp-image-223\" srcset=\"https:\/\/www.barefoot-baltics.ee\/wp-content\/uploads\/2018\/06\/endurance-saddle-3-1024x721.jpg 1024w, https:\/\/www.barefoot-baltics.ee\/wp-content\/uploads\/2018\/06\/endurance-saddle-3-416x293.jpg 416w, https:\/\/www.barefoot-baltics.ee\/wp-content\/uploads\/2018\/06\/endurance-saddle-3-300x211.jpg 300w, https:\/\/www.barefoot-baltics.ee\/wp-content\/uploads\/2018\/06\/endurance-saddle-3-768x541.jpg 768w, https:\/\/www.barefoot-baltics.ee\/wp-content\/uploads\/2018\/06\/endurance-saddle-3-600x422.jpg 600w, https:\/\/www.barefoot-baltics.ee\/wp-content\/uploads\/2018\/06\/endurance-saddle-3.jpg 1313w\" sizes=\"auto, (max-width: 1024px) 100vw, 1024px\" \/><figcaption>Caur gr\u016bt\u012bb\u0101m &#8230;<\/figcaption><\/figure>\n\n<p>Ar Barefoot bezkarkasa segliem \u0161\u0101du probl\u0113mu nav. Vi\u0146us iesp\u0113jams \u0113rti piel\u0101got vienam zirgam &#8212; vai ar\u012b vienus un tos pa\u0161us seglus izmantot 10 da\u017e\u0101diem zirgiem. Nek\u0101du probl\u0113mu! Tas ir vienk\u0101r\u0161i, parasti pietiek nomain\u012bt seglu priek\u0161\u0113jo loku. Kad tas nepal\u012bdz, var piel\u0101got seglus ar atbilsto\u0161u paliktni. Ja Jums pieder zirgam atbilsto\u0161i Barefoot bezkarkasa segli, tad vajadz\u012bbas p\u0113c citiem vienk\u0101r\u0161i neb\u016bs! <\/p>\n\n<p>L\u016bdzu, apskatiet m\u016bsu <a href=\"https:\/\/www.barefoot-baltics.ee\/lv\/\">veikalu<\/a>, kura segli jums var\u0113tu b\u016bt ide\u0101li piem\u0113roti, un, l\u016bdzu, <mark>sazinieties<\/mark> ir k\u0101di jaut\u0101jumi.<\/p>\n","protected":false},"excerpt":{"rendered":"<p>&#8220;Bezkarkasa segli&#8221; ir j\u0113dziens, par kuru ir dzird\u0113ju\u0161i daudzi Latvijas, Igaunijas un Lietuvas j\u0101tnieki, tom\u0113r cik daudz ir cilv\u0113ku, kas tos ir izm\u0113\u0123in\u0101ju\u0161i? P\u0113d\u0113jo 20 gadu laik\u0101 uz\u0146\u0113mums &#8220;Barefoot&#8221; un v\u0101cu izcelsmes zirgu fizioterapeite Sabine Ullmann ir p\u0101rc\u0113lu\u0161i bezkarkasa seglus pavisam jaun\u0101 l\u012bmen\u012b, un m\u0113s esam p\u0101rliecin\u0101ti, ka Barefoot bezkarkasa segli ir lab\u0101k piem\u0113roti gan [&hellip;]<\/p>\n","protected":false},"author":1,"featured_media":0,"parent":0,"menu_order":0,"comment_status":"closed","ping_status":"closed","template":"","meta":{"footnotes":""},"class_list":["post-4958","page","type-page","status-publish","hentry"],"_links":{"self":[{"href":"https:\/\/www.barefoot-baltics.ee\/lv\/wp-json\/wp\/v2\/pages\/4958","targetHints":{"allow":["GET"]}}],"collection":[{"href":"https:\/\/www.barefoot-baltics.ee\/lv\/wp-json\/wp\/v2\/pages"}],"about":[{"href":"https:\/\/www.barefoot-baltics.ee\/lv\/wp-json\/wp\/v2\/types\/page"}],"author":[{"embeddable":true,"href":"https:\/\/www.barefoot-baltics.ee\/lv\/wp-json\/wp\/v2\/users\/1"}],"replies":[{"embeddable":true,"href":"https:\/\/www.barefoot-baltics.ee\/lv\/wp-json\/wp\/v2\/comments?post=4958"}],"version-history":[{"count":6,"href":"https:\/\/www.barefoot-baltics.ee\/lv\/wp-json\/wp\/v2\/pages\/4958\/revisions"}],"predecessor-version":[{"id":9134,"href":"https:\/\/www.barefoot-baltics.ee\/lv\/wp-json\/wp\/v2\/pages\/4958\/revisions\/9134"}],"wp:attachment":[{"href":"https:\/\/www.barefoot-baltics.ee\/lv\/wp-json\/wp\/v2\/media?parent=4958"}],"curies":[{"name":"wp","href":"https:\/\/api.w.org\/{rel}","templated":true}]}}