{"id":9665,"date":"2022-11-27T21:02:48","date_gmt":"2022-11-27T19:02:48","guid":{"rendered":"https:\/\/www.barefoot-baltics.ee\/?post_type=product&#038;p=9665"},"modified":"2023-07-28T19:57:09","modified_gmt":"2023-07-28T16:57:09","slug":"universalus-balnas-barideilis-pro","status":"publish","type":"product","link":"https:\/\/www.barefoot-baltics.ee\/lt\/produktas\/universalus-balnas-barideilis-pro\/","title":{"rendered":"Universalus balnas \u201cBarideilis PRO\u201d"},"content":{"rendered":"<p>Barefoot\u00ae PRO \u2013 dar patogesnis balnas! Naujoji PRO s\u0117dyn\u0117 leid\u017eia vairuotojui s\u0117d\u0117ti siauresne, sta\u010diau ir klubams palankesn\u0117je pozoje.<\/p>\n<p>Barefoot \u201cBarideilis\u201d yra universalus, anatomi\u0161kai pritaikytas, mink\u0161tos odos hobis balnas. jame yra \u012f nuimam\u0105 balno s\u0117dyn\u0119 \u012fmontuoti keli\u0173 blokeliai, kurie \u201e\u012fr\u0117mina\u201d raitel\u012f. \u201cBarideilis\u201d u\u017etikrina gili\u0105, saugi\u0105 s\u0117d\u0117sen\u0105 nepaisant to ar j\u016bs tiesiog i\u0161jojate \u012f gamt\u0105, ar jojate dail\u0173j\u012f jojim\u0105 manie\u017ee.<\/p>\n<p>Jis taip pat yra labai populiarus tarp i\u0161tverm\u0119 jojan\u010di\u0173 raiteli\u0173, padeda i\u0161laikyti raitelio kojas teisingoje pad\u0117tyje ir apsaugo \u017eirgo nugar\u0105, nesukeldamas spaudimo, tai didelis privalumas ilguose \u017eygiuose. Kilpdir\u017eiai gali b\u016bti perkelti kur norite, atsi\u017evelgiant \u012f j\u016bs\u0173 norim\u0105 s\u0117d\u0117jimo pozicij\u0105 ir fig\u016br\u0105. Balnas turi lanks\u010di\u0105, V\u2013 formos pavar\u017eos u\u017ever\u017eimo sistem\u0105, ir jis puikiai tinka, jei kyla problem\u0173 priver\u017eiant baln\u0105. Kaip ir visi Barefoot balnai, \u201cBarideilis\u201d guli truput\u012f toliau ant \u017eirgo nugaros nei tradicinis balnas, taip \u012fsodindamas raitel\u012f tiesiai vir\u0161 \u017eirgo svorio centro. Tai leid\u017eia \u017eirgui lengviau subalansuoti j\u016bs\u0173 svor\u012f.<\/p>\n<p>Su \u0161iuo universaliu balnu j\u016bs pajausite savo \u017eirgo raumen\u0173 darb\u0105 ir nugaros judesius, kurie yra pagrindiniai reikalavimai jojimo geb\u0117jim\u0173 vystymui. 9 D formos \u017eiedai privirtinti jojimo g\u016bniai arba krep\u0161iams prisegti. Kaip ir visuose Barefoot balnuose, balno lankelis (\u012f komplektacij\u0105 \u012feina vidutinio dyd\u017eio lankelis) gali b\u016bti pakeistas.<\/p>\n<p>Pagrindin\u0117s funkcijos:<\/p>\n<ul>\n<li>Lankstus visomis kryptimis<\/li>\n<li>VPS sistema<\/li>\n<li>Nespaud\u017eia nugaros, tod\u0117l vir\u0161utin\u0117 linija gali gerai vystytis<\/li>\n<li>Perkeliamos kilp\u0173 sagtys<\/li>\n<li>Lankst\u016bs V formos pavar\u017eos dir\u017eai<\/li>\n<li>Dideli, anatomi\u0161kai pritaikyti keli\u0173 blokeliai<\/li>\n<li>Svoris apie 6 kg<\/li>\n<\/ul>\n<p>Visi\u0161kai juodos spalvos modelis pagamintas i\u0161 dar mink\u0161tesn\u0117s odos nei kiti.<\/p>\n","protected":false},"excerpt":{"rendered":"<ul>\n<li>Anatominiai keli\u0173 blokeliai<\/li>\n<li>Su nauja PRO s\u0117dyne<\/li>\n<li>Balnas, \u012fr\u0117minantis raitel\u012f<\/li>\n<li>Gili ir saugi s\u0117dyn\u0117<\/li>\n<li>Tinka ilgoms distancijoms<\/li>\n<\/ul>\n","protected":false},"featured_media":9730,"template":"","meta":[],"product_brand":[],"product_cat":[1844],"product_tag":[1891,2409,1908],"class_list":{"0":"post-9665","1":"product","2":"type-product","3":"status-publish","4":"has-post-thumbnail","6":"product_cat-beremiai-balnai","7":"product_tag-oda","8":"product_tag-pro-lt","9":"product_tag-universalus-lt","10":"product_shipping_class-kurjeriu-pristatymas","11":"pa_size-1-lt","12":"pa_size-2-lt","14":"first","15":"onbackorder","16":"shipping-taxable","17":"purchasable","18":"product-type-variable"},"_links":{"self":[{"href":"https:\/\/www.barefoot-baltics.ee\/lt\/wp-json\/wp\/v2\/product\/9665","targetHints":{"allow":["GET"]}}],"collection":[{"href":"https:\/\/www.barefoot-baltics.ee\/lt\/wp-json\/wp\/v2\/product"}],"about":[{"href":"https:\/\/www.barefoot-baltics.ee\/lt\/wp-json\/wp\/v2\/types\/product"}],"wp:featuredmedia":[{"embeddable":true,"href":"https:\/\/www.barefoot-baltics.ee\/lt\/wp-json\/wp\/v2\/media\/9730"}],"wp:attachment":[{"href":"https:\/\/www.barefoot-baltics.ee\/lt\/wp-json\/wp\/v2\/media?parent=9665"}],"wp:term":[{"taxonomy":"product_brand","embeddable":true,"href":"https:\/\/www.barefoot-baltics.ee\/lt\/wp-json\/wp\/v2\/product_brand?post=9665"},{"taxonomy":"product_cat","embeddable":true,"href":"https:\/\/www.barefoot-baltics.ee\/lt\/wp-json\/wp\/v2\/product_cat?post=9665"},{"taxonomy":"product_tag","embeddable":true,"href":"https:\/\/www.barefoot-baltics.ee\/lt\/wp-json\/wp\/v2\/product_tag?post=9665"}],"curies":[{"name":"wp","href":"https:\/\/api.w.org\/{rel}","templated":true}]}}